{"id":199,"date":"2021-09-13T09:37:44","date_gmt":"2021-09-13T09:37:44","guid":{"rendered":"https:\/\/staging.rainforestfoundationuk.org\/?page_id=199"},"modified":"2024-04-16T09:48:41","modified_gmt":"2024-04-16T09:48:41","slug":"conservacion-y-derechos-humanos","status":"publish","type":"page","link":"https:\/\/staging.rainforestfoundationuk.org\/es\/investigacion-orientada-a-la-accion\/conservacion-y-derechos-humanos\/","title":{"rendered":"Conservaci\u00f3n y derechos humanos"},"content":{"rendered":"<h2>EL TEMA<\/h2>\r\n<p>Forests and biodiversity are dwindling at shocking rates and the world is failing at stemming the tide. The way we do and think about &#8216;conservation&#8217; is to blame and needs a radical shift. Mainstream, western-led conservation efforts centre on creating &#8216;protected areas&#8217;, which in much of the Global South involves pushing indigenous and local communities off their ancestral lands and criminalising their traditional way of life. This is causing them long-lasting harm, from food insecurity and land conflict to the erosion of their cultural identity. They also face severe human rights abuses at the hands of heavily armed, aid-funded park rangers tasked with enforcing park boundaries.\u00a0\u00a0<\/p>\r\n<p>El enfoque tradicional de \"conservaci\u00f3n en fortalezas\" de Occidente se basa en la peligrosa pero persistente idea de que hay que separar a la poblaci\u00f3n local de la naturaleza para mantenerla \"pr\u00edstina\" (a veces en beneficio de turistas extranjeros). Esto no s\u00f3lo provoca violaciones de los derechos humanos, sino que adem\u00e1s es ineficaz, ya que ignora y aliena a las mismas personas que han modelado y administrado esos paisajes durante milenios. \u00a0<\/p>\r\n<p>&nbsp;<\/p>\r\n<p><iframe loading=\"lazy\" title=\"\u00c1reas protegidas en la cuenca del Congo: \u00bfUn fracaso para la poblaci\u00f3n y la biodiversidad?\" src=\"https:\/\/www.youtube.com\/embed\/5HHoSLEVoQk?feature=oembed\" width=\"1200\" height=\"675\" frameborder=\"0\" allowfullscreen=\"allowfullscreen\"><\/iframe> <img decoding=\"async\" title=\"8e3cd43d-b052-455d-aaa9-23a4b55cd439\" src=\"https:\/\/staging.rainforestfoundationuk.org\/wp-content\/uploads\/2022\/04\/8e3cd43d-b052-455d-aaa9-23a4b55cd439.jpg\" alt=\"8e3cd43d-b052-455d-aaa9-23a4b55cd439\" \/><\/p>\r\n<h2>Nuestra posici\u00f3n<\/h2>\r\n<p>La mejor forma de conservar los bosques es proteger los derechos de quienes viven en ellos y dependen de ellos. Esta opini\u00f3n est\u00e1 respaldada por un creciente n\u00famero de pruebas cient\u00edficas que demuestran que los pueblos ind\u00edgenas y las comunidades locales protegen mejor que los gobiernos contra la deforestaci\u00f3n y la p\u00e9rdida de biodiversidad, y lo hacen de forma mucho m\u00e1s rentable. \u00a0<\/p>\r\n<p>El camino a seguir requiere un nuevo modelo de conservaci\u00f3n que sit\u00fae a estas personas en el centro de atenci\u00f3n. Esto significa ofrecer reparaci\u00f3n por los da\u00f1os infligidos en nombre de la protecci\u00f3n de la naturaleza y fuertes medidas de protecci\u00f3n y supervisi\u00f3n para evitar futuros abusos. Las \u00e1reas protegidas excluyentes gestionadas por el Estado deben pasar a la historia y ser sustituidas por enfoques basados en los derechos y dirigidos por la comunidad, basados en el pleno reconocimiento de los derechos de las comunidades forestales a las tierras y los recursos, su derecho a la autodeterminaci\u00f3n y sus conocimientos tradicionales. \u00a0<\/p>\r\n<h2>Qu\u00e9 estamos haciendo<\/h2>\r\n<ul>\r\n<li class=\"translation-block\">Trabajando codo con codo con nuestros socios locales, documentamos y denunciamos los da\u00f1os que sufren las comunidades que viven en torno a las \u00e1reas protegidas de la cuenca del Congo. Nuestras <a href=\"https:\/\/staging.rainforestfoundationuk.org\/es\/publicaciones\/severe-human-rights-abuses-reported-in-and-around-salonga-national-park\/\" target=\"_self\">investigaciones en torno al Parque Nacional de Salonga<\/a>, en la RDC, condujeron a la <a href=\"https:\/\/staging.rainforestfoundationuk.org\/es\/gran-salto-en-la-lucha-contra-la-impunidad-de-los-abusos-relacionados-con-la-conservacion-en-la-rdc-al-ser-condenados-guardaparques-por-violacion-y-tortura\/\" target=\"_self\">primera condena de guardas de este tipo<\/a> en la RDC y desencadenaron una oleada de reformas mundiales en el modo en que se financia la conservaci\u00f3n de la biodiversidad.<\/li>\r\n<\/ul>\r\n<ul>\r\n<li>Hacemos que las ONG conservacionistas, los gobiernos nacionales y los donantes internacionales rindan cuentas de sus fallos, ayudamos a las v\u00edctimas a obtener reparaci\u00f3n y abogamos por reformas que impidan futuros abusos.<\/li>\r\n<\/ul>\r\n<ul>\r\n<li>Sobre el terreno, ayudamos a dar voz a las comunidades en la gesti\u00f3n de \u00e1reas protegidas, como en el Parque Nacional de Lomami, en la RDC. Tambi\u00e9n nos esforzamos por encontrar y apoyar soluciones de conservaci\u00f3n alternativas que se basen realmente en los derechos y est\u00e9n impulsadas por la comunidad.<\/li>\r\n<\/ul>\r\n<p><a role=\"button\" href=\"http:\/\/rainforestparksandpeople.org\/\" target=\"_self\" rel=\"noopener\"> Explorar la base de datos de Parques y Personas <\/a> <img decoding=\"async\" title=\"cop-26\" src=\"https:\/\/staging.rainforestfoundationuk.org\/wp-content\/uploads\/2021\/10\/cop-26.jpg\" alt=\"cop-26\" \/><\/p>\r\n<h2>\u00daltimas noticias<\/h2>\r\n<p><a href=\"https:\/\/staging.rainforestfoundationuk.org\/es\/el-nuevo-marco-mundial-para-la-biodiversidad-una-oportunidad-perdida-para-impulsar-una-nueva-era-de-conservacion\/\" target=\"_self\" rel=\"noopener\"> <img loading=\"lazy\" decoding=\"async\" title=\"52549883174_b57fd71650_c\" src=\"https:\/\/staging.rainforestfoundationuk.org\/wp-content\/uploads\/bb-plugin\/cache\/52549883174_b57fd71650_c-1024x685-panorama.webp\" alt=\"52549883174_b57fd71650_c\" width=\"1024\" height=\"685\" data-no-lazy=\"1\" \/> <\/a><\/p>\r\n<h3><a title=\"Nuevo Marco Global para la Biodiversidad: una oportunidad perdida para impulsar una nueva era de conservaci\u00f3n\" href=\"https:\/\/staging.rainforestfoundationuk.org\/es\/el-nuevo-marco-mundial-para-la-biodiversidad-una-oportunidad-perdida-para-impulsar-una-nueva-era-de-conservacion\/\"> Nuevo Marco Global para la Biodiversidad: una oportunidad perdida para impulsar una nueva era de conservaci\u00f3n <\/a><\/h3>\r\n<p><a href=\"https:\/\/staging.rainforestfoundationuk.org\/es\/las-ong-advierten-de-que-el-plan-30x30-devastara-la-vida-de-los-indigenas-en-visperas-de-la-cop15\/\" target=\"_self\" rel=\"noopener\"> <img loading=\"lazy\" decoding=\"async\" title=\"10-dsc00009_article_column@2x\" src=\"https:\/\/staging.rainforestfoundationuk.org\/wp-content\/uploads\/bb-plugin\/cache\/10-dsc00009_article_column@2x-1024x650-panorama.jpg\" alt=\"Estos hombres de Khadia fueron expulsados de sus tierras tras convertirlas en zona protegida. Vivieron durante meses bajo l\u00e1minas de pl\u00e1stico. Millones m\u00e1s se enfrentan a este destino si el plan 30% sigue adelante. \u00a9 Survival\" width=\"1024\" height=\"650\" data-no-lazy=\"1\" \/> <\/a><\/p>\r\n<h3><a title=\"Las ONG advierten de que el plan 30\u00d730 podr\u00eda &quot;devastar la vida de los ind\u00edgenas&quot; en v\u00edsperas de la COP15\" href=\"https:\/\/staging.rainforestfoundationuk.org\/es\/las-ong-advierten-de-que-el-plan-30x30-devastara-la-vida-de-los-indigenas-en-visperas-de-la-cop15\/\"> Las ONG advierten de que el plan 30\u00d730 podr\u00eda \"devastar la vida de los ind\u00edgenas\" en v\u00edsperas de la COP15 <\/a><\/h3>\r\n<p><a href=\"https:\/\/staging.rainforestfoundationuk.org\/es\/la-promesa-de-conservacion-30x30-no-esta-respaldada-por-la-ciencia-advierten-grupos-de-derechos-humanos\/\" target=\"_self\" rel=\"noopener\"> <img loading=\"lazy\" decoding=\"async\" title=\"www.rainforestfoundationuk\" src=\"https:\/\/staging.rainforestfoundationuk.org\/wp-content\/uploads\/bb-plugin\/cache\/www.rainforestfoundationuk-1024x576-panorama.webp\" alt=\"www.rainforestfoundationuk\" width=\"1024\" height=\"576\" data-no-lazy=\"1\" \/> <\/a><\/p>\r\n<h3><a title=\"\u201cThe 30\u00d730 conservation pledge isn't backed by science\u201d \u2013 warn human rights groups\" href=\"https:\/\/staging.rainforestfoundationuk.org\/es\/la-promesa-de-conservacion-30x30-no-esta-respaldada-por-la-ciencia-advierten-grupos-de-derechos-humanos\/\"> \u201cThe 30\u00d730 conservation pledge isn&#8217;t backed by science\u201d \u2013 warn human rights groups <\/a><\/h3>\r\n<p><a href=\"https:\/\/staging.rainforestfoundationuk.org\/es\/sobre-las-areas-protegidas-y-los-derechos-de-los-pueblos-indigenas-una-presentacion-al-relator-especial-de-la-onu\/\" target=\"_self\" rel=\"noopener\"> <img loading=\"lazy\" decoding=\"async\" title=\"45167085-619d-4a14-a6c8-daa6e4ae9f9c\" src=\"https:\/\/staging.rainforestfoundationuk.org\/wp-content\/uploads\/bb-plugin\/cache\/45167085-619d-4a14-a6c8-daa6e4ae9f9c-panorama.jpg\" alt=\"45167085-619d-4a14-a6c8-daa6e4ae9f9c\" width=\"971\" height=\"546\" data-no-lazy=\"1\" \/> <\/a><\/p>\r\n<h3><a title=\"On Protected Areas and Indigenous Peoples' Rights: A submission to the UN Special Rapporteur\" href=\"https:\/\/staging.rainforestfoundationuk.org\/es\/sobre-las-areas-protegidas-y-los-derechos-de-los-pueblos-indigenas-una-presentacion-al-relator-especial-de-la-onu\/\"> On Protected Areas and Indigenous Peoples&#8217; Rights: A submission to the UN Special Rapporteur <\/a><\/h3>\r\n<!-- .pp-content-posts -->\r\n<p><a href=\"https:\/\/staging.rainforestfoundationuk.org\/es\/noticias\/\">M\u00e1s noticias...<\/a><\/p>\r\n<h2>Publicaciones destacadas<\/h2>\r\n<p><img loading=\"lazy\" decoding=\"async\" src=\"https:\/\/staging.rainforestfoundationuk.org\/wp-content\/uploads\/2023\/01\/30x30_The-Good-the-Bad-and-What-needs-to-happen-next_EN-pdf-212x300.jpg\" sizes=\"auto, (max-width: 212px) 100vw, 212px\" srcset=\"https:\/\/staging.rainforestfoundationuk.org\/wp-content\/uploads\/2023\/01\/30x30_The-Good-the-Bad-and-What-needs-to-happen-next_EN-pdf-212x300.jpg 212w, https:\/\/staging.rainforestfoundationuk.org\/wp-content\/uploads\/2023\/01\/30x30_The-Good-the-Bad-and-What-needs-to-happen-next_EN-pdf-724x1024.jpg 724w, https:\/\/staging.rainforestfoundationuk.org\/wp-content\/uploads\/2023\/01\/30x30_The-Good-the-Bad-and-What-needs-to-happen-next_EN-pdf-768x1087.jpg 768w, https:\/\/staging.rainforestfoundationuk.org\/wp-content\/uploads\/2023\/01\/30x30_The-Good-the-Bad-and-What-needs-to-happen-next_EN-pdf-8x12.jpg 8w, https:\/\/staging.rainforestfoundationuk.org\/wp-content\/uploads\/2023\/01\/30x30_The-Good-the-Bad-and-What-needs-to-happen-next_EN-pdf.jpg 1058w\" alt=\"thumbnail of 30x30_Lo bueno, lo malo y lo que tiene que pasar ahora_ES\" width=\"212\" height=\"300\" \/><\/p>\r\n<h3>30\u00d730: Lo bueno, lo malo y lo que debe ocurrir a continuaci\u00f3n....<\/h3>\r\n<p class=\"translation-block\"><a href=\"https:\/\/staging.rainforestfoundationuk.org\/wp-content\/uploads\/2021\/10\/Mapping-the-future.pdf\" target=\"_blank\">View online<\/a>\r\n    \r\n    <a href=\"https:\/\/staging.rainforestfoundationuk.org\/wp-content\/uploads\/2021\/10\/Mapping-the-future.pdf\" download=\"\" target=\"_self\">Download PDF<\/a><\/p>\r\n<h3>Objetivo de \"proteger\" 30% de la Tierra para 2030: \u00bfuna cat\u00e1strofe para las personas y un mal para el planeta?<\/h3>\r\n<p class=\"translation-block\"><a href=\"https:\/\/staging.rainforestfoundationuk.org\/wp-content\/uploads\/2021\/10\/Mapping-the-future.pdf\" target=\"_blank\">View online<\/a>\r\n    \r\n    <a href=\"https:\/\/staging.rainforestfoundationuk.org\/wp-content\/uploads\/2021\/10\/Mapping-the-future.pdf\" download=\"\" target=\"_self\">Download PDF<\/a><\/p>\r\n<h3>\u00c1reas protegidas y derechos ind\u00edgenas: Una presentaci\u00f3n al Relator Especial de la ONU<\/h3>\r\n<p class=\"translation-block\"><a href=\"https:\/\/staging.rainforestfoundationuk.org\/wp-content\/uploads\/2021\/10\/Mapping-the-future.pdf\" target=\"_blank\">View online<\/a>\r\n    \r\n    <a href=\"https:\/\/staging.rainforestfoundationuk.org\/wp-content\/uploads\/2021\/10\/Mapping-the-future.pdf\" download=\"\" target=\"_self\">Download PDF<\/a><\/p>\r\n<h3>Severe Human Rights Abuses Reported in and around Salonga National Park<\/h3>\r\n<p class=\"translation-block\"><a href=\"https:\/\/staging.rainforestfoundationuk.org\/wp-content\/uploads\/2021\/10\/Mapping-the-future.pdf\" target=\"_blank\">View online<\/a>\r\n    \r\n    <a href=\"https:\/\/staging.rainforestfoundationuk.org\/wp-content\/uploads\/2021\/10\/Mapping-the-future.pdf\" download=\"\" target=\"_self\">Download PDF<\/a><\/p>\r\n<!-- .pp-content-posts -->\r\n<p><a href=\"https:\/\/staging.rainforestfoundationuk.org\/es\/noticias\/\">M\u00e1s publicaciones...<\/a><\/p>","protected":false},"excerpt":{"rendered":"<p>El enfoque tradicional de \"conservaci\u00f3n en fortalezas\" de Occidente se basa en la peligrosa pero persistente idea de que hay que separar a la poblaci\u00f3n local de la naturaleza para mantenerla \"pr\u00edstina\" (a veces en beneficio de turistas extranjeros). Esto no s\u00f3lo provoca violaciones de los derechos humanos, sino que adem\u00e1s es ineficaz, ya que ignora y aliena a las mismas personas que han modelado y administrado esos paisajes durante milenios.  <\/p>","protected":false},"author":2,"featured_media":1247,"parent":197,"menu_order":0,"comment_status":"closed","ping_status":"closed","template":"","meta":{"_acf_changed":false,"footnotes":""},"class_list":{"0":"post-199","1":"page","2":"type-page","3":"status-publish","4":"has-post-thumbnail","6":"no-featured-image-padding"},"acf":[],"yoast_head":"<!-- This site is optimized with the Yoast SEO plugin v27.4 - https:\/\/yoast.com\/product\/yoast-seo-wordpress\/ -->\n<title>Conservation &amp; Human Rights - Staging Rainforest Foundation UK<\/title>\n<meta name=\"robots\" content=\"noindex, follow, max-snippet:-1, max-image-preview:large, max-video-preview:-1\" \/>\n<meta property=\"og:locale\" content=\"es_ES\" \/>\n<meta property=\"og:type\" content=\"article\" \/>\n<meta property=\"og:title\" content=\"Conservation &amp; Human Rights - Staging Rainforest Foundation UK\" \/>\n<meta property=\"og:description\" content=\"The traditional \u2018fortress conservation\u2019 approach of the west is premised on the dangerous yet persistent idea that local people need to be separated from nature to keep it \u201cpristine\u201d (sometimes for the benefit of foreign tourists). This does not only drive human rights violations but is also ineffective as it ignores and alienates the very people who have shaped and stewarded those landscapes for millennia.\" \/>\n<meta property=\"og:url\" content=\"https:\/\/staging.rainforestfoundationuk.org\/es\/investigacion-orientada-a-la-accion\/conservacion-y-derechos-humanos\/\" \/>\n<meta property=\"og:site_name\" content=\"Staging Rainforest Foundation UK\" \/>\n<meta property=\"article:publisher\" content=\"https:\/\/www.facebook.com\/rainforestfoundationuk\" \/>\n<meta property=\"article:modified_time\" content=\"2024-04-16T09:48:41+00:00\" \/>\n<meta property=\"og:image\" content=\"https:\/\/staging.rainforestfoundationuk.org\/wp-content\/uploads\/2021\/10\/sustainable-conservation.jpg\" \/>\n\t<meta property=\"og:image:width\" content=\"613\" \/>\n\t<meta property=\"og:image:height\" content=\"400\" \/>\n\t<meta property=\"og:image:type\" content=\"image\/jpeg\" \/>\n<meta name=\"twitter:card\" content=\"summary_large_image\" \/>\n<meta name=\"twitter:site\" content=\"@RFUK\" \/>\n<meta name=\"twitter:label1\" content=\"Est. reading time\" \/>\n\t<meta name=\"twitter:data1\" content=\"5 minutos\" \/>\n<script type=\"application\/ld+json\" class=\"yoast-schema-graph\">{\"@context\":\"https:\\\/\\\/schema.org\",\"@graph\":[{\"@type\":\"WebPage\",\"@id\":\"https:\\\/\\\/staging.rainforestfoundationuk.org\\\/research-led-action\\\/conservation-and-human-rights\\\/\",\"url\":\"https:\\\/\\\/staging.rainforestfoundationuk.org\\\/research-led-action\\\/conservation-and-human-rights\\\/\",\"name\":\"Conservation & Human Rights - Staging Rainforest Foundation UK\",\"isPartOf\":{\"@id\":\"https:\\\/\\\/staging.rainforestfoundationuk.org\\\/#website\"},\"primaryImageOfPage\":{\"@id\":\"https:\\\/\\\/staging.rainforestfoundationuk.org\\\/research-led-action\\\/conservation-and-human-rights\\\/#primaryimage\"},\"image\":{\"@id\":\"https:\\\/\\\/staging.rainforestfoundationuk.org\\\/research-led-action\\\/conservation-and-human-rights\\\/#primaryimage\"},\"thumbnailUrl\":\"https:\\\/\\\/staging.rainforestfoundationuk.org\\\/wp-content\\\/uploads\\\/2021\\\/10\\\/sustainable-conservation.jpg\",\"datePublished\":\"2021-09-13T09:37:44+00:00\",\"dateModified\":\"2024-04-16T09:48:41+00:00\",\"breadcrumb\":{\"@id\":\"https:\\\/\\\/staging.rainforestfoundationuk.org\\\/research-led-action\\\/conservation-and-human-rights\\\/#breadcrumb\"},\"inLanguage\":\"es-PE\",\"potentialAction\":[{\"@type\":\"ReadAction\",\"target\":[\"https:\\\/\\\/staging.rainforestfoundationuk.org\\\/research-led-action\\\/conservation-and-human-rights\\\/\"]}]},{\"@type\":\"ImageObject\",\"inLanguage\":\"es-PE\",\"@id\":\"https:\\\/\\\/staging.rainforestfoundationuk.org\\\/research-led-action\\\/conservation-and-human-rights\\\/#primaryimage\",\"url\":\"https:\\\/\\\/staging.rainforestfoundationuk.org\\\/wp-content\\\/uploads\\\/2021\\\/10\\\/sustainable-conservation.jpg\",\"contentUrl\":\"https:\\\/\\\/staging.rainforestfoundationuk.org\\\/wp-content\\\/uploads\\\/2021\\\/10\\\/sustainable-conservation.jpg\",\"width\":613,\"height\":400},{\"@type\":\"BreadcrumbList\",\"@id\":\"https:\\\/\\\/staging.rainforestfoundationuk.org\\\/research-led-action\\\/conservation-and-human-rights\\\/#breadcrumb\",\"itemListElement\":[{\"@type\":\"ListItem\",\"position\":1,\"name\":\"Home\",\"item\":\"https:\\\/\\\/staging.rainforestfoundationuk.org\\\/\"},{\"@type\":\"ListItem\",\"position\":2,\"name\":\"Research-led Action\",\"item\":\"https:\\\/\\\/staging.rainforestfoundationuk.org\\\/es\\\/investigacion-orientada-a-la-accion\\\/\"},{\"@type\":\"ListItem\",\"position\":3,\"name\":\"Conservation &#038; Human Rights\"}]},{\"@type\":\"WebSite\",\"@id\":\"https:\\\/\\\/staging.rainforestfoundationuk.org\\\/#website\",\"url\":\"https:\\\/\\\/staging.rainforestfoundationuk.org\\\/\",\"name\":\"Rainforest Foundation UK\",\"description\":\"Securing lands, sustaining lives\",\"publisher\":{\"@id\":\"https:\\\/\\\/staging.rainforestfoundationuk.org\\\/#organization\"},\"potentialAction\":[{\"@type\":\"SearchAction\",\"target\":{\"@type\":\"EntryPoint\",\"urlTemplate\":\"https:\\\/\\\/staging.rainforestfoundationuk.org\\\/?s={search_term_string}\"},\"query-input\":{\"@type\":\"PropertyValueSpecification\",\"valueRequired\":true,\"valueName\":\"search_term_string\"}}],\"inLanguage\":\"es-PE\"},{\"@type\":\"Organization\",\"@id\":\"https:\\\/\\\/staging.rainforestfoundationuk.org\\\/#organization\",\"name\":\"Rainforest Foundation UK\",\"url\":\"https:\\\/\\\/staging.rainforestfoundationuk.org\\\/\",\"logo\":{\"@type\":\"ImageObject\",\"inLanguage\":\"es-PE\",\"@id\":\"https:\\\/\\\/staging.rainforestfoundationuk.org\\\/#\\\/schema\\\/logo\\\/image\\\/\",\"url\":\"https:\\\/\\\/staging.rainforestfoundationuk.org\\\/wp-content\\\/uploads\\\/2023\\\/08\\\/RFUK-logo-black.svg\",\"contentUrl\":\"https:\\\/\\\/staging.rainforestfoundationuk.org\\\/wp-content\\\/uploads\\\/2023\\\/08\\\/RFUK-logo-black.svg\",\"width\":1278,\"height\":332,\"caption\":\"Rainforest Foundation UK\"},\"image\":{\"@id\":\"https:\\\/\\\/staging.rainforestfoundationuk.org\\\/#\\\/schema\\\/logo\\\/image\\\/\"},\"sameAs\":[\"https:\\\/\\\/www.facebook.com\\\/rainforestfoundationuk\",\"https:\\\/\\\/x.com\\\/RFUK\",\"https:\\\/\\\/www.instagram.com\\\/rainforestfoundationuk\\\/\",\"https:\\\/\\\/www.youtube.com\\\/user\\\/theRFUK\"]}]}<\/script>\n<!-- \/ Yoast SEO plugin. -->","yoast_head_json":{"title":"Conservation & Human Rights - Staging Rainforest Foundation UK","robots":{"index":"noindex","follow":"follow","max-snippet":"max-snippet:-1","max-image-preview":"max-image-preview:large","max-video-preview":"max-video-preview:-1"},"og_locale":"es_ES","og_type":"article","og_title":"Conservation & Human Rights - Staging Rainforest Foundation UK","og_description":"The traditional \u2018fortress conservation\u2019 approach of the west is premised on the dangerous yet persistent idea that local people need to be separated from nature to keep it \u201cpristine\u201d (sometimes for the benefit of foreign tourists). This does not only drive human rights violations but is also ineffective as it ignores and alienates the very people who have shaped and stewarded those landscapes for millennia.","og_url":"https:\/\/staging.rainforestfoundationuk.org\/es\/investigacion-orientada-a-la-accion\/conservacion-y-derechos-humanos\/","og_site_name":"Staging Rainforest Foundation UK","article_publisher":"https:\/\/www.facebook.com\/rainforestfoundationuk","article_modified_time":"2024-04-16T09:48:41+00:00","og_image":[{"width":613,"height":400,"url":"https:\/\/staging.rainforestfoundationuk.org\/wp-content\/uploads\/2021\/10\/sustainable-conservation.jpg","type":"image\/jpeg"}],"twitter_card":"summary_large_image","twitter_site":"@RFUK","twitter_misc":{"Est. reading time":"5 minutos"},"schema":{"@context":"https:\/\/schema.org","@graph":[{"@type":"WebPage","@id":"https:\/\/staging.rainforestfoundationuk.org\/research-led-action\/conservation-and-human-rights\/","url":"https:\/\/staging.rainforestfoundationuk.org\/research-led-action\/conservation-and-human-rights\/","name":"Conservation & Human Rights - Staging Rainforest Foundation UK","isPartOf":{"@id":"https:\/\/staging.rainforestfoundationuk.org\/#website"},"primaryImageOfPage":{"@id":"https:\/\/staging.rainforestfoundationuk.org\/research-led-action\/conservation-and-human-rights\/#primaryimage"},"image":{"@id":"https:\/\/staging.rainforestfoundationuk.org\/research-led-action\/conservation-and-human-rights\/#primaryimage"},"thumbnailUrl":"https:\/\/staging.rainforestfoundationuk.org\/wp-content\/uploads\/2021\/10\/sustainable-conservation.jpg","datePublished":"2021-09-13T09:37:44+00:00","dateModified":"2024-04-16T09:48:41+00:00","breadcrumb":{"@id":"https:\/\/staging.rainforestfoundationuk.org\/research-led-action\/conservation-and-human-rights\/#breadcrumb"},"inLanguage":"es-PE","potentialAction":[{"@type":"ReadAction","target":["https:\/\/staging.rainforestfoundationuk.org\/research-led-action\/conservation-and-human-rights\/"]}]},{"@type":"ImageObject","inLanguage":"es-PE","@id":"https:\/\/staging.rainforestfoundationuk.org\/research-led-action\/conservation-and-human-rights\/#primaryimage","url":"https:\/\/staging.rainforestfoundationuk.org\/wp-content\/uploads\/2021\/10\/sustainable-conservation.jpg","contentUrl":"https:\/\/staging.rainforestfoundationuk.org\/wp-content\/uploads\/2021\/10\/sustainable-conservation.jpg","width":613,"height":400},{"@type":"BreadcrumbList","@id":"https:\/\/staging.rainforestfoundationuk.org\/research-led-action\/conservation-and-human-rights\/#breadcrumb","itemListElement":[{"@type":"ListItem","position":1,"name":"Home","item":"https:\/\/staging.rainforestfoundationuk.org\/"},{"@type":"ListItem","position":2,"name":"Research-led Action","item":"https:\/\/staging.rainforestfoundationuk.org\/es\/investigacion-orientada-a-la-accion\/"},{"@type":"ListItem","position":3,"name":"Conservation &#038; Human Rights"}]},{"@type":"WebSite","@id":"https:\/\/staging.rainforestfoundationuk.org\/#website","url":"https:\/\/staging.rainforestfoundationuk.org\/","name":"Fundaci\u00f3n Rainforest del Reino Unido","description":"Proteger la tierra, preservar la vida","publisher":{"@id":"https:\/\/staging.rainforestfoundationuk.org\/#organization"},"potentialAction":[{"@type":"SearchAction","target":{"@type":"EntryPoint","urlTemplate":"https:\/\/staging.rainforestfoundationuk.org\/?s={search_term_string}"},"query-input":{"@type":"PropertyValueSpecification","valueRequired":true,"valueName":"search_term_string"}}],"inLanguage":"es-PE"},{"@type":"Organization","@id":"https:\/\/staging.rainforestfoundationuk.org\/#organization","name":"Fundaci\u00f3n Rainforest del Reino Unido","url":"https:\/\/staging.rainforestfoundationuk.org\/","logo":{"@type":"ImageObject","inLanguage":"es-PE","@id":"https:\/\/staging.rainforestfoundationuk.org\/#\/schema\/logo\/image\/","url":"https:\/\/staging.rainforestfoundationuk.org\/wp-content\/uploads\/2023\/08\/RFUK-logo-black.svg","contentUrl":"https:\/\/staging.rainforestfoundationuk.org\/wp-content\/uploads\/2023\/08\/RFUK-logo-black.svg","width":1278,"height":332,"caption":"Rainforest Foundation UK"},"image":{"@id":"https:\/\/staging.rainforestfoundationuk.org\/#\/schema\/logo\/image\/"},"sameAs":["https:\/\/www.facebook.com\/rainforestfoundationuk","https:\/\/x.com\/RFUK","https:\/\/www.instagram.com\/rainforestfoundationuk\/","https:\/\/www.youtube.com\/user\/theRFUK"]}]}},"_links":{"self":[{"href":"https:\/\/staging.rainforestfoundationuk.org\/es\/wp-json\/wp\/v2\/pages\/199","targetHints":{"allow":["GET"]}}],"collection":[{"href":"https:\/\/staging.rainforestfoundationuk.org\/es\/wp-json\/wp\/v2\/pages"}],"about":[{"href":"https:\/\/staging.rainforestfoundationuk.org\/es\/wp-json\/wp\/v2\/types\/page"}],"author":[{"embeddable":true,"href":"https:\/\/staging.rainforestfoundationuk.org\/es\/wp-json\/wp\/v2\/users\/2"}],"replies":[{"embeddable":true,"href":"https:\/\/staging.rainforestfoundationuk.org\/es\/wp-json\/wp\/v2\/comments?post=199"}],"version-history":[{"count":5,"href":"https:\/\/staging.rainforestfoundationuk.org\/es\/wp-json\/wp\/v2\/pages\/199\/revisions"}],"predecessor-version":[{"id":7875,"href":"https:\/\/staging.rainforestfoundationuk.org\/es\/wp-json\/wp\/v2\/pages\/199\/revisions\/7875"}],"up":[{"embeddable":true,"href":"https:\/\/staging.rainforestfoundationuk.org\/es\/wp-json\/wp\/v2\/pages\/197"}],"wp:featuredmedia":[{"embeddable":true,"href":"https:\/\/staging.rainforestfoundationuk.org\/es\/wp-json\/wp\/v2\/media\/1247"}],"wp:attachment":[{"href":"https:\/\/staging.rainforestfoundationuk.org\/es\/wp-json\/wp\/v2\/media?parent=199"}],"curies":[{"name":"wp","href":"https:\/\/api.w.org\/{rel}","templated":true}]}}