{"id":217,"date":"2021-09-13T09:40:30","date_gmt":"2021-09-13T09:40:30","guid":{"rendered":"https:\/\/staging.rainforestfoundationuk.org\/?page_id=217"},"modified":"2022-12-20T15:11:49","modified_gmt":"2022-12-20T15:11:49","slug":"dejar-un-legado","status":"publish","type":"page","link":"https:\/\/staging.rainforestfoundationuk.org\/es\/lo-que-puede-hacer\/apoyanos\/dejar-un-legado\/","title":{"rendered":"Dejar un legado"},"content":{"rendered":"<img decoding=\"async\" src=\"https:\/\/staging.rainforestfoundationuk.org\/wp-content\/uploads\/2021\/11\/1f2aa456-6421-4320-8879-f91afb3dbb24-1.jpg\" alt=\"1f2aa456-6421-4320-8879-f91afb3dbb24-1\" itemprop=\"image\" title=\"1f2aa456-6421-4320-8879-f91afb3dbb24-1\" onerror=\"this.style.display='none'\"  \/>\n\t<p><strong>Dejando una donaci\u00f3n en su testamento a la Rainforest Foundation UK puede garantizar que las selvas tropicales sigan protegi\u00e9ndose durante generaciones en el futuro, y que los medios de subsistencia de generaciones de pueblos de las selvas tropicales sigan manteni\u00e9ndose. <\/strong><\/p>\n<p>Record\u00e1ndonos en tu testamento nos ayudar\u00e1s a situar a las comunidades en el mapa y a crear pruebas de su existencia en el bosque, garantizando sus derechos y protegiendo su hogar forestal.<\/p>\n<table  data-tablesaw-minimap>\n\t\t\t<thead>\n\t\t<tr>\n\t\t\t<th id=\"pp-table-col-1\" scope=\"col\" data-tablesaw-sortable-col>\t\t\t\t\t\n\t\t\t\t\t\t\t\t\t\t\t\tUn regalo de\t\t\t\t\t\n\t\t\t\t\t<\/th><th id=\"pp-table-col-2\" scope=\"col\" data-tablesaw-sortable-col>\t\t\t\t\t\n\t\t\t\t\t\t\t\t\t\t\t\tadmite\t\t\t\t\t\n\t\t\t\t\t<\/th><th id=\"pp-table-col-3\" scope=\"col\" data-tablesaw-sortable-col>\t\t\t\t\t\n\t\t\t\t\t\t\t\t\t\t\t\tcubierta\t\t\t\t\t\n\t\t\t\t\t<\/th>\t\t<\/tr>\n\t<\/thead>\n\t\t<tbody>\n\t\t<tr><td>\u00a35000<\/td><td>15 comunidades<\/td><td>50.000 hect\u00e1reas de selva tropical<\/td><\/tr><tr><td>\u00a310,000<\/td><td>30 comunidades<\/td><td>100.000 hect\u00e1reas de selva tropical<\/td><\/tr><tr><td>\u00a350,000<\/td><td>150 comunidades<\/td><td>500.000 hect\u00e1reas de selva tropical<\/td><\/tr>\t<\/tbody>\n<\/table>\n\t<p>Haga su\u00a0<strong><u>gratis<\/u><\/strong>\u00a0Will for Good hoy con Bequeathed.<\/p>\n<p>Bequeathed le pondr\u00e1 en contacto con bufetes de abogados acreditados, que le dedicar\u00e1n hasta 30 minutos de su experiencia para ayudarle a redactar su testamento vital gratuito. Para la mayor\u00eda de las personas, eso es todo el tiempo que necesitan.<\/p>\n<p>Obtenga m\u00e1s informaci\u00f3n e inicie su viaje de legado con Bequeathed\u00a0<a href=\"https:\/\/www.bequeathed.org\/rfuk\">aqu\u00ed.<\/a><\/p>\n<p>Tambi\u00e9n puede ponerse en contacto con\u00a0<a href=\"mailto:legacy@rainforestuk.org\"><strong>legacy@rainforestuk.org<\/strong><\/a>\u00a0para m\u00e1s informaci\u00f3n.<\/p>\n\t\t\t\t<img decoding=\"async\" src=\"https:\/\/staging.rainforestfoundationuk.org\/wp-content\/uploads\/2021\/11\/f62c13de-9fcb-45a1-adc1-c7db9d3e4e4b-1-1.jpg\" alt=\"f62c13de-9fcb-45a1-adc1-c7db9d3e4e4b-1\" itemprop=\"image\" title=\"f62c13de-9fcb-45a1-adc1-c7db9d3e4e4b-1\" onerror=\"this.style.display='none'\"  \/>\n<h2>\n\t\tServicios de redacci\u00f3n de testamentos\n\t<\/h2>\n\t<p>Deje algo a todos sus seres queridos. Y ahorre dinero en su testamento con un profesional jur\u00eddico de confianza.<\/p>\n\t\t<h3>Asociaci\u00f3n de buena voluntad<\/h3>\t\t\n\t\t\t<p class=\"translation-block\">The Co-operative Legal Services ofrece un servicio de redacci\u00f3n de testamentos profesional, c\u00f3modo y f\u00e1cil de usar.<br>\r\nDado que su servicio se presta por tel\u00e9fono, pueden hablar con usted a la hora que m\u00e1s le convenga.<\/p>\n<p>Como colaborador de The Rainforest Foundation UK, The Co-operative Legal Services se ofrece a redactar un testamento simple b\u00e1sico a un precio reducido de 100 libras, IVA incluido. Esto supone un ahorro de 25 libras.<\/p>\n<p>Para ponerse en contacto con un especialista en testamentos, llame al\u00a0<strong>0844 252 9965<\/strong>\u00a0y citar\u00a0<strong>RACWILLS01<\/strong>.<\/p>\n\t\t<h3>Servicios jur\u00eddicos cooperativos<\/h3>\t\t\n\t\t\t<p>Si prefiere reunirse con alguien cara a cara, este servicio es una forma asequible de hacerlo. Un profesional cualificado le visitar\u00e1 en su domicilio y transmitir\u00e1 sus instrucciones al abogado encargado de redactar su testamento.<\/p>\n<p><strong>Precio<\/strong>Testamento \u00fanico: \u00a398 + IVA (el precio m\u00e1s bajo por un servicio de redacci\u00f3n de testamento presencial en Inglaterra y Gales)<\/p>\n<p><strong>Llame a<\/strong>: 0844 669 6148 (cite Rainforest Foundation UK)<\/p>","protected":false},"excerpt":{"rendered":"<p>Dejando una donaci\u00f3n en su testamento a la Rainforest Foundation UK puede garantizar que las selvas tropicales sigan protegi\u00e9ndose para las generaciones futuras.<\/p>","protected":false},"author":2,"featured_media":1647,"parent":207,"menu_order":10,"comment_status":"closed","ping_status":"closed","template":"","meta":{"_acf_changed":false,"footnotes":""},"class_list":{"0":"post-217","1":"page","2":"type-page","3":"status-publish","4":"has-post-thumbnail","6":"no-featured-image-padding"},"acf":[],"yoast_head":"<!-- This site is optimized with the Yoast SEO plugin v27.4 - https:\/\/yoast.com\/product\/yoast-seo-wordpress\/ -->\n<title>Leave a Legacy - Staging Rainforest Foundation UK<\/title>\n<meta name=\"robots\" content=\"noindex, follow, max-snippet:-1, max-image-preview:large, max-video-preview:-1\" \/>\n<meta property=\"og:locale\" content=\"es_ES\" \/>\n<meta property=\"og:type\" content=\"article\" \/>\n<meta property=\"og:title\" content=\"Leave a Legacy - Staging Rainforest Foundation UK\" \/>\n<meta property=\"og:description\" content=\"By leaving a gift in your Will to the Rainforest Foundation UK you can ensure that rainforests continue to be protected for future generations.\" \/>\n<meta property=\"og:url\" content=\"https:\/\/staging.rainforestfoundationuk.org\/es\/lo-que-puede-hacer\/apoyanos\/dejar-un-legado\/\" \/>\n<meta property=\"og:site_name\" content=\"Staging Rainforest Foundation UK\" \/>\n<meta property=\"article:publisher\" content=\"https:\/\/www.facebook.com\/rainforestfoundationuk\" \/>\n<meta property=\"article:modified_time\" content=\"2022-12-20T15:11:49+00:00\" \/>\n<meta property=\"og:image\" content=\"https:\/\/staging.rainforestfoundationuk.org\/wp-content\/uploads\/2021\/11\/991dd9ea-be46-40b9-8e7c-898c1ecd7dca.jpg\" \/>\n\t<meta property=\"og:image:width\" content=\"403\" \/>\n\t<meta property=\"og:image:height\" content=\"310\" \/>\n\t<meta property=\"og:image:type\" content=\"image\/jpeg\" \/>\n<meta name=\"twitter:card\" content=\"summary_large_image\" \/>\n<meta name=\"twitter:site\" content=\"@RFUK\" \/>\n<meta name=\"twitter:label1\" content=\"Est. reading time\" \/>\n\t<meta name=\"twitter:data1\" content=\"2 minutos\" \/>\n<script type=\"application\/ld+json\" class=\"yoast-schema-graph\">{\"@context\":\"https:\\\/\\\/schema.org\",\"@graph\":[{\"@type\":\"WebPage\",\"@id\":\"https:\\\/\\\/staging.rainforestfoundationuk.org\\\/what-you-can-do\\\/support-us\\\/leave-a-legacy\\\/\",\"url\":\"https:\\\/\\\/staging.rainforestfoundationuk.org\\\/what-you-can-do\\\/support-us\\\/leave-a-legacy\\\/\",\"name\":\"Leave a Legacy - Staging Rainforest Foundation UK\",\"isPartOf\":{\"@id\":\"https:\\\/\\\/staging.rainforestfoundationuk.org\\\/#website\"},\"primaryImageOfPage\":{\"@id\":\"https:\\\/\\\/staging.rainforestfoundationuk.org\\\/what-you-can-do\\\/support-us\\\/leave-a-legacy\\\/#primaryimage\"},\"image\":{\"@id\":\"https:\\\/\\\/staging.rainforestfoundationuk.org\\\/what-you-can-do\\\/support-us\\\/leave-a-legacy\\\/#primaryimage\"},\"thumbnailUrl\":\"https:\\\/\\\/staging.rainforestfoundationuk.org\\\/wp-content\\\/uploads\\\/2021\\\/11\\\/991dd9ea-be46-40b9-8e7c-898c1ecd7dca.jpg\",\"datePublished\":\"2021-09-13T09:40:30+00:00\",\"dateModified\":\"2022-12-20T15:11:49+00:00\",\"breadcrumb\":{\"@id\":\"https:\\\/\\\/staging.rainforestfoundationuk.org\\\/what-you-can-do\\\/support-us\\\/leave-a-legacy\\\/#breadcrumb\"},\"inLanguage\":\"es-PE\",\"potentialAction\":[{\"@type\":\"ReadAction\",\"target\":[\"https:\\\/\\\/staging.rainforestfoundationuk.org\\\/what-you-can-do\\\/support-us\\\/leave-a-legacy\\\/\"]}]},{\"@type\":\"ImageObject\",\"inLanguage\":\"es-PE\",\"@id\":\"https:\\\/\\\/staging.rainforestfoundationuk.org\\\/what-you-can-do\\\/support-us\\\/leave-a-legacy\\\/#primaryimage\",\"url\":\"https:\\\/\\\/staging.rainforestfoundationuk.org\\\/wp-content\\\/uploads\\\/2021\\\/11\\\/991dd9ea-be46-40b9-8e7c-898c1ecd7dca.jpg\",\"contentUrl\":\"https:\\\/\\\/staging.rainforestfoundationuk.org\\\/wp-content\\\/uploads\\\/2021\\\/11\\\/991dd9ea-be46-40b9-8e7c-898c1ecd7dca.jpg\",\"width\":403,\"height\":310},{\"@type\":\"BreadcrumbList\",\"@id\":\"https:\\\/\\\/staging.rainforestfoundationuk.org\\\/what-you-can-do\\\/support-us\\\/leave-a-legacy\\\/#breadcrumb\",\"itemListElement\":[{\"@type\":\"ListItem\",\"position\":1,\"name\":\"Home\",\"item\":\"https:\\\/\\\/staging.rainforestfoundationuk.org\\\/\"},{\"@type\":\"ListItem\",\"position\":2,\"name\":\"What You Can Do\",\"item\":\"https:\\\/\\\/staging.rainforestfoundationuk.org\\\/what-you-can-do\\\/\"},{\"@type\":\"ListItem\",\"position\":3,\"name\":\"Support Us\",\"item\":\"https:\\\/\\\/staging.rainforestfoundationuk.org\\\/what-you-can-do\\\/support-us\\\/\"},{\"@type\":\"ListItem\",\"position\":4,\"name\":\"Leave a Legacy\"}]},{\"@type\":\"WebSite\",\"@id\":\"https:\\\/\\\/staging.rainforestfoundationuk.org\\\/#website\",\"url\":\"https:\\\/\\\/staging.rainforestfoundationuk.org\\\/\",\"name\":\"Rainforest Foundation UK\",\"description\":\"Securing lands, sustaining lives\",\"publisher\":{\"@id\":\"https:\\\/\\\/staging.rainforestfoundationuk.org\\\/#organization\"},\"potentialAction\":[{\"@type\":\"SearchAction\",\"target\":{\"@type\":\"EntryPoint\",\"urlTemplate\":\"https:\\\/\\\/staging.rainforestfoundationuk.org\\\/?s={search_term_string}\"},\"query-input\":{\"@type\":\"PropertyValueSpecification\",\"valueRequired\":true,\"valueName\":\"search_term_string\"}}],\"inLanguage\":\"es-PE\"},{\"@type\":\"Organization\",\"@id\":\"https:\\\/\\\/staging.rainforestfoundationuk.org\\\/#organization\",\"name\":\"Rainforest Foundation UK\",\"url\":\"https:\\\/\\\/staging.rainforestfoundationuk.org\\\/\",\"logo\":{\"@type\":\"ImageObject\",\"inLanguage\":\"es-PE\",\"@id\":\"https:\\\/\\\/staging.rainforestfoundationuk.org\\\/#\\\/schema\\\/logo\\\/image\\\/\",\"url\":\"https:\\\/\\\/staging.rainforestfoundationuk.org\\\/wp-content\\\/uploads\\\/2023\\\/08\\\/RFUK-logo-black.svg\",\"contentUrl\":\"https:\\\/\\\/staging.rainforestfoundationuk.org\\\/wp-content\\\/uploads\\\/2023\\\/08\\\/RFUK-logo-black.svg\",\"width\":1278,\"height\":332,\"caption\":\"Rainforest Foundation UK\"},\"image\":{\"@id\":\"https:\\\/\\\/staging.rainforestfoundationuk.org\\\/#\\\/schema\\\/logo\\\/image\\\/\"},\"sameAs\":[\"https:\\\/\\\/www.facebook.com\\\/rainforestfoundationuk\",\"https:\\\/\\\/x.com\\\/RFUK\",\"https:\\\/\\\/www.instagram.com\\\/rainforestfoundationuk\\\/\",\"https:\\\/\\\/www.youtube.com\\\/user\\\/theRFUK\"]}]}<\/script>\n<!-- \/ Yoast SEO plugin. -->","yoast_head_json":{"title":"Leave a Legacy - Staging Rainforest Foundation UK","robots":{"index":"noindex","follow":"follow","max-snippet":"max-snippet:-1","max-image-preview":"max-image-preview:large","max-video-preview":"max-video-preview:-1"},"og_locale":"es_ES","og_type":"article","og_title":"Leave a Legacy - Staging Rainforest Foundation UK","og_description":"By leaving a gift in your Will to the Rainforest Foundation UK you can ensure that rainforests continue to be protected for future generations.","og_url":"https:\/\/staging.rainforestfoundationuk.org\/es\/lo-que-puede-hacer\/apoyanos\/dejar-un-legado\/","og_site_name":"Staging Rainforest Foundation UK","article_publisher":"https:\/\/www.facebook.com\/rainforestfoundationuk","article_modified_time":"2022-12-20T15:11:49+00:00","og_image":[{"width":403,"height":310,"url":"https:\/\/staging.rainforestfoundationuk.org\/wp-content\/uploads\/2021\/11\/991dd9ea-be46-40b9-8e7c-898c1ecd7dca.jpg","type":"image\/jpeg"}],"twitter_card":"summary_large_image","twitter_site":"@RFUK","twitter_misc":{"Est. reading time":"2 minutos"},"schema":{"@context":"https:\/\/schema.org","@graph":[{"@type":"WebPage","@id":"https:\/\/staging.rainforestfoundationuk.org\/what-you-can-do\/support-us\/leave-a-legacy\/","url":"https:\/\/staging.rainforestfoundationuk.org\/what-you-can-do\/support-us\/leave-a-legacy\/","name":"Leave a Legacy - Staging Rainforest Foundation UK","isPartOf":{"@id":"https:\/\/staging.rainforestfoundationuk.org\/#website"},"primaryImageOfPage":{"@id":"https:\/\/staging.rainforestfoundationuk.org\/what-you-can-do\/support-us\/leave-a-legacy\/#primaryimage"},"image":{"@id":"https:\/\/staging.rainforestfoundationuk.org\/what-you-can-do\/support-us\/leave-a-legacy\/#primaryimage"},"thumbnailUrl":"https:\/\/staging.rainforestfoundationuk.org\/wp-content\/uploads\/2021\/11\/991dd9ea-be46-40b9-8e7c-898c1ecd7dca.jpg","datePublished":"2021-09-13T09:40:30+00:00","dateModified":"2022-12-20T15:11:49+00:00","breadcrumb":{"@id":"https:\/\/staging.rainforestfoundationuk.org\/what-you-can-do\/support-us\/leave-a-legacy\/#breadcrumb"},"inLanguage":"es-PE","potentialAction":[{"@type":"ReadAction","target":["https:\/\/staging.rainforestfoundationuk.org\/what-you-can-do\/support-us\/leave-a-legacy\/"]}]},{"@type":"ImageObject","inLanguage":"es-PE","@id":"https:\/\/staging.rainforestfoundationuk.org\/what-you-can-do\/support-us\/leave-a-legacy\/#primaryimage","url":"https:\/\/staging.rainforestfoundationuk.org\/wp-content\/uploads\/2021\/11\/991dd9ea-be46-40b9-8e7c-898c1ecd7dca.jpg","contentUrl":"https:\/\/staging.rainforestfoundationuk.org\/wp-content\/uploads\/2021\/11\/991dd9ea-be46-40b9-8e7c-898c1ecd7dca.jpg","width":403,"height":310},{"@type":"BreadcrumbList","@id":"https:\/\/staging.rainforestfoundationuk.org\/what-you-can-do\/support-us\/leave-a-legacy\/#breadcrumb","itemListElement":[{"@type":"ListItem","position":1,"name":"Home","item":"https:\/\/staging.rainforestfoundationuk.org\/"},{"@type":"ListItem","position":2,"name":"What You Can Do","item":"https:\/\/staging.rainforestfoundationuk.org\/what-you-can-do\/"},{"@type":"ListItem","position":3,"name":"Support Us","item":"https:\/\/staging.rainforestfoundationuk.org\/what-you-can-do\/support-us\/"},{"@type":"ListItem","position":4,"name":"Leave a Legacy"}]},{"@type":"WebSite","@id":"https:\/\/staging.rainforestfoundationuk.org\/#website","url":"https:\/\/staging.rainforestfoundationuk.org\/","name":"Fundaci\u00f3n Rainforest del Reino Unido","description":"Proteger la tierra, preservar la vida","publisher":{"@id":"https:\/\/staging.rainforestfoundationuk.org\/#organization"},"potentialAction":[{"@type":"SearchAction","target":{"@type":"EntryPoint","urlTemplate":"https:\/\/staging.rainforestfoundationuk.org\/?s={search_term_string}"},"query-input":{"@type":"PropertyValueSpecification","valueRequired":true,"valueName":"search_term_string"}}],"inLanguage":"es-PE"},{"@type":"Organization","@id":"https:\/\/staging.rainforestfoundationuk.org\/#organization","name":"Fundaci\u00f3n Rainforest del Reino Unido","url":"https:\/\/staging.rainforestfoundationuk.org\/","logo":{"@type":"ImageObject","inLanguage":"es-PE","@id":"https:\/\/staging.rainforestfoundationuk.org\/#\/schema\/logo\/image\/","url":"https:\/\/staging.rainforestfoundationuk.org\/wp-content\/uploads\/2023\/08\/RFUK-logo-black.svg","contentUrl":"https:\/\/staging.rainforestfoundationuk.org\/wp-content\/uploads\/2023\/08\/RFUK-logo-black.svg","width":1278,"height":332,"caption":"Rainforest Foundation UK"},"image":{"@id":"https:\/\/staging.rainforestfoundationuk.org\/#\/schema\/logo\/image\/"},"sameAs":["https:\/\/www.facebook.com\/rainforestfoundationuk","https:\/\/x.com\/RFUK","https:\/\/www.instagram.com\/rainforestfoundationuk\/","https:\/\/www.youtube.com\/user\/theRFUK"]}]}},"_links":{"self":[{"href":"https:\/\/staging.rainforestfoundationuk.org\/es\/wp-json\/wp\/v2\/pages\/217","targetHints":{"allow":["GET"]}}],"collection":[{"href":"https:\/\/staging.rainforestfoundationuk.org\/es\/wp-json\/wp\/v2\/pages"}],"about":[{"href":"https:\/\/staging.rainforestfoundationuk.org\/es\/wp-json\/wp\/v2\/types\/page"}],"author":[{"embeddable":true,"href":"https:\/\/staging.rainforestfoundationuk.org\/es\/wp-json\/wp\/v2\/users\/2"}],"replies":[{"embeddable":true,"href":"https:\/\/staging.rainforestfoundationuk.org\/es\/wp-json\/wp\/v2\/comments?post=217"}],"version-history":[{"count":5,"href":"https:\/\/staging.rainforestfoundationuk.org\/es\/wp-json\/wp\/v2\/pages\/217\/revisions"}],"predecessor-version":[{"id":5464,"href":"https:\/\/staging.rainforestfoundationuk.org\/es\/wp-json\/wp\/v2\/pages\/217\/revisions\/5464"}],"up":[{"embeddable":true,"href":"https:\/\/staging.rainforestfoundationuk.org\/es\/wp-json\/wp\/v2\/pages\/207"}],"wp:featuredmedia":[{"embeddable":true,"href":"https:\/\/staging.rainforestfoundationuk.org\/es\/wp-json\/wp\/v2\/media\/1647"}],"wp:attachment":[{"href":"https:\/\/staging.rainforestfoundationuk.org\/es\/wp-json\/wp\/v2\/media?parent=217"}],"curies":[{"name":"wp","href":"https:\/\/api.w.org\/{rel}","templated":true}]}}