{"id":223,"date":"2021-09-13T09:41:08","date_gmt":"2021-09-13T09:41:08","guid":{"rendered":"https:\/\/staging.rainforestfoundationuk.org\/?page_id=223"},"modified":"2024-12-06T16:59:36","modified_gmt":"2024-12-06T16:59:36","slug":"asociaciones-y-filantropia","status":"publish","type":"page","link":"https:\/\/staging.rainforestfoundationuk.org\/es\/lo-que-puede-hacer\/asociaciones-y-filantropia\/","title":{"rendered":"Asociaciones y filantrop\u00eda"},"content":{"rendered":"<h2><b>Filantrop\u00eda<\/b><\/h2>\r\n<p>Nuestros colaboradores m\u00e1s generosos son socios fundamentales en nuestro trabajo. Las subvenciones estrat\u00e9gicas suponen una gran diferencia para nosotros y para el futuro de nuestro planeta. \u00bfPor qu\u00e9 trabajar con nosotros? Nuestro enfoque \u00fanico de situar los derechos humanos en el centro de la protecci\u00f3n de la selva tropical est\u00e1 cada vez m\u00e1s reconocido como el mejor m\u00e9todo. Se sabe que los bosques bajo control ind\u00edgena almacenan m\u00e1s carbono, albergan m\u00e1s biodiversidad y benefician a m\u00e1s personas.<\/p>\r\n<ul>\r\n<li><strong>\u00a3500<\/strong> podr\u00eda proporcionar hasta a una comunidad un generador solar para equipos cartogr\u00e1ficos. \u00a0<\/li>\r\n<\/ul>\r\n<ul>\r\n<li><strong>\u00a31,000<\/strong> could provide 4 communities with an entire toolkit to &#8216;put themselves on the map,&#8217; quite literally. \u00a0<\/li>\r\n<\/ul>\r\n<p>\u00bfQuiere donar m\u00e1s? Podemos ayudarle a que su donaci\u00f3n llegue al lugar adecuado.<\/p>\r\n<p><a href=\"https:\/\/staging.rainforestfoundationuk.org\/es\/pongase-en-contacto-con\/\" target=\"_self\" rel=\"noopener\"> P\u00f3ngase en contacto <\/a> <img loading=\"lazy\" decoding=\"async\" title=\"1\" src=\"https:\/\/staging.rainforestfoundationuk.org\/wp-content\/uploads\/2024\/09\/1.png\" alt=\"1\" width=\"6912\" height=\"3456\" \/><\/p>\r\n<h2>Asociaciones<\/h2>\r\n<h3><strong>Su organizaci\u00f3n puede ayudarnos a marcar una diferencia positiva para las selvas tropicales del mundo y sus habitantes.<\/strong> \u00a0<\/h3>\r\n<p>Asociaciones estrat\u00e9gicas con organizaciones afines a nuestros objetivos. <a href=\"https:\/\/staging.rainforestfoundationuk.org\/es\/acerca-de-nosotros\/mision\/\">misi\u00f3n y valores<\/a> desempe\u00f1an un papel importante en la realizaci\u00f3n de nuestro trabajo vital y su impacto. Pueden impulsar el cambio en favor de los bosques tropicales de un modo que las subvenciones tradicionales no consiguen y llegar a nuevos p\u00fablicos para inspirarlos en la lucha por nuestro planeta.<\/p>\r\n<p>Las empresas pueden apoyarnos libres de impuestos a trav\u00e9s de la Donaci\u00f3n en n\u00f3mina, o utilizando <a href=\"https:\/\/www.amplifydonations.io\/\">Amplificar las donaciones<\/a> o <a href=\"https:\/\/www.virtueimpact.com\/\">Virtud<\/a> para ofrecer a los clientes una opci\u00f3n gratuita y personalizada de donar para una causa clim\u00e1tica cuando compran. Tambi\u00e9n pueden convertirse en uno de nuestros Socios Corporativos, o y apoyarnos a trav\u00e9s de donaciones anuales y eventos de desaf\u00edo. Si quieres utilizar tu plataforma para hacer m\u00e1s por las personas y el planeta, ponte en contacto con nuestro equipo de recaudaci\u00f3n de fondos y te ayudaremos a determinar qu\u00e9 es lo que m\u00e1s te conviene.<\/p>\r\n<p><a href=\"https:\/\/staging.rainforestfoundationuk.org\/es\/pongase-en-contacto-con\/\" target=\"_self\" rel=\"noopener\"> P\u00f3ngase en contacto <\/a> <a href=\"https:\/\/staging.rainforestfoundationuk.org\/es\/lo-que-puede-hacer\/apoyanos\/newsletter\/\" target=\"_self\" rel=\"noopener\"> <img decoding=\"async\" title=\"8e3cd43d-b052-455d-aaa9-23a4b55cd439\" src=\"https:\/\/staging.rainforestfoundationuk.org\/wp-content\/uploads\/bb-plugin\/cache\/8e3cd43d-b052-455d-aaa9-23a4b55cd439-panorama-3a0608de8b5b57234178b8aed3e0b820-.jpg\" alt=\"8e3cd43d-b052-455d-aaa9-23a4b55cd439\" \/> <\/a><\/p>\r\n<h2><a href=\"https:\/\/staging.rainforestfoundationuk.org\/es\/lo-que-puede-hacer\/apoyanos\/newsletter\/\" target=\"_self\" rel=\"noopener\">Haga de RFUK su organizaci\u00f3n ben\u00e9fica del a\u00f1o.\u00a0<\/a><\/h2>\r\n<p>Las empresas pueden convertir a RFUK en su organizaci\u00f3n ben\u00e9fica del a\u00f1o. Esto nos ayudar\u00e1 a planificar el futuro y a ampliar nuestras campa\u00f1as, con la seguridad de que podemos contar con el apoyo constante de una fuente sin restricciones, no sujeta a la burocracia y los obst\u00e1culos que suelen conllevar los grandes contratos de subvenci\u00f3n.<\/p>\r\n<p><a href=\"https:\/\/www.amplifydonations.io\/\" target=\"_blank\" rel=\"noopener\"> <img decoding=\"async\" title=\"Dise\u00f1o sin t\u00edtulo (1)\" src=\"https:\/\/staging.rainforestfoundationuk.org\/wp-content\/uploads\/2023\/02\/Untitled-design-1-300x102.png\" alt=\"Dise\u00f1o sin t\u00edtulo (1)\" \/> <\/a> <a href=\"https:\/\/www.virtueimpact.com\/\" target=\"_self\" rel=\"noopener\"> <img decoding=\"async\" title=\"Azul_2000\" src=\"https:\/\/staging.rainforestfoundationuk.org\/wp-content\/uploads\/2023\/03\/Blue_2000.png\" alt=\"Azul_2000\" \/> <\/a><\/p>\r\n<h4>Socios corporativos actuales:\u00a0<\/h4>\r\n<p><a href=\"https:\/\/staging.rainforestfoundationuk.org\/es\/socios\/carluccios\/\" target=\"_self\" rel=\"noopener\"> <img loading=\"lazy\" decoding=\"async\" title=\"Carluccios\" src=\"https:\/\/staging.rainforestfoundationuk.org\/wp-content\/uploads\/bb-plugin\/cache\/Carluccios-panorama-532d84df9fc8dd190fb951d5752b95e8-.jpg\" alt=\"Carluccios\" width=\"263\" height=\"131\" data-no-lazy=\"1\" \/> <\/a><\/p>\r\n<h3>Carluccio\u2019s<\/h3>\r\n<p><a href=\"https:\/\/staging.rainforestfoundationuk.org\/es\/socios\/sastre-de-billetes\/\" target=\"_self\" rel=\"noopener\"> <img loading=\"lazy\" decoding=\"async\" title=\"ticket-tailor\" src=\"https:\/\/staging.rainforestfoundationuk.org\/wp-content\/uploads\/bb-plugin\/cache\/ticket-tailor-panorama-77f175f1781121feb0c7347755ed97cd-.jpg\" alt=\"ticket-tailor\" width=\"263\" height=\"131\" data-no-lazy=\"1\" \/> <\/a><\/p>\r\n<h3>Ticket Tailor<\/h3>\r\n<!-- .pp-content-posts -->\r\n<p>&nbsp;<\/p>\r\n<p>&nbsp;<\/p>\r\n<p>&nbsp;<\/p>\r\n<p class=\"translation-block\"><em>Por favor, tenga en cuenta que RFUK s\u00f3lo trabaja con empresas comprometidas con pr\u00e1cticas \u00e9ticas, acciones medioambientales positivas y la defensa de los derechos humanos. De acuerdo con nuestra <em><em>Pol\u00edtica de Financiaci\u00f3n \u00c9tica<\/em><em>, siempre seguimos un riguroso proceso de diligencia debida antes de iniciar cualquier asociaci\u00f3n.<\/em><\/p>","protected":false},"excerpt":{"rendered":"<p>Su organizaci\u00f3n puede ayudar a nuestra organizaci\u00f3n ben\u00e9fica a marcar una diferencia positiva para las selvas tropicales del mundo y quienes viven en ellas.<\/p>","protected":false},"author":2,"featured_media":4875,"parent":4284,"menu_order":6,"comment_status":"closed","ping_status":"closed","template":"","meta":{"_acf_changed":false,"footnotes":""},"class_list":{"0":"post-223","1":"page","2":"type-page","3":"status-publish","4":"has-post-thumbnail","6":"no-featured-image-padding"},"acf":[],"yoast_head":"<!-- This site is optimized with the Yoast SEO plugin v27.4 - https:\/\/yoast.com\/product\/yoast-seo-wordpress\/ -->\n<title>Partnerships &amp; Philanthropy - Staging Rainforest Foundation UK<\/title>\n<meta name=\"robots\" content=\"noindex, follow, max-snippet:-1, max-image-preview:large, max-video-preview:-1\" \/>\n<meta property=\"og:locale\" content=\"es_ES\" \/>\n<meta property=\"og:type\" content=\"article\" \/>\n<meta property=\"og:title\" content=\"Partnerships &amp; Philanthropy - Staging Rainforest Foundation UK\" \/>\n<meta property=\"og:description\" content=\"Your organisation can help our charity make a positive difference to the rainforests of the world and those who live within them.\" \/>\n<meta property=\"og:url\" content=\"https:\/\/staging.rainforestfoundationuk.org\/es\/lo-que-puede-hacer\/asociaciones-y-filantropia\/\" \/>\n<meta property=\"og:site_name\" content=\"Staging Rainforest Foundation UK\" \/>\n<meta property=\"article:publisher\" content=\"https:\/\/www.facebook.com\/rainforestfoundationuk\" \/>\n<meta property=\"article:modified_time\" content=\"2024-12-06T16:59:36+00:00\" \/>\n<meta property=\"og:image\" content=\"https:\/\/staging.rainforestfoundationuk.org\/wp-content\/uploads\/2022\/09\/IMG_9924-1-scaled.jpeg\" \/>\n\t<meta property=\"og:image:width\" content=\"2560\" \/>\n\t<meta property=\"og:image:height\" content=\"1920\" \/>\n\t<meta property=\"og:image:type\" content=\"image\/jpeg\" \/>\n<meta name=\"twitter:card\" content=\"summary_large_image\" \/>\n<meta name=\"twitter:site\" content=\"@RFUK\" \/>\n<meta name=\"twitter:label1\" content=\"Est. reading time\" \/>\n\t<meta name=\"twitter:data1\" content=\"3 minutos\" \/>\n<script type=\"application\/ld+json\" class=\"yoast-schema-graph\">{\"@context\":\"https:\\\/\\\/schema.org\",\"@graph\":[{\"@type\":\"WebPage\",\"@id\":\"https:\\\/\\\/staging.rainforestfoundationuk.org\\\/what-you-can-do\\\/partnerships-and-philanthropy\\\/\",\"url\":\"https:\\\/\\\/staging.rainforestfoundationuk.org\\\/what-you-can-do\\\/partnerships-and-philanthropy\\\/\",\"name\":\"Partnerships & Philanthropy - Staging Rainforest Foundation UK\",\"isPartOf\":{\"@id\":\"https:\\\/\\\/staging.rainforestfoundationuk.org\\\/#website\"},\"primaryImageOfPage\":{\"@id\":\"https:\\\/\\\/staging.rainforestfoundationuk.org\\\/what-you-can-do\\\/partnerships-and-philanthropy\\\/#primaryimage\"},\"image\":{\"@id\":\"https:\\\/\\\/staging.rainforestfoundationuk.org\\\/what-you-can-do\\\/partnerships-and-philanthropy\\\/#primaryimage\"},\"thumbnailUrl\":\"https:\\\/\\\/staging.rainforestfoundationuk.org\\\/wp-content\\\/uploads\\\/2022\\\/09\\\/IMG_9924-1-scaled.jpeg\",\"datePublished\":\"2021-09-13T09:41:08+00:00\",\"dateModified\":\"2024-12-06T16:59:36+00:00\",\"breadcrumb\":{\"@id\":\"https:\\\/\\\/staging.rainforestfoundationuk.org\\\/what-you-can-do\\\/partnerships-and-philanthropy\\\/#breadcrumb\"},\"inLanguage\":\"es-PE\",\"potentialAction\":[{\"@type\":\"ReadAction\",\"target\":[\"https:\\\/\\\/staging.rainforestfoundationuk.org\\\/what-you-can-do\\\/partnerships-and-philanthropy\\\/\"]}]},{\"@type\":\"ImageObject\",\"inLanguage\":\"es-PE\",\"@id\":\"https:\\\/\\\/staging.rainforestfoundationuk.org\\\/what-you-can-do\\\/partnerships-and-philanthropy\\\/#primaryimage\",\"url\":\"https:\\\/\\\/staging.rainforestfoundationuk.org\\\/wp-content\\\/uploads\\\/2022\\\/09\\\/IMG_9924-1-scaled.jpeg\",\"contentUrl\":\"https:\\\/\\\/staging.rainforestfoundationuk.org\\\/wp-content\\\/uploads\\\/2022\\\/09\\\/IMG_9924-1-scaled.jpeg\",\"width\":2560,\"height\":1920},{\"@type\":\"BreadcrumbList\",\"@id\":\"https:\\\/\\\/staging.rainforestfoundationuk.org\\\/what-you-can-do\\\/partnerships-and-philanthropy\\\/#breadcrumb\",\"itemListElement\":[{\"@type\":\"ListItem\",\"position\":1,\"name\":\"Home\",\"item\":\"https:\\\/\\\/staging.rainforestfoundationuk.org\\\/\"},{\"@type\":\"ListItem\",\"position\":2,\"name\":\"What You Can Do\",\"item\":\"https:\\\/\\\/staging.rainforestfoundationuk.org\\\/what-you-can-do\\\/\"},{\"@type\":\"ListItem\",\"position\":3,\"name\":\"Partnerships &#038; Philanthropy\"}]},{\"@type\":\"WebSite\",\"@id\":\"https:\\\/\\\/staging.rainforestfoundationuk.org\\\/#website\",\"url\":\"https:\\\/\\\/staging.rainforestfoundationuk.org\\\/\",\"name\":\"Rainforest Foundation UK\",\"description\":\"Securing lands, sustaining lives\",\"publisher\":{\"@id\":\"https:\\\/\\\/staging.rainforestfoundationuk.org\\\/#organization\"},\"potentialAction\":[{\"@type\":\"SearchAction\",\"target\":{\"@type\":\"EntryPoint\",\"urlTemplate\":\"https:\\\/\\\/staging.rainforestfoundationuk.org\\\/?s={search_term_string}\"},\"query-input\":{\"@type\":\"PropertyValueSpecification\",\"valueRequired\":true,\"valueName\":\"search_term_string\"}}],\"inLanguage\":\"es-PE\"},{\"@type\":\"Organization\",\"@id\":\"https:\\\/\\\/staging.rainforestfoundationuk.org\\\/#organization\",\"name\":\"Rainforest Foundation UK\",\"url\":\"https:\\\/\\\/staging.rainforestfoundationuk.org\\\/\",\"logo\":{\"@type\":\"ImageObject\",\"inLanguage\":\"es-PE\",\"@id\":\"https:\\\/\\\/staging.rainforestfoundationuk.org\\\/#\\\/schema\\\/logo\\\/image\\\/\",\"url\":\"https:\\\/\\\/staging.rainforestfoundationuk.org\\\/wp-content\\\/uploads\\\/2023\\\/08\\\/RFUK-logo-black.svg\",\"contentUrl\":\"https:\\\/\\\/staging.rainforestfoundationuk.org\\\/wp-content\\\/uploads\\\/2023\\\/08\\\/RFUK-logo-black.svg\",\"width\":1278,\"height\":332,\"caption\":\"Rainforest Foundation UK\"},\"image\":{\"@id\":\"https:\\\/\\\/staging.rainforestfoundationuk.org\\\/#\\\/schema\\\/logo\\\/image\\\/\"},\"sameAs\":[\"https:\\\/\\\/www.facebook.com\\\/rainforestfoundationuk\",\"https:\\\/\\\/x.com\\\/RFUK\",\"https:\\\/\\\/www.instagram.com\\\/rainforestfoundationuk\\\/\",\"https:\\\/\\\/www.youtube.com\\\/user\\\/theRFUK\"]}]}<\/script>\n<!-- \/ Yoast SEO plugin. -->","yoast_head_json":{"title":"Partnerships & Philanthropy - Staging Rainforest Foundation UK","robots":{"index":"noindex","follow":"follow","max-snippet":"max-snippet:-1","max-image-preview":"max-image-preview:large","max-video-preview":"max-video-preview:-1"},"og_locale":"es_ES","og_type":"article","og_title":"Partnerships & Philanthropy - Staging Rainforest Foundation UK","og_description":"Your organisation can help our charity make a positive difference to the rainforests of the world and those who live within them.","og_url":"https:\/\/staging.rainforestfoundationuk.org\/es\/lo-que-puede-hacer\/asociaciones-y-filantropia\/","og_site_name":"Staging Rainforest Foundation UK","article_publisher":"https:\/\/www.facebook.com\/rainforestfoundationuk","article_modified_time":"2024-12-06T16:59:36+00:00","og_image":[{"width":2560,"height":1920,"url":"https:\/\/staging.rainforestfoundationuk.org\/wp-content\/uploads\/2022\/09\/IMG_9924-1-scaled.jpeg","type":"image\/jpeg"}],"twitter_card":"summary_large_image","twitter_site":"@RFUK","twitter_misc":{"Est. reading time":"3 minutos"},"schema":{"@context":"https:\/\/schema.org","@graph":[{"@type":"WebPage","@id":"https:\/\/staging.rainforestfoundationuk.org\/what-you-can-do\/partnerships-and-philanthropy\/","url":"https:\/\/staging.rainforestfoundationuk.org\/what-you-can-do\/partnerships-and-philanthropy\/","name":"Partnerships & Philanthropy - Staging Rainforest Foundation UK","isPartOf":{"@id":"https:\/\/staging.rainforestfoundationuk.org\/#website"},"primaryImageOfPage":{"@id":"https:\/\/staging.rainforestfoundationuk.org\/what-you-can-do\/partnerships-and-philanthropy\/#primaryimage"},"image":{"@id":"https:\/\/staging.rainforestfoundationuk.org\/what-you-can-do\/partnerships-and-philanthropy\/#primaryimage"},"thumbnailUrl":"https:\/\/staging.rainforestfoundationuk.org\/wp-content\/uploads\/2022\/09\/IMG_9924-1-scaled.jpeg","datePublished":"2021-09-13T09:41:08+00:00","dateModified":"2024-12-06T16:59:36+00:00","breadcrumb":{"@id":"https:\/\/staging.rainforestfoundationuk.org\/what-you-can-do\/partnerships-and-philanthropy\/#breadcrumb"},"inLanguage":"es-PE","potentialAction":[{"@type":"ReadAction","target":["https:\/\/staging.rainforestfoundationuk.org\/what-you-can-do\/partnerships-and-philanthropy\/"]}]},{"@type":"ImageObject","inLanguage":"es-PE","@id":"https:\/\/staging.rainforestfoundationuk.org\/what-you-can-do\/partnerships-and-philanthropy\/#primaryimage","url":"https:\/\/staging.rainforestfoundationuk.org\/wp-content\/uploads\/2022\/09\/IMG_9924-1-scaled.jpeg","contentUrl":"https:\/\/staging.rainforestfoundationuk.org\/wp-content\/uploads\/2022\/09\/IMG_9924-1-scaled.jpeg","width":2560,"height":1920},{"@type":"BreadcrumbList","@id":"https:\/\/staging.rainforestfoundationuk.org\/what-you-can-do\/partnerships-and-philanthropy\/#breadcrumb","itemListElement":[{"@type":"ListItem","position":1,"name":"Home","item":"https:\/\/staging.rainforestfoundationuk.org\/"},{"@type":"ListItem","position":2,"name":"What You Can Do","item":"https:\/\/staging.rainforestfoundationuk.org\/what-you-can-do\/"},{"@type":"ListItem","position":3,"name":"Partnerships &#038; Philanthropy"}]},{"@type":"WebSite","@id":"https:\/\/staging.rainforestfoundationuk.org\/#website","url":"https:\/\/staging.rainforestfoundationuk.org\/","name":"Fundaci\u00f3n Rainforest del Reino Unido","description":"Proteger la tierra, preservar la vida","publisher":{"@id":"https:\/\/staging.rainforestfoundationuk.org\/#organization"},"potentialAction":[{"@type":"SearchAction","target":{"@type":"EntryPoint","urlTemplate":"https:\/\/staging.rainforestfoundationuk.org\/?s={search_term_string}"},"query-input":{"@type":"PropertyValueSpecification","valueRequired":true,"valueName":"search_term_string"}}],"inLanguage":"es-PE"},{"@type":"Organization","@id":"https:\/\/staging.rainforestfoundationuk.org\/#organization","name":"Fundaci\u00f3n Rainforest del Reino Unido","url":"https:\/\/staging.rainforestfoundationuk.org\/","logo":{"@type":"ImageObject","inLanguage":"es-PE","@id":"https:\/\/staging.rainforestfoundationuk.org\/#\/schema\/logo\/image\/","url":"https:\/\/staging.rainforestfoundationuk.org\/wp-content\/uploads\/2023\/08\/RFUK-logo-black.svg","contentUrl":"https:\/\/staging.rainforestfoundationuk.org\/wp-content\/uploads\/2023\/08\/RFUK-logo-black.svg","width":1278,"height":332,"caption":"Rainforest Foundation UK"},"image":{"@id":"https:\/\/staging.rainforestfoundationuk.org\/#\/schema\/logo\/image\/"},"sameAs":["https:\/\/www.facebook.com\/rainforestfoundationuk","https:\/\/x.com\/RFUK","https:\/\/www.instagram.com\/rainforestfoundationuk\/","https:\/\/www.youtube.com\/user\/theRFUK"]}]}},"_links":{"self":[{"href":"https:\/\/staging.rainforestfoundationuk.org\/es\/wp-json\/wp\/v2\/pages\/223","targetHints":{"allow":["GET"]}}],"collection":[{"href":"https:\/\/staging.rainforestfoundationuk.org\/es\/wp-json\/wp\/v2\/pages"}],"about":[{"href":"https:\/\/staging.rainforestfoundationuk.org\/es\/wp-json\/wp\/v2\/types\/page"}],"author":[{"embeddable":true,"href":"https:\/\/staging.rainforestfoundationuk.org\/es\/wp-json\/wp\/v2\/users\/2"}],"replies":[{"embeddable":true,"href":"https:\/\/staging.rainforestfoundationuk.org\/es\/wp-json\/wp\/v2\/comments?post=223"}],"version-history":[{"count":5,"href":"https:\/\/staging.rainforestfoundationuk.org\/es\/wp-json\/wp\/v2\/pages\/223\/revisions"}],"predecessor-version":[{"id":8525,"href":"https:\/\/staging.rainforestfoundationuk.org\/es\/wp-json\/wp\/v2\/pages\/223\/revisions\/8525"}],"up":[{"embeddable":true,"href":"https:\/\/staging.rainforestfoundationuk.org\/es\/wp-json\/wp\/v2\/pages\/4284"}],"wp:featuredmedia":[{"embeddable":true,"href":"https:\/\/staging.rainforestfoundationuk.org\/es\/wp-json\/wp\/v2\/media\/4875"}],"wp:attachment":[{"href":"https:\/\/staging.rainforestfoundationuk.org\/es\/wp-json\/wp\/v2\/media?parent=223"}],"curies":[{"name":"wp","href":"https:\/\/api.w.org\/{rel}","templated":true}]}}