{"id":235,"date":"2021-09-13T09:43:18","date_gmt":"2021-09-13T09:43:18","guid":{"rendered":"https:\/\/staging.rainforestfoundationuk.org\/?page_id=235"},"modified":"2023-01-10T15:33:18","modified_gmt":"2023-01-10T15:33:18","slug":"escuelas-y-recaudacion-de-fondos","status":"publish","type":"page","link":"https:\/\/staging.rainforestfoundationuk.org\/es\/lo-que-puede-hacer\/escuelas-y-recaudacion-de-fondos\/","title":{"rendered":"Escuelas y recaudaci\u00f3n de fondos"},"content":{"rendered":"<h3>Si apoyas nuestra causa, puede que tambi\u00e9n quieras ense\u00f1ar a tu clase o a tus hijos m\u00e1s cosas sobre las selvas tropicales y su gente. Ponemos a disposici\u00f3n de los colegios paquetes did\u00e1cticos acordes con el curr\u00edculo nacional KS2 y recursos como carteles para divertirse mientras se recauda fondos para la selva tropical.<\/h3>\r\n<p><a href=\"https:\/\/staging.rainforestfoundationuk.org\/es\/lo-que-puede-hacer\/escuelas-y-recaudacion-de-fondos\/paquete-educativo\/\" target=\"_self\" rel=\"noopener\"> <img loading=\"lazy\" decoding=\"async\" title=\"31f7fa41-9133-4132-9cc7-34951a731fde\" src=\"https:\/\/staging.rainforestfoundationuk.org\/wp-content\/uploads\/bb-plugin\/cache\/31f7fa41-9133-4132-9cc7-34951a731fde-panorama.jpg\" alt=\"31f7fa41-9133-4132-9cc7-34951a731fde\" width=\"403\" height=\"310\" data-no-lazy=\"1\" \/> <\/a><\/p>\r\n<h3><a title=\"Paquete educativo\" href=\"https:\/\/staging.rainforestfoundationuk.org\/es\/lo-que-puede-hacer\/escuelas-y-recaudacion-de-fondos\/paquete-educativo\/\"> Paquete educativo <\/a><\/h3>\r\n<p>Facilitar la ense\u00f1anza en clase sobre la selva tropical y su destrucci\u00f3n<\/p>\r\n<p><a href=\"https:\/\/staging.rainforestfoundationuk.org\/es\/lo-que-puede-hacer\/escuelas-y-recaudacion-de-fondos\/recaudar-fondos-en-la-escuela\/\" target=\"_self\" rel=\"noopener\"> <img loading=\"lazy\" decoding=\"async\" title=\"d362c7d8-75b1-4621-b8db-09057b48c09e\" src=\"https:\/\/staging.rainforestfoundationuk.org\/wp-content\/uploads\/bb-plugin\/cache\/d362c7d8-75b1-4621-b8db-09057b48c09e-panorama.jpg\" alt=\"d362c7d8-75b1-4621-b8db-09057b48c09e\" width=\"922\" height=\"692\" data-no-lazy=\"1\" \/> <\/a><\/p>\r\n<h3><a title=\"Recaudar fondos en la escuela\" href=\"https:\/\/staging.rainforestfoundationuk.org\/es\/lo-que-puede-hacer\/escuelas-y-recaudacion-de-fondos\/recaudar-fondos-en-la-escuela\/\"> Recaudar fondos en la escuela <\/a><\/h3>\r\n<p>Hay muchas ideas interesantes para que tu centro escolar recaude fondos en apoyo de la Rainforest Foundation UK.<\/p>\r\n<p><a href=\"https:\/\/staging.rainforestfoundationuk.org\/es\/lo-que-puede-hacer\/escuelas-y-recaudacion-de-fondos\/datos-forestales\/\" target=\"_self\" rel=\"noopener\"> <img loading=\"lazy\" decoding=\"async\" title=\"promo-03\" src=\"https:\/\/staging.rainforestfoundationuk.org\/wp-content\/uploads\/bb-plugin\/cache\/promo-03-panorama.jpg\" alt=\"promo-03\" width=\"555\" height=\"380\" data-no-lazy=\"1\" \/> <\/a><\/p>\r\n<h3><a title=\"Datos forestales\" href=\"https:\/\/staging.rainforestfoundationuk.org\/es\/lo-que-puede-hacer\/escuelas-y-recaudacion-de-fondos\/datos-forestales\/\"> Datos forestales <\/a><\/h3>\r\n<p>Learn more about the world&#8217;s tropical forests, as well as the people and animals who inhabit them.<\/p>\r\n<!-- .pp-content-posts -->","protected":false},"excerpt":{"rendered":"<p>Si apoyas nuestra causa, quiz\u00e1 tambi\u00e9n quieras ense\u00f1ar a tu clase o a tus hijos m\u00e1s cosas sobre las selvas tropicales y su gente. <\/p>","protected":false},"author":2,"featured_media":4551,"parent":4284,"menu_order":6,"comment_status":"closed","ping_status":"closed","template":"","meta":{"_acf_changed":false,"footnotes":""},"class_list":{"0":"post-235","1":"page","2":"type-page","3":"status-publish","4":"has-post-thumbnail","6":"no-featured-image-padding"},"acf":[],"yoast_head":"<!-- This site is optimized with the Yoast SEO plugin v27.4 - https:\/\/yoast.com\/product\/yoast-seo-wordpress\/ -->\n<title>Schools &amp; Fundraising - Staging Rainforest Foundation UK<\/title>\n<meta name=\"robots\" content=\"noindex, follow, max-snippet:-1, max-image-preview:large, max-video-preview:-1\" \/>\n<meta property=\"og:locale\" content=\"es_ES\" \/>\n<meta property=\"og:type\" content=\"article\" \/>\n<meta property=\"og:title\" content=\"Schools &amp; Fundraising - Staging Rainforest Foundation UK\" \/>\n<meta property=\"og:description\" content=\"If you support our cause, you might also like to teach your class or children more about the rainforests and their people.\" \/>\n<meta property=\"og:url\" content=\"https:\/\/staging.rainforestfoundationuk.org\/es\/lo-que-puede-hacer\/escuelas-y-recaudacion-de-fondos\/\" \/>\n<meta property=\"og:site_name\" content=\"Staging Rainforest Foundation UK\" \/>\n<meta property=\"article:publisher\" content=\"https:\/\/www.facebook.com\/rainforestfoundationuk\" \/>\n<meta property=\"article:modified_time\" content=\"2023-01-10T15:33:18+00:00\" \/>\n<meta property=\"og:image\" content=\"https:\/\/staging.rainforestfoundationuk.org\/wp-content\/uploads\/2022\/09\/kidz.jpg\" \/>\n\t<meta property=\"og:image:width\" content=\"922\" \/>\n\t<meta property=\"og:image:height\" content=\"692\" \/>\n\t<meta property=\"og:image:type\" content=\"image\/jpeg\" \/>\n<meta name=\"twitter:card\" content=\"summary_large_image\" \/>\n<meta name=\"twitter:site\" content=\"@RFUK\" \/>\n<meta name=\"twitter:label1\" content=\"Est. reading time\" \/>\n\t<meta name=\"twitter:data1\" content=\"2 minutos\" \/>\n<script type=\"application\/ld+json\" class=\"yoast-schema-graph\">{\"@context\":\"https:\\\/\\\/schema.org\",\"@graph\":[{\"@type\":\"WebPage\",\"@id\":\"https:\\\/\\\/staging.rainforestfoundationuk.org\\\/what-you-can-do\\\/schools-and-fundraising\\\/\",\"url\":\"https:\\\/\\\/staging.rainforestfoundationuk.org\\\/what-you-can-do\\\/schools-and-fundraising\\\/\",\"name\":\"Schools & Fundraising - Staging Rainforest Foundation UK\",\"isPartOf\":{\"@id\":\"https:\\\/\\\/staging.rainforestfoundationuk.org\\\/#website\"},\"primaryImageOfPage\":{\"@id\":\"https:\\\/\\\/staging.rainforestfoundationuk.org\\\/what-you-can-do\\\/schools-and-fundraising\\\/#primaryimage\"},\"image\":{\"@id\":\"https:\\\/\\\/staging.rainforestfoundationuk.org\\\/what-you-can-do\\\/schools-and-fundraising\\\/#primaryimage\"},\"thumbnailUrl\":\"https:\\\/\\\/staging.rainforestfoundationuk.org\\\/wp-content\\\/uploads\\\/2022\\\/09\\\/kidz.jpg\",\"datePublished\":\"2021-09-13T09:43:18+00:00\",\"dateModified\":\"2023-01-10T15:33:18+00:00\",\"breadcrumb\":{\"@id\":\"https:\\\/\\\/staging.rainforestfoundationuk.org\\\/what-you-can-do\\\/schools-and-fundraising\\\/#breadcrumb\"},\"inLanguage\":\"es-PE\",\"potentialAction\":[{\"@type\":\"ReadAction\",\"target\":[\"https:\\\/\\\/staging.rainforestfoundationuk.org\\\/what-you-can-do\\\/schools-and-fundraising\\\/\"]}]},{\"@type\":\"ImageObject\",\"inLanguage\":\"es-PE\",\"@id\":\"https:\\\/\\\/staging.rainforestfoundationuk.org\\\/what-you-can-do\\\/schools-and-fundraising\\\/#primaryimage\",\"url\":\"https:\\\/\\\/staging.rainforestfoundationuk.org\\\/wp-content\\\/uploads\\\/2022\\\/09\\\/kidz.jpg\",\"contentUrl\":\"https:\\\/\\\/staging.rainforestfoundationuk.org\\\/wp-content\\\/uploads\\\/2022\\\/09\\\/kidz.jpg\",\"width\":922,\"height\":692},{\"@type\":\"BreadcrumbList\",\"@id\":\"https:\\\/\\\/staging.rainforestfoundationuk.org\\\/what-you-can-do\\\/schools-and-fundraising\\\/#breadcrumb\",\"itemListElement\":[{\"@type\":\"ListItem\",\"position\":1,\"name\":\"Home\",\"item\":\"https:\\\/\\\/staging.rainforestfoundationuk.org\\\/\"},{\"@type\":\"ListItem\",\"position\":2,\"name\":\"What You Can Do\",\"item\":\"https:\\\/\\\/staging.rainforestfoundationuk.org\\\/what-you-can-do\\\/\"},{\"@type\":\"ListItem\",\"position\":3,\"name\":\"Schools &#038; Fundraising\"}]},{\"@type\":\"WebSite\",\"@id\":\"https:\\\/\\\/staging.rainforestfoundationuk.org\\\/#website\",\"url\":\"https:\\\/\\\/staging.rainforestfoundationuk.org\\\/\",\"name\":\"Rainforest Foundation UK\",\"description\":\"Securing lands, sustaining lives\",\"publisher\":{\"@id\":\"https:\\\/\\\/staging.rainforestfoundationuk.org\\\/#organization\"},\"potentialAction\":[{\"@type\":\"SearchAction\",\"target\":{\"@type\":\"EntryPoint\",\"urlTemplate\":\"https:\\\/\\\/staging.rainforestfoundationuk.org\\\/?s={search_term_string}\"},\"query-input\":{\"@type\":\"PropertyValueSpecification\",\"valueRequired\":true,\"valueName\":\"search_term_string\"}}],\"inLanguage\":\"es-PE\"},{\"@type\":\"Organization\",\"@id\":\"https:\\\/\\\/staging.rainforestfoundationuk.org\\\/#organization\",\"name\":\"Rainforest Foundation UK\",\"url\":\"https:\\\/\\\/staging.rainforestfoundationuk.org\\\/\",\"logo\":{\"@type\":\"ImageObject\",\"inLanguage\":\"es-PE\",\"@id\":\"https:\\\/\\\/staging.rainforestfoundationuk.org\\\/#\\\/schema\\\/logo\\\/image\\\/\",\"url\":\"https:\\\/\\\/staging.rainforestfoundationuk.org\\\/wp-content\\\/uploads\\\/2023\\\/08\\\/RFUK-logo-black.svg\",\"contentUrl\":\"https:\\\/\\\/staging.rainforestfoundationuk.org\\\/wp-content\\\/uploads\\\/2023\\\/08\\\/RFUK-logo-black.svg\",\"width\":1278,\"height\":332,\"caption\":\"Rainforest Foundation UK\"},\"image\":{\"@id\":\"https:\\\/\\\/staging.rainforestfoundationuk.org\\\/#\\\/schema\\\/logo\\\/image\\\/\"},\"sameAs\":[\"https:\\\/\\\/www.facebook.com\\\/rainforestfoundationuk\",\"https:\\\/\\\/x.com\\\/RFUK\",\"https:\\\/\\\/www.instagram.com\\\/rainforestfoundationuk\\\/\",\"https:\\\/\\\/www.youtube.com\\\/user\\\/theRFUK\"]}]}<\/script>\n<!-- \/ Yoast SEO plugin. -->","yoast_head_json":{"title":"Schools & Fundraising - Staging Rainforest Foundation UK","robots":{"index":"noindex","follow":"follow","max-snippet":"max-snippet:-1","max-image-preview":"max-image-preview:large","max-video-preview":"max-video-preview:-1"},"og_locale":"es_ES","og_type":"article","og_title":"Schools & Fundraising - Staging Rainforest Foundation UK","og_description":"If you support our cause, you might also like to teach your class or children more about the rainforests and their people.","og_url":"https:\/\/staging.rainforestfoundationuk.org\/es\/lo-que-puede-hacer\/escuelas-y-recaudacion-de-fondos\/","og_site_name":"Staging Rainforest Foundation UK","article_publisher":"https:\/\/www.facebook.com\/rainforestfoundationuk","article_modified_time":"2023-01-10T15:33:18+00:00","og_image":[{"width":922,"height":692,"url":"https:\/\/staging.rainforestfoundationuk.org\/wp-content\/uploads\/2022\/09\/kidz.jpg","type":"image\/jpeg"}],"twitter_card":"summary_large_image","twitter_site":"@RFUK","twitter_misc":{"Est. reading time":"2 minutos"},"schema":{"@context":"https:\/\/schema.org","@graph":[{"@type":"WebPage","@id":"https:\/\/staging.rainforestfoundationuk.org\/what-you-can-do\/schools-and-fundraising\/","url":"https:\/\/staging.rainforestfoundationuk.org\/what-you-can-do\/schools-and-fundraising\/","name":"Schools & Fundraising - Staging Rainforest Foundation UK","isPartOf":{"@id":"https:\/\/staging.rainforestfoundationuk.org\/#website"},"primaryImageOfPage":{"@id":"https:\/\/staging.rainforestfoundationuk.org\/what-you-can-do\/schools-and-fundraising\/#primaryimage"},"image":{"@id":"https:\/\/staging.rainforestfoundationuk.org\/what-you-can-do\/schools-and-fundraising\/#primaryimage"},"thumbnailUrl":"https:\/\/staging.rainforestfoundationuk.org\/wp-content\/uploads\/2022\/09\/kidz.jpg","datePublished":"2021-09-13T09:43:18+00:00","dateModified":"2023-01-10T15:33:18+00:00","breadcrumb":{"@id":"https:\/\/staging.rainforestfoundationuk.org\/what-you-can-do\/schools-and-fundraising\/#breadcrumb"},"inLanguage":"es-PE","potentialAction":[{"@type":"ReadAction","target":["https:\/\/staging.rainforestfoundationuk.org\/what-you-can-do\/schools-and-fundraising\/"]}]},{"@type":"ImageObject","inLanguage":"es-PE","@id":"https:\/\/staging.rainforestfoundationuk.org\/what-you-can-do\/schools-and-fundraising\/#primaryimage","url":"https:\/\/staging.rainforestfoundationuk.org\/wp-content\/uploads\/2022\/09\/kidz.jpg","contentUrl":"https:\/\/staging.rainforestfoundationuk.org\/wp-content\/uploads\/2022\/09\/kidz.jpg","width":922,"height":692},{"@type":"BreadcrumbList","@id":"https:\/\/staging.rainforestfoundationuk.org\/what-you-can-do\/schools-and-fundraising\/#breadcrumb","itemListElement":[{"@type":"ListItem","position":1,"name":"Home","item":"https:\/\/staging.rainforestfoundationuk.org\/"},{"@type":"ListItem","position":2,"name":"What You Can Do","item":"https:\/\/staging.rainforestfoundationuk.org\/what-you-can-do\/"},{"@type":"ListItem","position":3,"name":"Schools &#038; Fundraising"}]},{"@type":"WebSite","@id":"https:\/\/staging.rainforestfoundationuk.org\/#website","url":"https:\/\/staging.rainforestfoundationuk.org\/","name":"Fundaci\u00f3n Rainforest del Reino Unido","description":"Proteger la tierra, preservar la vida","publisher":{"@id":"https:\/\/staging.rainforestfoundationuk.org\/#organization"},"potentialAction":[{"@type":"SearchAction","target":{"@type":"EntryPoint","urlTemplate":"https:\/\/staging.rainforestfoundationuk.org\/?s={search_term_string}"},"query-input":{"@type":"PropertyValueSpecification","valueRequired":true,"valueName":"search_term_string"}}],"inLanguage":"es-PE"},{"@type":"Organization","@id":"https:\/\/staging.rainforestfoundationuk.org\/#organization","name":"Fundaci\u00f3n Rainforest del Reino Unido","url":"https:\/\/staging.rainforestfoundationuk.org\/","logo":{"@type":"ImageObject","inLanguage":"es-PE","@id":"https:\/\/staging.rainforestfoundationuk.org\/#\/schema\/logo\/image\/","url":"https:\/\/staging.rainforestfoundationuk.org\/wp-content\/uploads\/2023\/08\/RFUK-logo-black.svg","contentUrl":"https:\/\/staging.rainforestfoundationuk.org\/wp-content\/uploads\/2023\/08\/RFUK-logo-black.svg","width":1278,"height":332,"caption":"Rainforest Foundation UK"},"image":{"@id":"https:\/\/staging.rainforestfoundationuk.org\/#\/schema\/logo\/image\/"},"sameAs":["https:\/\/www.facebook.com\/rainforestfoundationuk","https:\/\/x.com\/RFUK","https:\/\/www.instagram.com\/rainforestfoundationuk\/","https:\/\/www.youtube.com\/user\/theRFUK"]}]}},"_links":{"self":[{"href":"https:\/\/staging.rainforestfoundationuk.org\/es\/wp-json\/wp\/v2\/pages\/235","targetHints":{"allow":["GET"]}}],"collection":[{"href":"https:\/\/staging.rainforestfoundationuk.org\/es\/wp-json\/wp\/v2\/pages"}],"about":[{"href":"https:\/\/staging.rainforestfoundationuk.org\/es\/wp-json\/wp\/v2\/types\/page"}],"author":[{"embeddable":true,"href":"https:\/\/staging.rainforestfoundationuk.org\/es\/wp-json\/wp\/v2\/users\/2"}],"replies":[{"embeddable":true,"href":"https:\/\/staging.rainforestfoundationuk.org\/es\/wp-json\/wp\/v2\/comments?post=235"}],"version-history":[{"count":5,"href":"https:\/\/staging.rainforestfoundationuk.org\/es\/wp-json\/wp\/v2\/pages\/235\/revisions"}],"predecessor-version":[{"id":5561,"href":"https:\/\/staging.rainforestfoundationuk.org\/es\/wp-json\/wp\/v2\/pages\/235\/revisions\/5561"}],"up":[{"embeddable":true,"href":"https:\/\/staging.rainforestfoundationuk.org\/es\/wp-json\/wp\/v2\/pages\/4284"}],"wp:featuredmedia":[{"embeddable":true,"href":"https:\/\/staging.rainforestfoundationuk.org\/es\/wp-json\/wp\/v2\/media\/4551"}],"wp:attachment":[{"href":"https:\/\/staging.rainforestfoundationuk.org\/es\/wp-json\/wp\/v2\/media?parent=235"}],"curies":[{"name":"wp","href":"https:\/\/api.w.org\/{rel}","templated":true}]}}