{"id":359,"date":"2021-09-14T20:05:40","date_gmt":"2021-09-14T20:05:40","guid":{"rendered":"https:\/\/staging.rainforestfoundationuk.org\/?page_id=359"},"modified":"2024-09-17T14:23:52","modified_gmt":"2024-09-17T13:23:52","slug":"fideicomisos-y-fundaciones","status":"publish","type":"page","link":"https:\/\/staging.rainforestfoundationuk.org\/es\/lo-que-puede-hacer\/fideicomisos-y-fundaciones\/","title":{"rendered":"Fideicomisos y fundaciones"},"content":{"rendered":"<h3>Deposita tu confianza en Rainforest Foundation UK y ay\u00fadanos a construir un futuro s\u00f3lido para las comunidades de la selva tropical.<\/h3>\n<p>Charitable Trusts and Foundations are crucial to our work. Together, we can make a real difference to the lives of indigenous and traditional communities and the forests they inhabit.\u00a0\u00a0<\/p>\n<p>He aqu\u00ed algunos ejemplos de lo que RFUK y Trusts and Foundations han conseguido juntos:\u00a0<\/p>\n\t\t\t\t<img loading=\"lazy\" decoding=\"async\" src=\"https:\/\/staging.rainforestfoundationuk.org\/wp-content\/uploads\/2024\/09\/1.png\" alt=\"1\" itemprop=\"image\" height=\"3456\" width=\"6912\" title=\"1\" onerror=\"this.style.display='none'\"  \/>\n\t\t\t\t<a href=\"https:\/\/www.mappingforrights.org\/\" target=\"_self\" itemprop=\"url\" rel=\"noopener\">\n\t\t\t\t<img decoding=\"async\" src=\"https:\/\/staging.rainforestfoundationuk.org\/wp-content\/uploads\/2022\/04\/45167085-619d-4a14-a6c8-daa6e4ae9f9c.jpg\" alt=\"45167085-619d-4a14-a6c8-daa6e4ae9f9c\" itemprop=\"image\" title=\"45167085-619d-4a14-a6c8-daa6e4ae9f9c\" onerror=\"this.style.display='none'\"  \/>\n\t\t\t\t<\/a>\n<h3>\n\t\t<a href=\"https:\/\/www.mappingforrights.org\/\" title=\"Cartograf\u00eda de los derechos\" target=\"_self\" rel=\"noopener\">\n\t\tCartograf\u00eda de los derechos\n\t\t<\/a>\n\t<\/h3>\n\t<p>A trav\u00e9s de nuestra iniciativa MappingForRights, hemos ayudado a cientos de comunidades forestales de toda la cuenca del Congo a elaborar mapas de sus tierras y recursos, un primer paso crucial para el reconocimiento legal.<\/p>\n\t\t\t\t<a href=\"http:\/\/www.forestlink.org\/\" target=\"_self\" itemprop=\"url\" rel=\"noopener\">\n\t\t\t\t<img decoding=\"async\" src=\"https:\/\/staging.rainforestfoundationuk.org\/wp-content\/uploads\/2022\/09\/Screenshot-2022-05-30-172942.png\" alt=\"Pruebas de registro RTM\" itemprop=\"image\" title=\"Pruebas de registro RTM\" onerror=\"this.style.display='none'\"  \/>\n\t\t\t\t<\/a>\n<h3>\n\t\t<a href=\"http:\/\/www.forestlink.org\/\" title=\"Vigilancia forestal comunitaria\" target=\"_self\" rel=\"noopener\">\n\t\tVigilancia forestal comunitaria\n\t\t<\/a>\n\t<\/h3>\n\t<p>Nuestro innovador sistema ForestLink est\u00e1 transformando la forma de vigilar y proteger los bosques tropicales, capacitando a las comunidades que los habitan con tecnolog\u00edas sencillas y de bajo coste para enviar alertas en tiempo real de deforestaci\u00f3n ilegal, incluso desde zonas remotas sin conectividad.<\/p>\n\t\t\t\t<a href=\"http:\/\/rainforestparksandpeople.org\/detailed-case-studies\/\" target=\"_self\" itemprop=\"url\" rel=\"noopener\">\n\t\t\t\t<img decoding=\"async\" src=\"https:\/\/staging.rainforestfoundationuk.org\/wp-content\/uploads\/2021\/11\/9ccb1712-f13f-40c6-a769-2beb73a02685.jpg\" alt=\"9ccb1712-f13f-40c6-a769-2beb73a02685\" itemprop=\"image\" title=\"9ccb1712-f13f-40c6-a769-2beb73a02685\" onerror=\"this.style.display='none'\"  \/>\n\t\t\t\t<\/a>\n<h3>\n\t\t<a href=\"http:\/\/rainforestparksandpeople.org\/detailed-case-studies\/\" title=\"Investigaci\u00f3n de violaciones de los derechos humanos\" target=\"_self\" rel=\"noopener\">\n\t\tInvestigaci\u00f3n de violaciones de los derechos humanos\n\t\t<\/a>\n\t<\/h3>\n\t<p>Nuestras investigaciones sobre violaciones de los derechos humanos en zonas estrictamente protegidas y sus alrededores han llevado la justicia a los supervivientes y desencadenado una oleada de reformas mundiales para la conservaci\u00f3n de la biodiversidad.<\/p>\n\t<h3>Si quieres ayudarnos a construir una sociedad en la que los pueblos ind\u00edgenas y otras comunidades locales de las selvas tropicales del mundo puedan ejercer sus derechos a la tierra, la vida y los medios de subsistencia, ponte en contacto con nosotros.<\/h3>\n\t\t\t<a href=\"mailto:louisec@rainforestuk.org\" target=\"_self\" rel=\"noopener\">\n\t\t\t\t\t\t\tP\u00f3ngase en contacto con nosotros\n\t\t\t\t\t<\/a>","protected":false},"excerpt":{"rendered":"<p>Deposita tu confianza en Rainforest Foundation UK y ay\u00fadanos a construir un futuro s\u00f3lido para las comunidades de la selva tropical Las fundaciones ben\u00e9ficas son cruciales para nuestro trabajo. Juntos, podemos marcar una diferencia real en las vidas de las comunidades ind\u00edgenas y tradicionales y en los bosques que habitan.<\/p>","protected":false},"author":2,"featured_media":3142,"parent":4284,"menu_order":4,"comment_status":"closed","ping_status":"closed","template":"","meta":{"_acf_changed":false,"footnotes":""},"class_list":{"0":"post-359","1":"page","2":"type-page","3":"status-publish","4":"has-post-thumbnail","6":"no-featured-image-padding"},"acf":[],"yoast_head":"<!-- This site is optimized with the Yoast SEO plugin v27.4 - https:\/\/yoast.com\/product\/yoast-seo-wordpress\/ -->\n<title>Trusts &amp; Foundations - Staging Rainforest Foundation UK<\/title>\n<meta name=\"robots\" content=\"noindex, follow, max-snippet:-1, max-image-preview:large, max-video-preview:-1\" \/>\n<meta property=\"og:locale\" content=\"es_ES\" \/>\n<meta property=\"og:type\" content=\"article\" \/>\n<meta property=\"og:title\" content=\"Trusts &amp; Foundations - Staging Rainforest Foundation UK\" \/>\n<meta property=\"og:description\" content=\"Put your trust in Rainforest Foundation UK, and help us build a strong future for rainforest communities Charitable Trusts and Foundations are crucial to our work. Together, we can make a real difference to the lives of indigenous and traditional communities and the forests they inhabit.\" \/>\n<meta property=\"og:url\" content=\"https:\/\/staging.rainforestfoundationuk.org\/es\/lo-que-puede-hacer\/fideicomisos-y-fundaciones\/\" \/>\n<meta property=\"og:site_name\" content=\"Staging Rainforest Foundation UK\" \/>\n<meta property=\"article:publisher\" content=\"https:\/\/www.facebook.com\/rainforestfoundationuk\" \/>\n<meta property=\"article:modified_time\" content=\"2024-09-17T13:23:52+00:00\" \/>\n<meta property=\"og:image\" content=\"https:\/\/staging.rainforestfoundationuk.org\/wp-content\/uploads\/2022\/04\/45167085-619d-4a14-a6c8-daa6e4ae9f9c.jpg\" \/>\n\t<meta property=\"og:image:width\" content=\"971\" \/>\n\t<meta property=\"og:image:height\" content=\"546\" \/>\n\t<meta property=\"og:image:type\" content=\"image\/jpeg\" \/>\n<meta name=\"twitter:card\" content=\"summary_large_image\" \/>\n<meta name=\"twitter:site\" content=\"@RFUK\" \/>\n<meta name=\"twitter:label1\" content=\"Est. reading time\" \/>\n\t<meta name=\"twitter:data1\" content=\"2 minutos\" \/>\n<script type=\"application\/ld+json\" class=\"yoast-schema-graph\">{\"@context\":\"https:\\\/\\\/schema.org\",\"@graph\":[{\"@type\":\"WebPage\",\"@id\":\"https:\\\/\\\/staging.rainforestfoundationuk.org\\\/what-you-can-do\\\/trusts-and-foundations\\\/\",\"url\":\"https:\\\/\\\/staging.rainforestfoundationuk.org\\\/what-you-can-do\\\/trusts-and-foundations\\\/\",\"name\":\"Trusts & Foundations - Staging Rainforest Foundation UK\",\"isPartOf\":{\"@id\":\"https:\\\/\\\/staging.rainforestfoundationuk.org\\\/#website\"},\"primaryImageOfPage\":{\"@id\":\"https:\\\/\\\/staging.rainforestfoundationuk.org\\\/what-you-can-do\\\/trusts-and-foundations\\\/#primaryimage\"},\"image\":{\"@id\":\"https:\\\/\\\/staging.rainforestfoundationuk.org\\\/what-you-can-do\\\/trusts-and-foundations\\\/#primaryimage\"},\"thumbnailUrl\":\"https:\\\/\\\/staging.rainforestfoundationuk.org\\\/wp-content\\\/uploads\\\/2022\\\/04\\\/45167085-619d-4a14-a6c8-daa6e4ae9f9c.jpg\",\"datePublished\":\"2021-09-14T20:05:40+00:00\",\"dateModified\":\"2024-09-17T13:23:52+00:00\",\"breadcrumb\":{\"@id\":\"https:\\\/\\\/staging.rainforestfoundationuk.org\\\/what-you-can-do\\\/trusts-and-foundations\\\/#breadcrumb\"},\"inLanguage\":\"es-PE\",\"potentialAction\":[{\"@type\":\"ReadAction\",\"target\":[\"https:\\\/\\\/staging.rainforestfoundationuk.org\\\/what-you-can-do\\\/trusts-and-foundations\\\/\"]}]},{\"@type\":\"ImageObject\",\"inLanguage\":\"es-PE\",\"@id\":\"https:\\\/\\\/staging.rainforestfoundationuk.org\\\/what-you-can-do\\\/trusts-and-foundations\\\/#primaryimage\",\"url\":\"https:\\\/\\\/staging.rainforestfoundationuk.org\\\/wp-content\\\/uploads\\\/2022\\\/04\\\/45167085-619d-4a14-a6c8-daa6e4ae9f9c.jpg\",\"contentUrl\":\"https:\\\/\\\/staging.rainforestfoundationuk.org\\\/wp-content\\\/uploads\\\/2022\\\/04\\\/45167085-619d-4a14-a6c8-daa6e4ae9f9c.jpg\",\"width\":971,\"height\":546},{\"@type\":\"BreadcrumbList\",\"@id\":\"https:\\\/\\\/staging.rainforestfoundationuk.org\\\/what-you-can-do\\\/trusts-and-foundations\\\/#breadcrumb\",\"itemListElement\":[{\"@type\":\"ListItem\",\"position\":1,\"name\":\"Home\",\"item\":\"https:\\\/\\\/staging.rainforestfoundationuk.org\\\/\"},{\"@type\":\"ListItem\",\"position\":2,\"name\":\"What You Can Do\",\"item\":\"https:\\\/\\\/staging.rainforestfoundationuk.org\\\/what-you-can-do\\\/\"},{\"@type\":\"ListItem\",\"position\":3,\"name\":\"Trusts &#038; Foundations\"}]},{\"@type\":\"WebSite\",\"@id\":\"https:\\\/\\\/staging.rainforestfoundationuk.org\\\/#website\",\"url\":\"https:\\\/\\\/staging.rainforestfoundationuk.org\\\/\",\"name\":\"Rainforest Foundation UK\",\"description\":\"Securing lands, sustaining lives\",\"publisher\":{\"@id\":\"https:\\\/\\\/staging.rainforestfoundationuk.org\\\/#organization\"},\"potentialAction\":[{\"@type\":\"SearchAction\",\"target\":{\"@type\":\"EntryPoint\",\"urlTemplate\":\"https:\\\/\\\/staging.rainforestfoundationuk.org\\\/?s={search_term_string}\"},\"query-input\":{\"@type\":\"PropertyValueSpecification\",\"valueRequired\":true,\"valueName\":\"search_term_string\"}}],\"inLanguage\":\"es-PE\"},{\"@type\":\"Organization\",\"@id\":\"https:\\\/\\\/staging.rainforestfoundationuk.org\\\/#organization\",\"name\":\"Rainforest Foundation UK\",\"url\":\"https:\\\/\\\/staging.rainforestfoundationuk.org\\\/\",\"logo\":{\"@type\":\"ImageObject\",\"inLanguage\":\"es-PE\",\"@id\":\"https:\\\/\\\/staging.rainforestfoundationuk.org\\\/#\\\/schema\\\/logo\\\/image\\\/\",\"url\":\"https:\\\/\\\/staging.rainforestfoundationuk.org\\\/wp-content\\\/uploads\\\/2023\\\/08\\\/RFUK-logo-black.svg\",\"contentUrl\":\"https:\\\/\\\/staging.rainforestfoundationuk.org\\\/wp-content\\\/uploads\\\/2023\\\/08\\\/RFUK-logo-black.svg\",\"width\":1278,\"height\":332,\"caption\":\"Rainforest Foundation UK\"},\"image\":{\"@id\":\"https:\\\/\\\/staging.rainforestfoundationuk.org\\\/#\\\/schema\\\/logo\\\/image\\\/\"},\"sameAs\":[\"https:\\\/\\\/www.facebook.com\\\/rainforestfoundationuk\",\"https:\\\/\\\/x.com\\\/RFUK\",\"https:\\\/\\\/www.instagram.com\\\/rainforestfoundationuk\\\/\",\"https:\\\/\\\/www.youtube.com\\\/user\\\/theRFUK\"]}]}<\/script>\n<!-- \/ Yoast SEO plugin. -->","yoast_head_json":{"title":"Trusts & Foundations - Staging Rainforest Foundation UK","robots":{"index":"noindex","follow":"follow","max-snippet":"max-snippet:-1","max-image-preview":"max-image-preview:large","max-video-preview":"max-video-preview:-1"},"og_locale":"es_ES","og_type":"article","og_title":"Trusts & Foundations - Staging Rainforest Foundation UK","og_description":"Put your trust in Rainforest Foundation UK, and help us build a strong future for rainforest communities Charitable Trusts and Foundations are crucial to our work. Together, we can make a real difference to the lives of indigenous and traditional communities and the forests they inhabit.","og_url":"https:\/\/staging.rainforestfoundationuk.org\/es\/lo-que-puede-hacer\/fideicomisos-y-fundaciones\/","og_site_name":"Staging Rainforest Foundation UK","article_publisher":"https:\/\/www.facebook.com\/rainforestfoundationuk","article_modified_time":"2024-09-17T13:23:52+00:00","og_image":[{"width":971,"height":546,"url":"https:\/\/staging.rainforestfoundationuk.org\/wp-content\/uploads\/2022\/04\/45167085-619d-4a14-a6c8-daa6e4ae9f9c.jpg","type":"image\/jpeg"}],"twitter_card":"summary_large_image","twitter_site":"@RFUK","twitter_misc":{"Est. reading time":"2 minutos"},"schema":{"@context":"https:\/\/schema.org","@graph":[{"@type":"WebPage","@id":"https:\/\/staging.rainforestfoundationuk.org\/what-you-can-do\/trusts-and-foundations\/","url":"https:\/\/staging.rainforestfoundationuk.org\/what-you-can-do\/trusts-and-foundations\/","name":"Trusts & Foundations - Staging Rainforest Foundation UK","isPartOf":{"@id":"https:\/\/staging.rainforestfoundationuk.org\/#website"},"primaryImageOfPage":{"@id":"https:\/\/staging.rainforestfoundationuk.org\/what-you-can-do\/trusts-and-foundations\/#primaryimage"},"image":{"@id":"https:\/\/staging.rainforestfoundationuk.org\/what-you-can-do\/trusts-and-foundations\/#primaryimage"},"thumbnailUrl":"https:\/\/staging.rainforestfoundationuk.org\/wp-content\/uploads\/2022\/04\/45167085-619d-4a14-a6c8-daa6e4ae9f9c.jpg","datePublished":"2021-09-14T20:05:40+00:00","dateModified":"2024-09-17T13:23:52+00:00","breadcrumb":{"@id":"https:\/\/staging.rainforestfoundationuk.org\/what-you-can-do\/trusts-and-foundations\/#breadcrumb"},"inLanguage":"es-PE","potentialAction":[{"@type":"ReadAction","target":["https:\/\/staging.rainforestfoundationuk.org\/what-you-can-do\/trusts-and-foundations\/"]}]},{"@type":"ImageObject","inLanguage":"es-PE","@id":"https:\/\/staging.rainforestfoundationuk.org\/what-you-can-do\/trusts-and-foundations\/#primaryimage","url":"https:\/\/staging.rainforestfoundationuk.org\/wp-content\/uploads\/2022\/04\/45167085-619d-4a14-a6c8-daa6e4ae9f9c.jpg","contentUrl":"https:\/\/staging.rainforestfoundationuk.org\/wp-content\/uploads\/2022\/04\/45167085-619d-4a14-a6c8-daa6e4ae9f9c.jpg","width":971,"height":546},{"@type":"BreadcrumbList","@id":"https:\/\/staging.rainforestfoundationuk.org\/what-you-can-do\/trusts-and-foundations\/#breadcrumb","itemListElement":[{"@type":"ListItem","position":1,"name":"Home","item":"https:\/\/staging.rainforestfoundationuk.org\/"},{"@type":"ListItem","position":2,"name":"What You Can Do","item":"https:\/\/staging.rainforestfoundationuk.org\/what-you-can-do\/"},{"@type":"ListItem","position":3,"name":"Trusts &#038; Foundations"}]},{"@type":"WebSite","@id":"https:\/\/staging.rainforestfoundationuk.org\/#website","url":"https:\/\/staging.rainforestfoundationuk.org\/","name":"Fundaci\u00f3n Rainforest del Reino Unido","description":"Proteger la tierra, preservar la vida","publisher":{"@id":"https:\/\/staging.rainforestfoundationuk.org\/#organization"},"potentialAction":[{"@type":"SearchAction","target":{"@type":"EntryPoint","urlTemplate":"https:\/\/staging.rainforestfoundationuk.org\/?s={search_term_string}"},"query-input":{"@type":"PropertyValueSpecification","valueRequired":true,"valueName":"search_term_string"}}],"inLanguage":"es-PE"},{"@type":"Organization","@id":"https:\/\/staging.rainforestfoundationuk.org\/#organization","name":"Fundaci\u00f3n Rainforest del Reino Unido","url":"https:\/\/staging.rainforestfoundationuk.org\/","logo":{"@type":"ImageObject","inLanguage":"es-PE","@id":"https:\/\/staging.rainforestfoundationuk.org\/#\/schema\/logo\/image\/","url":"https:\/\/staging.rainforestfoundationuk.org\/wp-content\/uploads\/2023\/08\/RFUK-logo-black.svg","contentUrl":"https:\/\/staging.rainforestfoundationuk.org\/wp-content\/uploads\/2023\/08\/RFUK-logo-black.svg","width":1278,"height":332,"caption":"Rainforest Foundation UK"},"image":{"@id":"https:\/\/staging.rainforestfoundationuk.org\/#\/schema\/logo\/image\/"},"sameAs":["https:\/\/www.facebook.com\/rainforestfoundationuk","https:\/\/x.com\/RFUK","https:\/\/www.instagram.com\/rainforestfoundationuk\/","https:\/\/www.youtube.com\/user\/theRFUK"]}]}},"_links":{"self":[{"href":"https:\/\/staging.rainforestfoundationuk.org\/es\/wp-json\/wp\/v2\/pages\/359","targetHints":{"allow":["GET"]}}],"collection":[{"href":"https:\/\/staging.rainforestfoundationuk.org\/es\/wp-json\/wp\/v2\/pages"}],"about":[{"href":"https:\/\/staging.rainforestfoundationuk.org\/es\/wp-json\/wp\/v2\/types\/page"}],"author":[{"embeddable":true,"href":"https:\/\/staging.rainforestfoundationuk.org\/es\/wp-json\/wp\/v2\/users\/2"}],"replies":[{"embeddable":true,"href":"https:\/\/staging.rainforestfoundationuk.org\/es\/wp-json\/wp\/v2\/comments?post=359"}],"version-history":[{"count":5,"href":"https:\/\/staging.rainforestfoundationuk.org\/es\/wp-json\/wp\/v2\/pages\/359\/revisions"}],"predecessor-version":[{"id":8466,"href":"https:\/\/staging.rainforestfoundationuk.org\/es\/wp-json\/wp\/v2\/pages\/359\/revisions\/8466"}],"up":[{"embeddable":true,"href":"https:\/\/staging.rainforestfoundationuk.org\/es\/wp-json\/wp\/v2\/pages\/4284"}],"wp:featuredmedia":[{"embeddable":true,"href":"https:\/\/staging.rainforestfoundationuk.org\/es\/wp-json\/wp\/v2\/media\/3142"}],"wp:attachment":[{"href":"https:\/\/staging.rainforestfoundationuk.org\/es\/wp-json\/wp\/v2\/media?parent=359"}],"curies":[{"name":"wp","href":"https:\/\/api.w.org\/{rel}","templated":true}]}}