{"id":7230,"date":"2023-11-07T09:40:03","date_gmt":"2023-11-07T09:40:03","guid":{"rendered":"https:\/\/staging.rainforestfoundationuk.org\/?page_id=7230"},"modified":"2024-07-24T11:08:50","modified_gmt":"2024-07-24T10:08:50","slug":"recursos","status":"publish","type":"page","link":"https:\/\/staging.rainforestfoundationuk.org\/es\/recursos\/","title":{"rendered":"Recursos"},"content":{"rendered":"<p><a href=\"https:\/\/staging.rainforestfoundationuk.org\/es\/noticias\/\" target=\"_self\" rel=\"noopener\"> <img loading=\"lazy\" decoding=\"async\" title=\"imagen por defecto\" src=\"https:\/\/staging.rainforestfoundationuk.org\/wp-content\/uploads\/bb-plugin\/cache\/default-image-1024x576-panorama-d9307cea3836b522e6b50f4533adb6ea-.jpg\" alt=\"imagen por defecto\" width=\"1024\" height=\"576\" data-no-lazy=\"1\" \/> <\/a><\/p>\r\n<h3><a title=\"Noticias\" href=\"https:\/\/staging.rainforestfoundationuk.org\/es\/noticias\/\"> Noticias <\/a><\/h3>\r\n<p>Noticias Un nuevo an\u00e1lisis revela que los principales sistemas mundiales de compensaci\u00f3n de carbono est\u00e1n fallando a los bosques, a las personas y al clima 26 de julio de 2023 RFUK SE UNE AL LLAMAMIENTO PARA QUE EL REINO UNIDO CUMPLA CON SU COMPROMISO CLIM\u00c1TICO INTERNACIONAL 7 de julio de 2023 Una nueva herramienta de informaci\u00f3n gratuita es un gran avance para el seguimiento comunitario 23 de junio de 2023 Un momento decisivo: La expansi\u00f3n de los combustibles f\u00f3siles en ... Leer m\u00e1s <a title=\"Noticias\" href=\"https:\/\/staging.rainforestfoundationuk.org\/es\/noticias\/\" aria-label=\"More on News\">Seguir leyendo<\/a><\/p>\r\n<p><a href=\"https:\/\/staging.rainforestfoundationuk.org\/es\/publicaciones\/\" target=\"_self\" rel=\"noopener\"> <img loading=\"lazy\" decoding=\"async\" title=\"imagen por defecto\" src=\"https:\/\/staging.rainforestfoundationuk.org\/wp-content\/uploads\/bb-plugin\/cache\/default-image-1024x576-panorama-d9307cea3836b522e6b50f4533adb6ea-.jpg\" alt=\"imagen por defecto\" width=\"1024\" height=\"576\" data-no-lazy=\"1\" \/> <\/a><\/p>\r\n<h3><a title=\"Publicaciones\" href=\"https:\/\/staging.rainforestfoundationuk.org\/es\/publicaciones\/\"> Publicaciones <\/a><\/h3>\r\n<!-- .pp-content-posts -->","protected":false},"excerpt":{"rendered":"<p>Noticias Un nuevo an\u00e1lisis revela que los principales sistemas mundiales de compensaci\u00f3n de carbono est\u00e1n fallando a los bosques, a las personas y al clima 26 de julio de 2023 RFUK SE UNE AL LLAMAMIENTO PARA QUE EL REINO UNIDO CUMPLA CON SU COMPROMISO CLIM\u00c1TICO INTERNACIONAL 7 de julio de 2023 Una nueva herramienta de informaci\u00f3n gratuita es un gran avance para el seguimiento comunitario 23 de junio de 2023 Un momento decisivo: La expansi\u00f3n de los combustibles f\u00f3siles en ... Leer m\u00e1s <a title=\"Recursos\" class=\"read-more\" href=\"https:\/\/staging.rainforestfoundationuk.org\/es\/recursos\/\" aria-label=\"Read more about Resources\">Seguir leyendo<\/a><\/p>","protected":false},"author":2,"featured_media":0,"parent":0,"menu_order":0,"comment_status":"closed","ping_status":"closed","template":"","meta":{"_acf_changed":false,"footnotes":""},"class_list":{"0":"post-7230","1":"page","2":"type-page","3":"status-publish","5":"no-featured-image-padding"},"acf":[],"yoast_head":"<!-- This site is optimized with the Yoast SEO plugin v27.4 - https:\/\/yoast.com\/product\/yoast-seo-wordpress\/ -->\n<title>Resources - Staging Rainforest Foundation UK<\/title>\n<meta name=\"robots\" content=\"noindex, follow, max-snippet:-1, max-image-preview:large, max-video-preview:-1\" \/>\n<meta property=\"og:locale\" content=\"es_ES\" \/>\n<meta property=\"og:type\" content=\"article\" \/>\n<meta property=\"og:title\" content=\"Resources - Staging Rainforest Foundation UK\" \/>\n<meta property=\"og:description\" content=\"News New analysis finds leading global carbon offset schemes are failing forests, people and the climate July 26, 2023 RFUK JOINS CALL FOR UK TO HONOUR ITS INTERNATIONAL CLIMATE COMMITMENT July 7, 2023 New cost-free reporting tool is a breakthrough for community monitoring June 23, 2023 A Make Or Break Moment: Fossil Fuel Expansion In ... Read more\" \/>\n<meta property=\"og:url\" content=\"https:\/\/staging.rainforestfoundationuk.org\/es\/recursos\/\" \/>\n<meta property=\"og:site_name\" content=\"Staging Rainforest Foundation UK\" \/>\n<meta property=\"article:publisher\" content=\"https:\/\/www.facebook.com\/rainforestfoundationuk\" \/>\n<meta property=\"article:modified_time\" content=\"2024-07-24T10:08:50+00:00\" \/>\n<meta property=\"og:image\" content=\"https:\/\/staging.rainforestfoundationuk.org\/wp-content\/uploads\/bb-plugin\/cache\/default-image-1024x576-panorama-d9307cea3836b522e6b50f4533adb6ea-.jpg\" \/>\n<meta name=\"twitter:card\" content=\"summary_large_image\" \/>\n<meta name=\"twitter:site\" content=\"@RFUK\" \/>\n<meta name=\"twitter:label1\" content=\"Est. reading time\" \/>\n\t<meta name=\"twitter:data1\" content=\"1 minuto\" \/>\n<script type=\"application\/ld+json\" class=\"yoast-schema-graph\">{\"@context\":\"https:\\\/\\\/schema.org\",\"@graph\":[{\"@type\":\"WebPage\",\"@id\":\"https:\\\/\\\/staging.rainforestfoundationuk.org\\\/resources\\\/\",\"url\":\"https:\\\/\\\/staging.rainforestfoundationuk.org\\\/resources\\\/\",\"name\":\"Resources - Staging Rainforest Foundation UK\",\"isPartOf\":{\"@id\":\"https:\\\/\\\/staging.rainforestfoundationuk.org\\\/#website\"},\"primaryImageOfPage\":{\"@id\":\"https:\\\/\\\/staging.rainforestfoundationuk.org\\\/resources\\\/#primaryimage\"},\"image\":{\"@id\":\"https:\\\/\\\/staging.rainforestfoundationuk.org\\\/resources\\\/#primaryimage\"},\"thumbnailUrl\":\"https:\\\/\\\/staging.rainforestfoundationuk.org\\\/wp-content\\\/uploads\\\/bb-plugin\\\/cache\\\/default-image-1024x576-panorama-d9307cea3836b522e6b50f4533adb6ea-.jpg\",\"datePublished\":\"2023-11-07T09:40:03+00:00\",\"dateModified\":\"2024-07-24T10:08:50+00:00\",\"breadcrumb\":{\"@id\":\"https:\\\/\\\/staging.rainforestfoundationuk.org\\\/resources\\\/#breadcrumb\"},\"inLanguage\":\"es-PE\",\"potentialAction\":[{\"@type\":\"ReadAction\",\"target\":[\"https:\\\/\\\/staging.rainforestfoundationuk.org\\\/resources\\\/\"]}]},{\"@type\":\"ImageObject\",\"inLanguage\":\"es-PE\",\"@id\":\"https:\\\/\\\/staging.rainforestfoundationuk.org\\\/resources\\\/#primaryimage\",\"url\":\"https:\\\/\\\/staging.rainforestfoundationuk.org\\\/wp-content\\\/uploads\\\/bb-plugin\\\/cache\\\/default-image-1024x576-panorama-d9307cea3836b522e6b50f4533adb6ea-.jpg\",\"contentUrl\":\"https:\\\/\\\/staging.rainforestfoundationuk.org\\\/wp-content\\\/uploads\\\/bb-plugin\\\/cache\\\/default-image-1024x576-panorama-d9307cea3836b522e6b50f4533adb6ea-.jpg\"},{\"@type\":\"BreadcrumbList\",\"@id\":\"https:\\\/\\\/staging.rainforestfoundationuk.org\\\/resources\\\/#breadcrumb\",\"itemListElement\":[{\"@type\":\"ListItem\",\"position\":1,\"name\":\"Home\",\"item\":\"https:\\\/\\\/staging.rainforestfoundationuk.org\\\/\"},{\"@type\":\"ListItem\",\"position\":2,\"name\":\"Resources\"}]},{\"@type\":\"WebSite\",\"@id\":\"https:\\\/\\\/staging.rainforestfoundationuk.org\\\/#website\",\"url\":\"https:\\\/\\\/staging.rainforestfoundationuk.org\\\/\",\"name\":\"Rainforest Foundation UK\",\"description\":\"Securing lands, sustaining lives\",\"publisher\":{\"@id\":\"https:\\\/\\\/staging.rainforestfoundationuk.org\\\/#organization\"},\"potentialAction\":[{\"@type\":\"SearchAction\",\"target\":{\"@type\":\"EntryPoint\",\"urlTemplate\":\"https:\\\/\\\/staging.rainforestfoundationuk.org\\\/?s={search_term_string}\"},\"query-input\":{\"@type\":\"PropertyValueSpecification\",\"valueRequired\":true,\"valueName\":\"search_term_string\"}}],\"inLanguage\":\"es-PE\"},{\"@type\":\"Organization\",\"@id\":\"https:\\\/\\\/staging.rainforestfoundationuk.org\\\/#organization\",\"name\":\"Rainforest Foundation UK\",\"url\":\"https:\\\/\\\/staging.rainforestfoundationuk.org\\\/\",\"logo\":{\"@type\":\"ImageObject\",\"inLanguage\":\"es-PE\",\"@id\":\"https:\\\/\\\/staging.rainforestfoundationuk.org\\\/#\\\/schema\\\/logo\\\/image\\\/\",\"url\":\"https:\\\/\\\/staging.rainforestfoundationuk.org\\\/wp-content\\\/uploads\\\/2023\\\/08\\\/RFUK-logo-black.svg\",\"contentUrl\":\"https:\\\/\\\/staging.rainforestfoundationuk.org\\\/wp-content\\\/uploads\\\/2023\\\/08\\\/RFUK-logo-black.svg\",\"width\":1278,\"height\":332,\"caption\":\"Rainforest Foundation UK\"},\"image\":{\"@id\":\"https:\\\/\\\/staging.rainforestfoundationuk.org\\\/#\\\/schema\\\/logo\\\/image\\\/\"},\"sameAs\":[\"https:\\\/\\\/www.facebook.com\\\/rainforestfoundationuk\",\"https:\\\/\\\/x.com\\\/RFUK\",\"https:\\\/\\\/www.instagram.com\\\/rainforestfoundationuk\\\/\",\"https:\\\/\\\/www.youtube.com\\\/user\\\/theRFUK\"]}]}<\/script>\n<!-- \/ Yoast SEO plugin. -->","yoast_head_json":{"title":"Resources - Staging Rainforest Foundation UK","robots":{"index":"noindex","follow":"follow","max-snippet":"max-snippet:-1","max-image-preview":"max-image-preview:large","max-video-preview":"max-video-preview:-1"},"og_locale":"es_ES","og_type":"article","og_title":"Resources - Staging Rainforest Foundation UK","og_description":"News New analysis finds leading global carbon offset schemes are failing forests, people and the climate July 26, 2023 RFUK JOINS CALL FOR UK TO HONOUR ITS INTERNATIONAL CLIMATE COMMITMENT July 7, 2023 New cost-free reporting tool is a breakthrough for community monitoring June 23, 2023 A Make Or Break Moment: Fossil Fuel Expansion In ... Read more","og_url":"https:\/\/staging.rainforestfoundationuk.org\/es\/recursos\/","og_site_name":"Staging Rainforest Foundation UK","article_publisher":"https:\/\/www.facebook.com\/rainforestfoundationuk","article_modified_time":"2024-07-24T10:08:50+00:00","og_image":[{"url":"https:\/\/staging.rainforestfoundationuk.org\/wp-content\/uploads\/bb-plugin\/cache\/default-image-1024x576-panorama-d9307cea3836b522e6b50f4533adb6ea-.jpg","type":"","width":"","height":""}],"twitter_card":"summary_large_image","twitter_site":"@RFUK","twitter_misc":{"Est. reading time":"1 minuto"},"schema":{"@context":"https:\/\/schema.org","@graph":[{"@type":"WebPage","@id":"https:\/\/staging.rainforestfoundationuk.org\/resources\/","url":"https:\/\/staging.rainforestfoundationuk.org\/resources\/","name":"Resources - Staging Rainforest Foundation UK","isPartOf":{"@id":"https:\/\/staging.rainforestfoundationuk.org\/#website"},"primaryImageOfPage":{"@id":"https:\/\/staging.rainforestfoundationuk.org\/resources\/#primaryimage"},"image":{"@id":"https:\/\/staging.rainforestfoundationuk.org\/resources\/#primaryimage"},"thumbnailUrl":"https:\/\/staging.rainforestfoundationuk.org\/wp-content\/uploads\/bb-plugin\/cache\/default-image-1024x576-panorama-d9307cea3836b522e6b50f4533adb6ea-.jpg","datePublished":"2023-11-07T09:40:03+00:00","dateModified":"2024-07-24T10:08:50+00:00","breadcrumb":{"@id":"https:\/\/staging.rainforestfoundationuk.org\/resources\/#breadcrumb"},"inLanguage":"es-PE","potentialAction":[{"@type":"ReadAction","target":["https:\/\/staging.rainforestfoundationuk.org\/resources\/"]}]},{"@type":"ImageObject","inLanguage":"es-PE","@id":"https:\/\/staging.rainforestfoundationuk.org\/resources\/#primaryimage","url":"https:\/\/staging.rainforestfoundationuk.org\/wp-content\/uploads\/bb-plugin\/cache\/default-image-1024x576-panorama-d9307cea3836b522e6b50f4533adb6ea-.jpg","contentUrl":"https:\/\/staging.rainforestfoundationuk.org\/wp-content\/uploads\/bb-plugin\/cache\/default-image-1024x576-panorama-d9307cea3836b522e6b50f4533adb6ea-.jpg"},{"@type":"BreadcrumbList","@id":"https:\/\/staging.rainforestfoundationuk.org\/resources\/#breadcrumb","itemListElement":[{"@type":"ListItem","position":1,"name":"Home","item":"https:\/\/staging.rainforestfoundationuk.org\/"},{"@type":"ListItem","position":2,"name":"Resources"}]},{"@type":"WebSite","@id":"https:\/\/staging.rainforestfoundationuk.org\/#website","url":"https:\/\/staging.rainforestfoundationuk.org\/","name":"Fundaci\u00f3n Rainforest del Reino Unido","description":"Proteger la tierra, preservar la vida","publisher":{"@id":"https:\/\/staging.rainforestfoundationuk.org\/#organization"},"potentialAction":[{"@type":"SearchAction","target":{"@type":"EntryPoint","urlTemplate":"https:\/\/staging.rainforestfoundationuk.org\/?s={search_term_string}"},"query-input":{"@type":"PropertyValueSpecification","valueRequired":true,"valueName":"search_term_string"}}],"inLanguage":"es-PE"},{"@type":"Organization","@id":"https:\/\/staging.rainforestfoundationuk.org\/#organization","name":"Fundaci\u00f3n Rainforest del Reino Unido","url":"https:\/\/staging.rainforestfoundationuk.org\/","logo":{"@type":"ImageObject","inLanguage":"es-PE","@id":"https:\/\/staging.rainforestfoundationuk.org\/#\/schema\/logo\/image\/","url":"https:\/\/staging.rainforestfoundationuk.org\/wp-content\/uploads\/2023\/08\/RFUK-logo-black.svg","contentUrl":"https:\/\/staging.rainforestfoundationuk.org\/wp-content\/uploads\/2023\/08\/RFUK-logo-black.svg","width":1278,"height":332,"caption":"Rainforest Foundation UK"},"image":{"@id":"https:\/\/staging.rainforestfoundationuk.org\/#\/schema\/logo\/image\/"},"sameAs":["https:\/\/www.facebook.com\/rainforestfoundationuk","https:\/\/x.com\/RFUK","https:\/\/www.instagram.com\/rainforestfoundationuk\/","https:\/\/www.youtube.com\/user\/theRFUK"]}]}},"_links":{"self":[{"href":"https:\/\/staging.rainforestfoundationuk.org\/es\/wp-json\/wp\/v2\/pages\/7230","targetHints":{"allow":["GET"]}}],"collection":[{"href":"https:\/\/staging.rainforestfoundationuk.org\/es\/wp-json\/wp\/v2\/pages"}],"about":[{"href":"https:\/\/staging.rainforestfoundationuk.org\/es\/wp-json\/wp\/v2\/types\/page"}],"author":[{"embeddable":true,"href":"https:\/\/staging.rainforestfoundationuk.org\/es\/wp-json\/wp\/v2\/users\/2"}],"replies":[{"embeddable":true,"href":"https:\/\/staging.rainforestfoundationuk.org\/es\/wp-json\/wp\/v2\/comments?post=7230"}],"version-history":[{"count":4,"href":"https:\/\/staging.rainforestfoundationuk.org\/es\/wp-json\/wp\/v2\/pages\/7230\/revisions"}],"predecessor-version":[{"id":8291,"href":"https:\/\/staging.rainforestfoundationuk.org\/es\/wp-json\/wp\/v2\/pages\/7230\/revisions\/8291"}],"wp:attachment":[{"href":"https:\/\/staging.rainforestfoundationuk.org\/es\/wp-json\/wp\/v2\/media?parent=7230"}],"curies":[{"name":"wp","href":"https:\/\/api.w.org\/{rel}","templated":true}]}}