{"id":10,"date":"2021-01-11T14:28:28","date_gmt":"2021-01-11T14:28:28","guid":{"rendered":"https:\/\/staging.rainforestfoundationuk.org\/?page_id=10"},"modified":"2024-02-28T12:08:05","modified_gmt":"2024-02-28T12:08:05","slug":"domicile","status":"publish","type":"page","link":"https:\/\/staging.rainforestfoundationuk.org\/fr\/","title":{"rendered":"Accueil"},"content":{"rendered":"<h2>\n\t\tDerni\u00e8res nouvelles\n\t<\/h2>\n\t<p><a href=\"\/fr\/nouvelles\/\">Plus de nouvelles...<\/a><\/p>\n<h2>\n\t\tNotre travail en conservation foresti\u00e8re bas\u00e9e sur les droits\n\t<\/h2>\n<h2>\n\t\tUtiliser la technologie pour lutter contre la d\u00e9forestation\n\t<\/h2>\n\t<p>Notre initiative de surveillance communautaire des for\u00eats d\u00e9bloque le potentiel des gardiens de la for\u00eat en les connectant aux organismes charg\u00e9s de l'application de la loi pour surveiller et prot\u00e9ger les for\u00eats. Au c\u0153ur de cette initiative se trouve ForestLink, un syst\u00e8me r\u00e9volutionnaire qui permet aux communaut\u00e9s de transmettre en temps r\u00e9el des alertes g\u00e9ographiques tr\u00e8s pr\u00e9cises et peu co\u00fbteuses concernant des activit\u00e9s foresti\u00e8res ill\u00e9gales, m\u00eame depuis des zones recul\u00e9es d\u00e9pourvues de connexion.<\/p>\n\t\t\t<a href=\"\/fr\/nos-projets\/lien-avec-la-foret\/\" target=\"_self\" rel=\"noopener\">\n\t\t\t\t\t\t\tEn savoir plus\n\t\t\t\t\t<\/a>\n<h2>\n\t\tSoutenir les terres et les moyens de subsistance\n\t<\/h2>\n\t<p>Nous faisons campagne pour des lois et des politiques qui reconnaissent les droits des communaut\u00e9s sur leurs terres et leurs ressources, nous aidons \u00e0 faire conna\u00eetre les peuples forestiers \"autrement\" invisibles et nous les aidons \u00e0 \u00e9laborer et \u00e0 mettre en \u0153uvre des plans d'utilisation des terres qui prot\u00e8gent les for\u00eats et pr\u00e9servent les moyens de subsistance.\u00a0\u00a0<\/p>\n\t\t\t<a href=\"\/fr\/nos-projets\/terres-et-moyens-de-subsistance\/\" target=\"_self\" rel=\"noopener\">\n\t\t\t\t\t\t\tEn savoir plus\n\t\t\t\t\t<\/a>\n<h2>\n\t\tTransformer la recherche en action\n\t<\/h2>\n\t<p>Nos recherches, nos actions de plaidoyer et nos campagnes s'attaquent aux causes profondes de la d\u00e9forestation et de ses effets sur l'homme, d\u00e9noncent les fausses solutions \u00e0 ces menaces et \u00e9laborent des solutions r\u00e9alisables et \u00e9volutives \u00e0 l'intention des d\u00e9cideurs politiques. Ce travail est profond\u00e9ment ancr\u00e9 dans l'exp\u00e9rience pratique et vise constamment \u00e0 amplifier les voix des communaut\u00e9s foresti\u00e8res marginalis\u00e9es.\u00a0<\/p>\n\t\t\t<a href=\"\/fr\/recherche-action\/\" target=\"_self\" rel=\"noopener\">\n\t\t\t\t\t\t\tEn savoir plus\n\t\t\t\t\t<\/a>\n<h2>\n\t\tPublications\n\t<\/h2>\n\t<meta itemscope itemprop=\"mainEntityOfPage\" itemtype=\"https:\/\/schema.org\/WebPage\" itemid=\"http:\/\/7460\" content=\"Veeduri\u0301as Forestales para la Defensa de los Territorios Indi\u0301genas y la Conservacio\u0301n de la Naturaleza en la Amazoni\u0301a Peruana: la Experiencia de la FENAMAD con el Sistema de Alerta Temprana ForestLink\" \/><meta itemprop=\"datePublished\" content=\"2023-12-08\" \/><meta itemprop=\"dateModified\" content=\"2023-12-08\" \/><meta itemprop=\"name\" content=\"Rainforest Foundation UK\"\/><meta itemprop=\"url\" content=\"https:\/\/staging.rainforestfoundationuk.org\/wp-content\/uploads\/2023\/08\/RFUK-logo-black.svg\"\/><meta itemprop=\"url\" content=\"https:\/\/staging.rainforestfoundationuk.org\/author\/chantalcrainforestuk-org\/\" \/><meta itemprop=\"name\" content=\"ChantalC@rainforestuk.org\" \/><meta itemprop=\"url\" content=\"https:\/\/staging.rainforestfoundationuk.org\/wp-content\/uploads\/2023\/12\/Madre-de-Dios_FINAL_ESPANOL-2-pdf.jpg\" \/><meta itemprop=\"width\" content=\"1058\" \/><meta itemprop=\"height\" content=\"1497\" \/><meta itemprop=\"interactionType\" content=\"https:\/\/schema.org\/CommentAction\" \/><meta itemprop=\"userInteractionCount\" content=\"0\" \/>\n<img width=\"212\" height=\"300\" src=\"https:\/\/staging.rainforestfoundationuk.org\/wp-content\/uploads\/2023\/12\/Madre-de-Dios_FINAL_ESPANOL-2-pdf-212x300.jpg\" alt=\"vignette de Madre-de-Dios_FINAL_ESPANOL\" itemprop=\"image\" decoding=\"async\" loading=\"lazy\" srcset=\"https:\/\/staging.rainforestfoundationuk.org\/wp-content\/uploads\/2023\/12\/Madre-de-Dios_FINAL_ESPANOL-2-pdf-212x300.jpg 212w, https:\/\/staging.rainforestfoundationuk.org\/wp-content\/uploads\/2023\/12\/Madre-de-Dios_FINAL_ESPANOL-2-pdf-724x1024.jpg 724w, https:\/\/staging.rainforestfoundationuk.org\/wp-content\/uploads\/2023\/12\/Madre-de-Dios_FINAL_ESPANOL-2-pdf-768x1087.jpg 768w, https:\/\/staging.rainforestfoundationuk.org\/wp-content\/uploads\/2023\/12\/Madre-de-Dios_FINAL_ESPANOL-2-pdf-8x12.jpg 8w, https:\/\/staging.rainforestfoundationuk.org\/wp-content\/uploads\/2023\/12\/Madre-de-Dios_FINAL_ESPANOL-2-pdf.jpg 1058w\" sizes=\"auto, (max-width: 212px) 100vw, 212px\" \/>\n    <h3>Veedur\u00edas Forestales para la Defensa de los Territorios Ind\u00edgenas y la Conservaci\u00f3n de la Naturaleza en la Amazon\u00eda Peruana : la Experiencia de la FENAMAD con el Sistema de Alerta Temprana ForestLink<\/h3>\n    \t8 d\u00e9cembre 2023\n\t<a href=\"https:\/\/staging.rainforestfoundationuk.org\/wp-content\/uploads\/2023\/12\/Madre-de-Dios_FINAL_ESPANOL-3.pdf\" target=\"_blank\" rel=\"noopener\">View Spanish<\/a>\n\t<meta itemscope itemprop=\"mainEntityOfPage\" itemtype=\"https:\/\/schema.org\/WebPage\" itemid=\"http:\/\/7424\" content=\"Executive Summary: Forest Observatories for the Defence of Indigenous Territories and the Conservation of Nature in the Peruvian Amazon: the Experience of the Native Federation of Madre de Dios and the ForestLink Project\" \/><meta itemprop=\"datePublished\" content=\"2023-12-08\" \/><meta itemprop=\"dateModified\" content=\"2023-12-10\" \/><meta itemprop=\"name\" content=\"Rainforest Foundation UK\"\/><meta itemprop=\"url\" content=\"https:\/\/staging.rainforestfoundationuk.org\/wp-content\/uploads\/2023\/08\/RFUK-logo-black.svg\"\/><meta itemprop=\"url\" content=\"https:\/\/staging.rainforestfoundationuk.org\/author\/chantalcrainforestuk-org\/\" \/><meta itemprop=\"name\" content=\"ChantalC@rainforestuk.org\" \/><meta itemprop=\"url\" content=\"https:\/\/staging.rainforestfoundationuk.org\/wp-content\/uploads\/2023\/12\/Veedurias_front-cover-1.png\" \/><meta itemprop=\"width\" content=\"659\" \/><meta itemprop=\"height\" content=\"933\" \/><meta itemprop=\"interactionType\" content=\"https:\/\/schema.org\/CommentAction\" \/><meta itemprop=\"userInteractionCount\" content=\"0\" \/>\n<img width=\"212\" height=\"300\" src=\"https:\/\/staging.rainforestfoundationuk.org\/wp-content\/uploads\/2023\/12\/Veedurias_front-cover-1-212x300.png\" alt=\"\" itemprop=\"image\" decoding=\"async\" loading=\"lazy\" srcset=\"https:\/\/staging.rainforestfoundationuk.org\/wp-content\/uploads\/2023\/12\/Veedurias_front-cover-1-212x300.png 212w, https:\/\/staging.rainforestfoundationuk.org\/wp-content\/uploads\/2023\/12\/Veedurias_front-cover-1-8x12.png 8w, https:\/\/staging.rainforestfoundationuk.org\/wp-content\/uploads\/2023\/12\/Veedurias_front-cover-1.png 659w\" sizes=\"auto, (max-width: 212px) 100vw, 212px\" \/>\n    <h3>R\u00e9sum\u00e9 ex\u00e9cutif : Observatoires forestiers pour la d\u00e9fense des territoires indig\u00e8nes et la conservation de la nature en Amazonie p\u00e9ruvienne : l'exp\u00e9rience de la F\u00e9d\u00e9ration indig\u00e8ne de Madre de Dios et du projet ForestLink<\/h3>\n    \t8 d\u00e9cembre 2023\n\t<a href=\"https:\/\/staging.rainforestfoundationuk.org\/wp-content\/uploads\/2023\/12\/Madre-de-Dios_FINAL_Executive_Summary-ENGLISH-1.pdf\" target=\"_blank\" rel=\"noopener\">View English<\/a>\n\t<a href=\"https:\/\/staging.rainforestfoundationuk.org\/wp-content\/uploads\/2023\/12\/Madre-de-Dios_FINAL_Resumen_Ejecutivo-1-2.pdf\" target=\"_blank\" rel=\"noopener\">View Spanish<\/a>\n\t<meta itemscope itemprop=\"mainEntityOfPage\" itemtype=\"https:\/\/schema.org\/WebPage\" itemid=\"http:\/\/7080\" content=\"Three Basins Summit Statement\" \/><meta itemprop=\"datePublished\" content=\"2023-10-25\" \/><meta itemprop=\"dateModified\" content=\"2023-10-26\" \/><meta itemprop=\"name\" content=\"Rainforest Foundation UK\"\/><meta itemprop=\"url\" content=\"https:\/\/staging.rainforestfoundationuk.org\/wp-content\/uploads\/2023\/08\/RFUK-logo-black.svg\"\/><meta itemprop=\"url\" content=\"https:\/\/staging.rainforestfoundationuk.org\/author\/louisecrainforestuk-org\/\" \/><meta itemprop=\"name\" content=\"louisec@rainforestuk.org\" \/><meta itemprop=\"url\" content=\"https:\/\/staging.rainforestfoundationuk.org\/wp-content\/uploads\/2023\/10\/Screenshot-2023-10-25-180032-1.png\" \/><meta itemprop=\"width\" content=\"794\" \/><meta itemprop=\"height\" content=\"852\" \/><meta itemprop=\"interactionType\" content=\"https:\/\/schema.org\/CommentAction\" \/><meta itemprop=\"userInteractionCount\" content=\"0\" \/>\n<img width=\"280\" height=\"300\" src=\"https:\/\/staging.rainforestfoundationuk.org\/wp-content\/uploads\/2023\/10\/Screenshot-2023-10-25-180032-1-280x300.png\" alt=\"\" itemprop=\"image\" decoding=\"async\" loading=\"lazy\" srcset=\"https:\/\/staging.rainforestfoundationuk.org\/wp-content\/uploads\/2023\/10\/Screenshot-2023-10-25-180032-1-280x300.png 280w, https:\/\/staging.rainforestfoundationuk.org\/wp-content\/uploads\/2023\/10\/Screenshot-2023-10-25-180032-1-768x824.png 768w, https:\/\/staging.rainforestfoundationuk.org\/wp-content\/uploads\/2023\/10\/Screenshot-2023-10-25-180032-1-11x12.png 11w, https:\/\/staging.rainforestfoundationuk.org\/wp-content\/uploads\/2023\/10\/Screenshot-2023-10-25-180032-1.png 794w\" sizes=\"auto, (max-width: 280px) 100vw, 280px\" \/>\n    <h3>D\u00e9claration du sommet des trois bassins<\/h3>\n    \t25 octobre 2023\n\t<a href=\"https:\/\/staging.rainforestfoundationuk.org\/wp-content\/uploads\/2023\/10\/Three-Basins-Summit-Statement_EN.pdf\" target=\"_blank\" rel=\"noopener\">View English<\/a>\n\t<a href=\"https:\/\/staging.rainforestfoundationuk.org\/wp-content\/uploads\/2023\/10\/Three-Basins-Summit-Statement_FR.pdf\" target=\"_blank\" rel=\"noopener\">Voir le fran\u00e7ais<\/a>\n\t<meta itemscope itemprop=\"mainEntityOfPage\" itemtype=\"https:\/\/schema.org\/WebPage\" itemid=\"http:\/\/6554\" content=\"Map story: Credits Where They Are Not Due\" \/><meta itemprop=\"datePublished\" content=\"2023-07-26\" \/><meta itemprop=\"dateModified\" content=\"2023-07-26\" \/><meta itemprop=\"name\" content=\"Rainforest Foundation UK\"\/><meta itemprop=\"url\" content=\"https:\/\/staging.rainforestfoundationuk.org\/wp-content\/uploads\/2023\/08\/RFUK-logo-black.svg\"\/><meta itemprop=\"url\" content=\"https:\/\/staging.rainforestfoundationuk.org\/author\/chantalcrainforestuk-org\/\" \/><meta itemprop=\"name\" content=\"ChantalC@rainforestuk.org\" \/><meta itemprop=\"url\" content=\"https:\/\/staging.rainforestfoundationuk.org\/wp-content\/uploads\/2023\/07\/JA-557-Carbon-credits-report-cover-1-2-scaled.jpg\" \/><meta itemprop=\"width\" content=\"1810\" \/><meta itemprop=\"height\" content=\"2560\" \/><meta itemprop=\"interactionType\" content=\"https:\/\/schema.org\/CommentAction\" \/><meta itemprop=\"userInteractionCount\" content=\"0\" \/>\n<img width=\"212\" height=\"300\" src=\"https:\/\/staging.rainforestfoundationuk.org\/wp-content\/uploads\/2023\/07\/JA-557-Carbon-credits-report-cover-1-2-212x300.jpg\" alt=\"\" itemprop=\"image\" decoding=\"async\" loading=\"lazy\" srcset=\"https:\/\/staging.rainforestfoundationuk.org\/wp-content\/uploads\/2023\/07\/JA-557-Carbon-credits-report-cover-1-2-212x300.jpg 212w, https:\/\/staging.rainforestfoundationuk.org\/wp-content\/uploads\/2023\/07\/JA-557-Carbon-credits-report-cover-1-2-724x1024.jpg 724w, https:\/\/staging.rainforestfoundationuk.org\/wp-content\/uploads\/2023\/07\/JA-557-Carbon-credits-report-cover-1-2-768x1086.jpg 768w, https:\/\/staging.rainforestfoundationuk.org\/wp-content\/uploads\/2023\/07\/JA-557-Carbon-credits-report-cover-1-2-1086x1536.jpg 1086w, https:\/\/staging.rainforestfoundationuk.org\/wp-content\/uploads\/2023\/07\/JA-557-Carbon-credits-report-cover-1-2-1448x2048.jpg 1448w, https:\/\/staging.rainforestfoundationuk.org\/wp-content\/uploads\/2023\/07\/JA-557-Carbon-credits-report-cover-1-2-8x12.jpg 8w, https:\/\/staging.rainforestfoundationuk.org\/wp-content\/uploads\/2023\/07\/JA-557-Carbon-credits-report-cover-1-2-scaled.jpg 1810w\" sizes=\"auto, (max-width: 212px) 100vw, 212px\" \/>\n    <h3>Histoire de la carte : Des cr\u00e9dits l\u00e0 o\u00f9 ils ne sont pas dus<\/h3>\n    \t26 juillet 2023\n\t<a href=\"https:\/\/storymaps.arcgis.com\/stories\/15dc099ba6054b6da1ae9646a3f706d8\" target=\"_blank\" rel=\"noopener\">View English<\/a>\n\t<a href=\"\" target=\"_blank\" rel=\"noopener\">Voir le fran\u00e7ais<\/a>\n\t\t<!-- .pp-content-posts -->\n\t<p><a href=\"\/fr\/publications\/\">Plus de publications...<\/a><\/p>\n\t\t\t\t<a href=\"\/fr\/ce-que-vous-pouvez-faire\/support-us\/newsletter\/\" target=\"_self\" itemprop=\"url\" rel=\"noopener\">\n\t\t\t\t<img decoding=\"async\" src=\"https:\/\/staging.rainforestfoundationuk.org\/wp-content\/uploads\/2021\/10\/f45324d9-f62e-4a94-99cb-0edb5922136a.jpg\" alt=\"f45324d9-f62e-4a94-99cb-0edb5922136a\" itemprop=\"image\" title=\"f45324d9-f62e-4a94-99cb-0edb5922136a\" onerror=\"this.style.display='none'\"  \/>\n\t\t\t\t<\/a>\n<h2><a href=\"\/fr\/ce-que-vous-pouvez-faire\/support-us\/newsletter\/\" target=\"_self\" rel=\"noopener\">rejoignez notre communaut\u00e9<\/a><\/h2><p>Inscrivez-vous ici pour recevoir les derni\u00e8res mises \u00e0 jour sur notre travail et nos victoires r\u00e9centes, ainsi que les histoires de nos partenaires autochtones et les possibilit\u00e9s de s'impliquer. Ensemble, nous pouvons d\u00e9fendre les droits des populations autochtones, sauver les for\u00eats tropicales et lutter contre le changement climatique.<\/p>\n\t\t\t<a href=\"\/fr\/ce-que-vous-pouvez-faire\/support-us\/newsletter\/\" target=\"_self\" rel=\"noopener\">\n\t\t\t\t\t\t\tS'inscrire\n\t\t\t\t\t<\/a>\n\t\t\t\t<a href=\"\/fr\/ce-que-vous-pouvez-faire\/support-us\/\" target=\"_self\" itemprop=\"url\" rel=\"noopener\">\n\t\t\t\t<img decoding=\"async\" src=\"https:\/\/staging.rainforestfoundationuk.org\/wp-content\/uploads\/2022\/04\/ffdf30db-511f-4c6d-8b3e-2a34475bc20c.jpg\" alt=\"ffdf30db-511f-4c6d-8b3e-2a34475bc20c\" itemprop=\"image\" title=\"ffdf30db-511f-4c6d-8b3e-2a34475bc20c\" onerror=\"this.style.display='none'\"  \/>\n\t\t\t\t<\/a>\n<h2><a href=\"\/fr\/ce-que-vous-pouvez-faire\/support-us\/\" target=\"_self\" rel=\"noopener\">Faites la diff\u00e9rence aujourd'hui<\/a><\/h2><p>D\u00e9couvrez comment faire la diff\u00e9rence.<\/p>\n\t\t\t<a href=\"\/fr\/ce-que-vous-pouvez-faire\/support-us\/\" target=\"_self\" rel=\"noopener\">\n\t\t\t\t\t\t\tEn savoir plus\n\t\t\t\t\t<\/a>","protected":false},"excerpt":{"rendered":"<p>Derni\u00e8res nouvelles Plus de nouvelles... Notre travail de protection de la for\u00eat tropicale bas\u00e9 sur les droits S'attaquer \u00e0 la d\u00e9forestation avec la technologie Notre initiative de surveillance communautaire des for\u00eats lib\u00e8re le potentiel des gardiens de la for\u00eat en les connectant aux organismes charg\u00e9s de l'application de la loi pour surveiller et prot\u00e9ger les for\u00eats. Au c\u0153ur de cette initiative se trouve ForestLink, un syst\u00e8me r\u00e9volutionnaire qui permet aux communaut\u00e9s de transmettre des donn\u00e9es ... Lire la suite <a title=\"Accueil\" class=\"read-more\" href=\"https:\/\/staging.rainforestfoundationuk.org\/fr\/\" aria-label=\"En savoir plus sur Home\">Lire plus<\/a><\/p>","protected":false},"author":2,"featured_media":0,"parent":0,"menu_order":11,"comment_status":"closed","ping_status":"closed","template":"","meta":{"_acf_changed":false,"footnotes":""},"class_list":{"0":"post-10","1":"page","2":"type-page","3":"status-publish","5":"no-featured-image-padding"},"acf":[],"yoast_head":"<!-- This site is optimized with the Yoast SEO plugin v27.4 - https:\/\/yoast.com\/product\/yoast-seo-wordpress\/ -->\n<title>Home - Staging Rainforest Foundation UK<\/title>\n<meta name=\"robots\" content=\"noindex, follow, max-snippet:-1, max-image-preview:large, max-video-preview:-1\" \/>\n<meta property=\"og:locale\" content=\"fr_FR\" \/>\n<meta property=\"og:type\" content=\"article\" \/>\n<meta property=\"og:title\" content=\"Home - Staging Rainforest Foundation UK\" \/>\n<meta property=\"og:description\" content=\"Latest news More news&#8230; Our work in rights-based rainforest protection Tackling deforestation with tech Our community forest monitoring initiative unlocks the potential of forest guardians by connecting them with law enforcement agencies to monitor and protect forests. At the heart of this is ForestLink &#8211; a breakthrough system that enables communities to transmit highly accurate ... Lire plus\" \/>\n<meta property=\"og:url\" content=\"https:\/\/staging.rainforestfoundationuk.org\/fr\/\" \/>\n<meta property=\"og:site_name\" content=\"Staging Rainforest Foundation UK\" \/>\n<meta property=\"article:publisher\" content=\"https:\/\/www.facebook.com\/rainforestfoundationuk\" \/>\n<meta property=\"article:modified_time\" content=\"2024-02-28T12:08:05+00:00\" \/>\n<meta property=\"og:image\" content=\"https:\/\/staging.rainforestfoundationuk.org\/wp-content\/uploads\/2023\/12\/Madre-de-Dios_FINAL_ESPANOL-2-pdf-212x300.jpg\" \/>\n<meta name=\"twitter:card\" content=\"summary_large_image\" \/>\n<meta name=\"twitter:site\" content=\"@RFUK\" \/>\n<meta name=\"twitter:label1\" content=\"Dur\u00e9e de lecture estim\u00e9e\" \/>\n\t<meta name=\"twitter:data1\" content=\"3 minutes\" \/>\n<script type=\"application\/ld+json\" class=\"yoast-schema-graph\">{\"@context\":\"https:\\\/\\\/schema.org\",\"@graph\":[{\"@type\":\"WebPage\",\"@id\":\"https:\\\/\\\/staging.rainforestfoundationuk.org\\\/\",\"url\":\"https:\\\/\\\/staging.rainforestfoundationuk.org\\\/\",\"name\":\"Home - Staging Rainforest Foundation UK\",\"isPartOf\":{\"@id\":\"https:\\\/\\\/staging.rainforestfoundationuk.org\\\/#website\"},\"primaryImageOfPage\":{\"@id\":\"https:\\\/\\\/staging.rainforestfoundationuk.org\\\/#primaryimage\"},\"image\":{\"@id\":\"https:\\\/\\\/staging.rainforestfoundationuk.org\\\/#primaryimage\"},\"thumbnailUrl\":\"https:\\\/\\\/staging.rainforestfoundationuk.org\\\/wp-content\\\/uploads\\\/2023\\\/12\\\/Madre-de-Dios_FINAL_ESPANOL-2-pdf-212x300.jpg\",\"datePublished\":\"2021-01-11T14:28:28+00:00\",\"dateModified\":\"2024-02-28T12:08:05+00:00\",\"breadcrumb\":{\"@id\":\"https:\\\/\\\/staging.rainforestfoundationuk.org\\\/#breadcrumb\"},\"inLanguage\":\"fr-FR\",\"potentialAction\":[{\"@type\":\"ReadAction\",\"target\":[\"https:\\\/\\\/staging.rainforestfoundationuk.org\\\/\"]}]},{\"@type\":\"ImageObject\",\"inLanguage\":\"fr-FR\",\"@id\":\"https:\\\/\\\/staging.rainforestfoundationuk.org\\\/#primaryimage\",\"url\":\"https:\\\/\\\/staging.rainforestfoundationuk.org\\\/wp-content\\\/uploads\\\/2023\\\/12\\\/Madre-de-Dios_FINAL_ESPANOL-2-pdf-212x300.jpg\",\"contentUrl\":\"https:\\\/\\\/staging.rainforestfoundationuk.org\\\/wp-content\\\/uploads\\\/2023\\\/12\\\/Madre-de-Dios_FINAL_ESPANOL-2-pdf-212x300.jpg\"},{\"@type\":\"BreadcrumbList\",\"@id\":\"https:\\\/\\\/staging.rainforestfoundationuk.org\\\/#breadcrumb\",\"itemListElement\":[{\"@type\":\"ListItem\",\"position\":1,\"name\":\"Home\",\"item\":\"https:\\\/\\\/staging.rainforestfoundationuk.org\\\/\"},{\"@type\":\"ListItem\",\"position\":2,\"name\":\"Home\"}]},{\"@type\":\"WebSite\",\"@id\":\"https:\\\/\\\/staging.rainforestfoundationuk.org\\\/#website\",\"url\":\"https:\\\/\\\/staging.rainforestfoundationuk.org\\\/\",\"name\":\"Rainforest Foundation UK\",\"description\":\"Securing lands, sustaining lives\",\"publisher\":{\"@id\":\"https:\\\/\\\/staging.rainforestfoundationuk.org\\\/#organization\"},\"potentialAction\":[{\"@type\":\"SearchAction\",\"target\":{\"@type\":\"EntryPoint\",\"urlTemplate\":\"https:\\\/\\\/staging.rainforestfoundationuk.org\\\/?s={search_term_string}\"},\"query-input\":{\"@type\":\"PropertyValueSpecification\",\"valueRequired\":true,\"valueName\":\"search_term_string\"}}],\"inLanguage\":\"fr-FR\"},{\"@type\":\"Organization\",\"@id\":\"https:\\\/\\\/staging.rainforestfoundationuk.org\\\/#organization\",\"name\":\"Rainforest Foundation UK\",\"url\":\"https:\\\/\\\/staging.rainforestfoundationuk.org\\\/\",\"logo\":{\"@type\":\"ImageObject\",\"inLanguage\":\"fr-FR\",\"@id\":\"https:\\\/\\\/staging.rainforestfoundationuk.org\\\/#\\\/schema\\\/logo\\\/image\\\/\",\"url\":\"https:\\\/\\\/staging.rainforestfoundationuk.org\\\/wp-content\\\/uploads\\\/2023\\\/08\\\/RFUK-logo-black.svg\",\"contentUrl\":\"https:\\\/\\\/staging.rainforestfoundationuk.org\\\/wp-content\\\/uploads\\\/2023\\\/08\\\/RFUK-logo-black.svg\",\"width\":1278,\"height\":332,\"caption\":\"Rainforest Foundation UK\"},\"image\":{\"@id\":\"https:\\\/\\\/staging.rainforestfoundationuk.org\\\/#\\\/schema\\\/logo\\\/image\\\/\"},\"sameAs\":[\"https:\\\/\\\/www.facebook.com\\\/rainforestfoundationuk\",\"https:\\\/\\\/x.com\\\/RFUK\",\"https:\\\/\\\/www.instagram.com\\\/rainforestfoundationuk\\\/\",\"https:\\\/\\\/www.youtube.com\\\/user\\\/theRFUK\"]}]}<\/script>\n<!-- \/ Yoast SEO plugin. -->","yoast_head_json":{"title":"Home - Staging Rainforest Foundation UK","robots":{"index":"noindex","follow":"follow","max-snippet":"max-snippet:-1","max-image-preview":"max-image-preview:large","max-video-preview":"max-video-preview:-1"},"og_locale":"fr_FR","og_type":"article","og_title":"Home - Staging Rainforest Foundation UK","og_description":"Latest news More news&#8230; Our work in rights-based rainforest protection Tackling deforestation with tech Our community forest monitoring initiative unlocks the potential of forest guardians by connecting them with law enforcement agencies to monitor and protect forests. At the heart of this is ForestLink &#8211; a breakthrough system that enables communities to transmit highly accurate ... Lire plus","og_url":"https:\/\/staging.rainforestfoundationuk.org\/fr\/","og_site_name":"Staging Rainforest Foundation UK","article_publisher":"https:\/\/www.facebook.com\/rainforestfoundationuk","article_modified_time":"2024-02-28T12:08:05+00:00","og_image":[{"url":"https:\/\/staging.rainforestfoundationuk.org\/wp-content\/uploads\/2023\/12\/Madre-de-Dios_FINAL_ESPANOL-2-pdf-212x300.jpg","type":"","width":"","height":""}],"twitter_card":"summary_large_image","twitter_site":"@RFUK","twitter_misc":{"Dur\u00e9e de lecture estim\u00e9e":"3 minutes"},"schema":{"@context":"https:\/\/schema.org","@graph":[{"@type":"WebPage","@id":"https:\/\/staging.rainforestfoundationuk.org\/","url":"https:\/\/staging.rainforestfoundationuk.org\/","name":"Home - Staging Rainforest Foundation UK","isPartOf":{"@id":"https:\/\/staging.rainforestfoundationuk.org\/#website"},"primaryImageOfPage":{"@id":"https:\/\/staging.rainforestfoundationuk.org\/#primaryimage"},"image":{"@id":"https:\/\/staging.rainforestfoundationuk.org\/#primaryimage"},"thumbnailUrl":"https:\/\/staging.rainforestfoundationuk.org\/wp-content\/uploads\/2023\/12\/Madre-de-Dios_FINAL_ESPANOL-2-pdf-212x300.jpg","datePublished":"2021-01-11T14:28:28+00:00","dateModified":"2024-02-28T12:08:05+00:00","breadcrumb":{"@id":"https:\/\/staging.rainforestfoundationuk.org\/#breadcrumb"},"inLanguage":"fr-FR","potentialAction":[{"@type":"ReadAction","target":["https:\/\/staging.rainforestfoundationuk.org\/"]}]},{"@type":"ImageObject","inLanguage":"fr-FR","@id":"https:\/\/staging.rainforestfoundationuk.org\/#primaryimage","url":"https:\/\/staging.rainforestfoundationuk.org\/wp-content\/uploads\/2023\/12\/Madre-de-Dios_FINAL_ESPANOL-2-pdf-212x300.jpg","contentUrl":"https:\/\/staging.rainforestfoundationuk.org\/wp-content\/uploads\/2023\/12\/Madre-de-Dios_FINAL_ESPANOL-2-pdf-212x300.jpg"},{"@type":"BreadcrumbList","@id":"https:\/\/staging.rainforestfoundationuk.org\/#breadcrumb","itemListElement":[{"@type":"ListItem","position":1,"name":"Home","item":"https:\/\/staging.rainforestfoundationuk.org\/"},{"@type":"ListItem","position":2,"name":"Home"}]},{"@type":"WebSite","@id":"https:\/\/staging.rainforestfoundationuk.org\/#website","url":"https:\/\/staging.rainforestfoundationuk.org\/","name":"Rainforest Foundation UK","description":"S\u00e9curiser les terres, pr\u00e9server les vies","publisher":{"@id":"https:\/\/staging.rainforestfoundationuk.org\/#organization"},"potentialAction":[{"@type":"SearchAction","target":{"@type":"EntryPoint","urlTemplate":"https:\/\/staging.rainforestfoundationuk.org\/?s={search_term_string}"},"query-input":{"@type":"PropertyValueSpecification","valueRequired":true,"valueName":"search_term_string"}}],"inLanguage":"fr-FR"},{"@type":"Organization","@id":"https:\/\/staging.rainforestfoundationuk.org\/#organization","name":"Rainforest Foundation UK","url":"https:\/\/staging.rainforestfoundationuk.org\/","logo":{"@type":"ImageObject","inLanguage":"fr-FR","@id":"https:\/\/staging.rainforestfoundationuk.org\/#\/schema\/logo\/image\/","url":"https:\/\/staging.rainforestfoundationuk.org\/wp-content\/uploads\/2023\/08\/RFUK-logo-black.svg","contentUrl":"https:\/\/staging.rainforestfoundationuk.org\/wp-content\/uploads\/2023\/08\/RFUK-logo-black.svg","width":1278,"height":332,"caption":"Rainforest Foundation UK"},"image":{"@id":"https:\/\/staging.rainforestfoundationuk.org\/#\/schema\/logo\/image\/"},"sameAs":["https:\/\/www.facebook.com\/rainforestfoundationuk","https:\/\/x.com\/RFUK","https:\/\/www.instagram.com\/rainforestfoundationuk\/","https:\/\/www.youtube.com\/user\/theRFUK"]}]}},"_links":{"self":[{"href":"https:\/\/staging.rainforestfoundationuk.org\/fr\/wp-json\/wp\/v2\/pages\/10","targetHints":{"allow":["GET"]}}],"collection":[{"href":"https:\/\/staging.rainforestfoundationuk.org\/fr\/wp-json\/wp\/v2\/pages"}],"about":[{"href":"https:\/\/staging.rainforestfoundationuk.org\/fr\/wp-json\/wp\/v2\/types\/page"}],"author":[{"embeddable":true,"href":"https:\/\/staging.rainforestfoundationuk.org\/fr\/wp-json\/wp\/v2\/users\/2"}],"replies":[{"embeddable":true,"href":"https:\/\/staging.rainforestfoundationuk.org\/fr\/wp-json\/wp\/v2\/comments?post=10"}],"version-history":[{"count":5,"href":"https:\/\/staging.rainforestfoundationuk.org\/fr\/wp-json\/wp\/v2\/pages\/10\/revisions"}],"predecessor-version":[{"id":7736,"href":"https:\/\/staging.rainforestfoundationuk.org\/fr\/wp-json\/wp\/v2\/pages\/10\/revisions\/7736"}],"wp:attachment":[{"href":"https:\/\/staging.rainforestfoundationuk.org\/fr\/wp-json\/wp\/v2\/media?parent=10"}],"curies":[{"name":"wp","href":"https:\/\/api.w.org\/{rel}","templated":true}]}}