{"id":178,"date":"2021-09-13T09:35:08","date_gmt":"2021-09-13T09:35:08","guid":{"rendered":"https:\/\/staging.rainforestfoundationuk.org\/?page_id=178"},"modified":"2024-02-29T10:03:13","modified_gmt":"2024-02-29T10:03:13","slug":"ou-nous-travaillons","status":"publish","type":"page","link":"https:\/\/staging.rainforestfoundationuk.org\/fr\/nos-projets\/ou-nous-travaillons\/","title":{"rendered":"O\u00f9 nous travaillons"},"content":{"rendered":"<div class=\"map_wrapper\" id=\"map_wrapper_7601\">\n<div class=\"map_box\" style=\"max-width:2000px\">\n<div class=\"map_aspect_ratio\" style=\"padding-top:33%\" data-padding-top=\"33%\" data-padding-top-mobile=\"0%\">\n<div class=\"map_container\">\n<div class=\"map_render map_loading\" id=\"map_7601\"><\/div>\n<\/div>\n<\/div>\n<\/div>\n<\/div>\n\n\t<meta itemscope itemprop=\"mainEntityOfPage\" itemtype=\"https:\/\/schema.org\/WebPage\" itemid=\"http:\/\/181\" content=\"Cameroon\" \/><meta itemprop=\"datePublished\" content=\"2021-09-13\" \/><meta itemprop=\"dateModified\" content=\"2024-01-25\" \/><meta itemprop=\"name\" content=\"Rainforest Foundation UK\"\/><meta itemprop=\"url\" content=\"https:\/\/staging.rainforestfoundationuk.org\/wp-content\/uploads\/2023\/08\/RFUK-logo-black.svg\"\/><meta itemprop=\"url\" content=\"https:\/\/staging.rainforestfoundationuk.org\/author\/techraygundesign-co-uk\/\" \/><meta itemprop=\"name\" content=\"tech@raygundesign.co.uk\" \/><meta itemprop=\"url\" content=\"https:\/\/staging.rainforestfoundationuk.org\/wp-content\/uploads\/2021\/10\/bannerswhere-we-work-cameroon.jpg\" \/><meta itemprop=\"width\" content=\"1680\" \/><meta itemprop=\"height\" content=\"385\" \/><meta itemprop=\"interactionType\" content=\"https:\/\/schema.org\/CommentAction\" \/><meta itemprop=\"userInteractionCount\" content=\"0\" \/>\n\t\t\t\t\t<a href=\"https:\/\/staging.rainforestfoundationuk.org\/fr\/nos-projets\/ou-nous-travaillons\/cameroun\/\" title=\"Cameroun\"><\/a>\n\t\t\t\t<img loading=\"lazy\" decoding=\"async\" src=\"https:\/\/staging.rainforestfoundationuk.org\/wp-content\/uploads\/bb-plugin\/cache\/bannerswhere-we-work-cameroon-1024x235-panorama-d28af6ae989b4a106b4f17dcfe22f7aa-.jpg\" alt=\"banni\u00e8res-o\u00f9-nous-travaillons-au-cameroun\" itemprop=\"image\" data-no-lazy=\"1\" height=\"235\" width=\"1024\" title=\"banni\u00e8res-o\u00f9-nous-travaillons-au-cameroun\" onerror=\"this.style.display='none'\"  \/>\n\t\t\t\t\t\t\t\t\t<h3 itemprop=\"headline\">\n\t\t\t\t\t\t\t\t\t\t\t\t\t\tCameroun\t\t\t\t\t\t\t\t\t\t\t<\/h3>\n\t<meta itemscope itemprop=\"mainEntityOfPage\" itemtype=\"https:\/\/schema.org\/WebPage\" itemid=\"http:\/\/191\" content=\"Central African Republic\" \/><meta itemprop=\"datePublished\" content=\"2021-09-13\" \/><meta itemprop=\"dateModified\" content=\"2024-01-25\" \/><meta itemprop=\"name\" content=\"Rainforest Foundation UK\"\/><meta itemprop=\"url\" content=\"https:\/\/staging.rainforestfoundationuk.org\/wp-content\/uploads\/2023\/08\/RFUK-logo-black.svg\"\/><meta itemprop=\"url\" content=\"https:\/\/staging.rainforestfoundationuk.org\/author\/techraygundesign-co-uk\/\" \/><meta itemprop=\"name\" content=\"tech@raygundesign.co.uk\" \/><meta itemprop=\"url\" content=\"https:\/\/staging.rainforestfoundationuk.org\/wp-content\/uploads\/2022\/04\/ffdf30db-511f-4c6d-8b3e-2a34475bc20c.jpg\" \/><meta itemprop=\"width\" content=\"1680\" \/><meta itemprop=\"height\" content=\"1120\" \/><meta itemprop=\"interactionType\" content=\"https:\/\/schema.org\/CommentAction\" \/><meta itemprop=\"userInteractionCount\" content=\"0\" \/>\n\t\t\t\t\t<a href=\"https:\/\/staging.rainforestfoundationuk.org\/fr\/nos-projets\/ou-nous-travaillons\/republique-africaine-centrale\/\" title=\"R\u00e9publique centrafricaine\"><\/a>\n\t\t\t\t<img loading=\"lazy\" decoding=\"async\" src=\"https:\/\/staging.rainforestfoundationuk.org\/wp-content\/uploads\/bb-plugin\/cache\/ffdf30db-511f-4c6d-8b3e-2a34475bc20c-1024x683-panorama-214318bae8f973cb036ab8fc2503f322-.jpg\" alt=\"ffdf30db-511f-4c6d-8b3e-2a34475bc20c\" itemprop=\"image\" data-no-lazy=\"1\" height=\"683\" width=\"1024\" title=\"ffdf30db-511f-4c6d-8b3e-2a34475bc20c\" onerror=\"this.style.display='none'\"  \/>\n\t\t\t\t\t\t\t\t\t<h3 itemprop=\"headline\">\n\t\t\t\t\t\t\t\t\t\t\t\t\t\tR\u00e9publique centrafricaine\t\t\t\t\t\t\t\t\t\t\t<\/h3>\n\t<meta itemscope itemprop=\"mainEntityOfPage\" itemtype=\"https:\/\/schema.org\/WebPage\" itemid=\"http:\/\/186\" content=\"Democratic Republic of the Congo\" \/><meta itemprop=\"datePublished\" content=\"2021-09-13\" \/><meta itemprop=\"dateModified\" content=\"2024-01-25\" \/><meta itemprop=\"name\" content=\"Rainforest Foundation UK\"\/><meta itemprop=\"url\" content=\"https:\/\/staging.rainforestfoundationuk.org\/wp-content\/uploads\/2023\/08\/RFUK-logo-black.svg\"\/><meta itemprop=\"url\" content=\"https:\/\/staging.rainforestfoundationuk.org\/author\/techraygundesign-co-uk\/\" \/><meta itemprop=\"name\" content=\"tech@raygundesign.co.uk\" \/><meta itemprop=\"url\" content=\"https:\/\/staging.rainforestfoundationuk.org\/wp-content\/uploads\/2021\/10\/bannerswhere-we-work-drc.jpg\" \/><meta itemprop=\"width\" content=\"1680\" \/><meta itemprop=\"height\" content=\"385\" \/><meta itemprop=\"interactionType\" content=\"https:\/\/schema.org\/CommentAction\" \/><meta itemprop=\"userInteractionCount\" content=\"0\" \/>\n\t\t\t\t\t<a href=\"https:\/\/staging.rainforestfoundationuk.org\/fr\/nos-projets\/ou-nous-travaillons\/rdc\/\" title=\"R\u00e9publique d\u00e9mocratique du Congo\"><\/a>\n\t\t\t\t<img loading=\"lazy\" decoding=\"async\" src=\"https:\/\/staging.rainforestfoundationuk.org\/wp-content\/uploads\/bb-plugin\/cache\/bannerswhere-we-work-drc-1024x235-panorama-f4928a8f6936a938c938b7e1e59b8c3b-.jpg\" alt=\"bannerswhere-we-work-drc\" itemprop=\"image\" data-no-lazy=\"1\" height=\"235\" width=\"1024\" title=\"bannerswhere-we-work-drc\" onerror=\"this.style.display='none'\"  \/>\n\t\t\t\t\t\t\t\t\t<h3 itemprop=\"headline\" class=\"translation-block\">R\u00e9publique d\u00e9mocratique du Congo<\/h3>\n\t<meta itemscope itemprop=\"mainEntityOfPage\" itemtype=\"https:\/\/schema.org\/WebPage\" itemid=\"http:\/\/195\" content=\"Ghana\" \/><meta itemprop=\"datePublished\" content=\"2021-09-13\" \/><meta itemprop=\"dateModified\" content=\"2024-01-25\" \/><meta itemprop=\"name\" content=\"Rainforest Foundation UK\"\/><meta itemprop=\"url\" content=\"https:\/\/staging.rainforestfoundationuk.org\/wp-content\/uploads\/2023\/08\/RFUK-logo-black.svg\"\/><meta itemprop=\"url\" content=\"https:\/\/staging.rainforestfoundationuk.org\/author\/techraygundesign-co-uk\/\" \/><meta itemprop=\"name\" content=\"tech@raygundesign.co.uk\" \/><meta itemprop=\"url\" content=\"https:\/\/staging.rainforestfoundationuk.org\/wp-content\/uploads\/2022\/09\/P5-1-scaled.jpg\" \/><meta itemprop=\"width\" content=\"2560\" \/><meta itemprop=\"height\" content=\"1439\" \/><meta itemprop=\"interactionType\" content=\"https:\/\/schema.org\/CommentAction\" \/><meta itemprop=\"userInteractionCount\" content=\"0\" \/>\n\t\t\t\t\t<a href=\"https:\/\/staging.rainforestfoundationuk.org\/fr\/nos-projets\/ou-nous-travaillons\/ghana\/\" title=\"Ghana\"><\/a>\n\t\t\t\t<img loading=\"lazy\" decoding=\"async\" src=\"https:\/\/staging.rainforestfoundationuk.org\/wp-content\/uploads\/bb-plugin\/cache\/P5-1-1024x576-panorama-ec563d24131bce996eb36243a2c4a41b-.jpg\" alt=\"P5 (1)\" itemprop=\"image\" data-no-lazy=\"1\" height=\"576\" width=\"1024\" title=\"P5 (1)\" onerror=\"this.style.display='none'\"  \/>\n\t\t\t\t\t\t\t\t\t<h3 itemprop=\"headline\">\n\t\t\t\t\t\t\t\t\t\t\t\t\t\tGhana\t\t\t\t\t\t\t\t\t\t\t<\/h3>\n\t<meta itemscope itemprop=\"mainEntityOfPage\" itemtype=\"https:\/\/schema.org\/WebPage\" itemid=\"http:\/\/193\" content=\"Peru\" \/><meta itemprop=\"datePublished\" content=\"2021-09-13\" \/><meta itemprop=\"dateModified\" content=\"2024-01-25\" \/><meta itemprop=\"name\" content=\"Rainforest Foundation UK\"\/><meta itemprop=\"url\" content=\"https:\/\/staging.rainforestfoundationuk.org\/wp-content\/uploads\/2023\/08\/RFUK-logo-black.svg\"\/><meta itemprop=\"url\" content=\"https:\/\/staging.rainforestfoundationuk.org\/author\/techraygundesign-co-uk\/\" \/><meta itemprop=\"name\" content=\"tech@raygundesign.co.uk\" \/><meta itemprop=\"url\" content=\"https:\/\/staging.rainforestfoundationuk.org\/wp-content\/uploads\/2021\/10\/bannerswhere-we-work-peru.jpg\" \/><meta itemprop=\"width\" content=\"1680\" \/><meta itemprop=\"height\" content=\"385\" \/><meta itemprop=\"interactionType\" content=\"https:\/\/schema.org\/CommentAction\" \/><meta itemprop=\"userInteractionCount\" content=\"0\" \/>\n\t\t\t\t\t<a href=\"https:\/\/staging.rainforestfoundationuk.org\/fr\/nos-projets\/ou-nous-travaillons\/perou\/\" title=\"P\u00e9rou\"><\/a>\n\t\t\t\t<img loading=\"lazy\" decoding=\"async\" src=\"https:\/\/staging.rainforestfoundationuk.org\/wp-content\/uploads\/bb-plugin\/cache\/bannerswhere-we-work-peru-1024x235-panorama-40cd82095c97ee8f619f4579bf880e1b-.jpg\" alt=\"banni\u00e8reso\u00f9-nous-travaillons-peru\" itemprop=\"image\" data-no-lazy=\"1\" height=\"235\" width=\"1024\" title=\"banni\u00e8reso\u00f9-nous-travaillons-peru\" onerror=\"this.style.display='none'\"  \/>\n\t\t\t\t\t\t\t\t\t<h3 itemprop=\"headline\">\n\t\t\t\t\t\t\t\t\t\t\t\t\t\tP\u00e9rou\t\t\t\t\t\t\t\t\t\t\t<\/h3>\n\t<meta itemscope itemprop=\"mainEntityOfPage\" itemtype=\"https:\/\/schema.org\/WebPage\" itemid=\"http:\/\/183\" content=\"Republic of Congo\" \/><meta itemprop=\"datePublished\" content=\"2021-09-13\" \/><meta itemprop=\"dateModified\" content=\"2024-01-25\" \/><meta itemprop=\"name\" content=\"Rainforest Foundation UK\"\/><meta itemprop=\"url\" content=\"https:\/\/staging.rainforestfoundationuk.org\/wp-content\/uploads\/2023\/08\/RFUK-logo-black.svg\"\/><meta itemprop=\"url\" content=\"https:\/\/staging.rainforestfoundationuk.org\/author\/techraygundesign-co-uk\/\" \/><meta itemprop=\"name\" content=\"tech@raygundesign.co.uk\" \/><meta itemprop=\"url\" content=\"https:\/\/staging.rainforestfoundationuk.org\/wp-content\/uploads\/2022\/09\/Yakata_Large_DRC_Cath_Oct_2004_49_-e1663861448315.jpg\" \/><meta itemprop=\"width\" content=\"2272\" \/><meta itemprop=\"height\" content=\"1278\" \/><meta itemprop=\"interactionType\" content=\"https:\/\/schema.org\/CommentAction\" \/><meta itemprop=\"userInteractionCount\" content=\"0\" \/>\n\t\t\t\t\t<a href=\"https:\/\/staging.rainforestfoundationuk.org\/fr\/nos-projets\/ou-nous-travaillons\/republique-du-congo\/\" title=\"R\u00e9publique du Congo\"><\/a>\n\t\t\t\t<img loading=\"lazy\" decoding=\"async\" src=\"https:\/\/staging.rainforestfoundationuk.org\/wp-content\/uploads\/bb-plugin\/cache\/Yakata_Large_DRC_Cath_Oct_2004_49_-e1663861448315-1024x576-panorama-c47bd5bfffbdaadb4586aeb012aef20f-.jpg\" alt=\"Yakata_Large_DRC_Cath_Oct_2004_49_\" itemprop=\"image\" data-no-lazy=\"1\" height=\"576\" width=\"1024\" title=\"Yakata_Large_DRC_Cath_Oct_2004_49_\" onerror=\"this.style.display='none'\"  \/>\n\t\t\t\t\t\t\t\t\t<h3 itemprop=\"headline\">\n\t\t\t\t\t\t\t\t\t\t\t\t\t\tR\u00e9publique du Congo\t\t\t\t\t\t\t\t\t\t\t<\/h3>\n\t<meta itemscope itemprop=\"mainEntityOfPage\" itemtype=\"https:\/\/schema.org\/WebPage\" itemid=\"http:\/\/7552\" content=\"KENYA\" \/><meta itemprop=\"datePublished\" content=\"2023-12-21\" \/><meta itemprop=\"dateModified\" content=\"2024-01-25\" \/><meta itemprop=\"name\" content=\"Rainforest Foundation UK\"\/><meta itemprop=\"url\" content=\"https:\/\/staging.rainforestfoundationuk.org\/wp-content\/uploads\/2023\/08\/RFUK-logo-black.svg\"\/><meta itemprop=\"url\" content=\"https:\/\/staging.rainforestfoundationuk.org\/author\/chantalcrainforestuk-org\/\" \/><meta itemprop=\"name\" content=\"ChantalC@rainforestuk.org\" \/><meta itemprop=\"url\" content=\"https:\/\/staging.rainforestfoundationuk.org\/wp-content\/uploads\/2023\/12\/Kenya-landscape.png\" \/><meta itemprop=\"width\" content=\"1179\" \/><meta itemprop=\"height\" content=\"269\" \/><meta itemprop=\"interactionType\" content=\"https:\/\/schema.org\/CommentAction\" \/><meta itemprop=\"userInteractionCount\" content=\"0\" \/>\n\t\t\t\t\t<a href=\"https:\/\/staging.rainforestfoundationuk.org\/fr\/nos-projets\/ou-nous-travaillons\/kenya\/\" title=\"KENYA\"><\/a>\n\t\t\t\t<img loading=\"lazy\" decoding=\"async\" src=\"https:\/\/staging.rainforestfoundationuk.org\/wp-content\/uploads\/bb-plugin\/cache\/Kenya-landscape-1024x234-panorama-338b86b02aab927c690ab2fe4df8f0e6-.png\" alt=\"Paysage du Kenya\" itemprop=\"image\" data-no-lazy=\"1\" height=\"234\" width=\"1024\" title=\"Paysage du Kenya\" onerror=\"this.style.display='none'\"  \/>\n\t\t\t\t\t\t\t\t\t<h3 itemprop=\"headline\">\n\t\t\t\t\t\t\t\t\t\t\t\t\t\tKENYA\t\t\t\t\t\t\t\t\t\t\t<\/h3>\n\t\t<!-- .pp-content-posts -->","protected":false},"excerpt":{"rendered":"<p>D\u00e9couvrez les pays o\u00f9 nous faisons la diff\u00e9rence.<\/p>","protected":false},"author":2,"featured_media":1284,"parent":4204,"menu_order":0,"comment_status":"closed","ping_status":"closed","template":"","meta":{"_acf_changed":false,"footnotes":""},"class_list":{"0":"post-178","1":"page","2":"type-page","3":"status-publish","4":"has-post-thumbnail","6":"no-featured-image-padding"},"acf":[],"yoast_head":"<!-- This site is optimized with the Yoast SEO plugin v27.4 - https:\/\/yoast.com\/product\/yoast-seo-wordpress\/ -->\n<title>Where We Work - Staging Rainforest Foundation UK<\/title>\n<meta name=\"robots\" content=\"noindex, follow, max-snippet:-1, max-image-preview:large, max-video-preview:-1\" \/>\n<meta property=\"og:locale\" content=\"fr_FR\" \/>\n<meta property=\"og:type\" content=\"article\" \/>\n<meta property=\"og:title\" content=\"Where We Work - Staging Rainforest Foundation UK\" \/>\n<meta property=\"og:description\" content=\"Find out about the countries where we are making a difference\" \/>\n<meta property=\"og:url\" content=\"https:\/\/staging.rainforestfoundationuk.org\/fr\/nos-projets\/ou-nous-travaillons\/\" \/>\n<meta property=\"og:site_name\" content=\"Staging Rainforest Foundation UK\" \/>\n<meta property=\"article:publisher\" content=\"https:\/\/www.facebook.com\/rainforestfoundationuk\" \/>\n<meta property=\"article:modified_time\" content=\"2024-02-29T10:03:13+00:00\" \/>\n<meta property=\"og:image\" content=\"https:\/\/staging.rainforestfoundationuk.org\/wp-content\/uploads\/2021\/10\/bannerswhere-we-work-peru.jpg\" \/>\n\t<meta property=\"og:image:width\" content=\"1680\" \/>\n\t<meta property=\"og:image:height\" content=\"385\" \/>\n\t<meta property=\"og:image:type\" content=\"image\/jpeg\" \/>\n<meta name=\"twitter:card\" content=\"summary_large_image\" \/>\n<meta name=\"twitter:site\" content=\"@RFUK\" \/>\n<meta name=\"twitter:label1\" content=\"Dur\u00e9e de lecture estim\u00e9e\" \/>\n\t<meta name=\"twitter:data1\" content=\"2 minutes\" \/>\n<script type=\"application\/ld+json\" class=\"yoast-schema-graph\">{\"@context\":\"https:\\\/\\\/schema.org\",\"@graph\":[{\"@type\":\"WebPage\",\"@id\":\"https:\\\/\\\/staging.rainforestfoundationuk.org\\\/our-projects\\\/where-we-work\\\/\",\"url\":\"https:\\\/\\\/staging.rainforestfoundationuk.org\\\/our-projects\\\/where-we-work\\\/\",\"name\":\"Where We Work - Staging Rainforest Foundation UK\",\"isPartOf\":{\"@id\":\"https:\\\/\\\/staging.rainforestfoundationuk.org\\\/#website\"},\"primaryImageOfPage\":{\"@id\":\"https:\\\/\\\/staging.rainforestfoundationuk.org\\\/our-projects\\\/where-we-work\\\/#primaryimage\"},\"image\":{\"@id\":\"https:\\\/\\\/staging.rainforestfoundationuk.org\\\/our-projects\\\/where-we-work\\\/#primaryimage\"},\"thumbnailUrl\":\"https:\\\/\\\/staging.rainforestfoundationuk.org\\\/wp-content\\\/uploads\\\/2021\\\/10\\\/bannerswhere-we-work-peru.jpg\",\"datePublished\":\"2021-09-13T09:35:08+00:00\",\"dateModified\":\"2024-02-29T10:03:13+00:00\",\"breadcrumb\":{\"@id\":\"https:\\\/\\\/staging.rainforestfoundationuk.org\\\/our-projects\\\/where-we-work\\\/#breadcrumb\"},\"inLanguage\":\"fr-FR\",\"potentialAction\":[{\"@type\":\"ReadAction\",\"target\":[\"https:\\\/\\\/staging.rainforestfoundationuk.org\\\/our-projects\\\/where-we-work\\\/\"]}]},{\"@type\":\"ImageObject\",\"inLanguage\":\"fr-FR\",\"@id\":\"https:\\\/\\\/staging.rainforestfoundationuk.org\\\/our-projects\\\/where-we-work\\\/#primaryimage\",\"url\":\"https:\\\/\\\/staging.rainforestfoundationuk.org\\\/wp-content\\\/uploads\\\/2021\\\/10\\\/bannerswhere-we-work-peru.jpg\",\"contentUrl\":\"https:\\\/\\\/staging.rainforestfoundationuk.org\\\/wp-content\\\/uploads\\\/2021\\\/10\\\/bannerswhere-we-work-peru.jpg\",\"width\":1680,\"height\":385},{\"@type\":\"BreadcrumbList\",\"@id\":\"https:\\\/\\\/staging.rainforestfoundationuk.org\\\/our-projects\\\/where-we-work\\\/#breadcrumb\",\"itemListElement\":[{\"@type\":\"ListItem\",\"position\":1,\"name\":\"Home\",\"item\":\"https:\\\/\\\/staging.rainforestfoundationuk.org\\\/\"},{\"@type\":\"ListItem\",\"position\":2,\"name\":\"Our Projects\",\"item\":\"https:\\\/\\\/staging.rainforestfoundationuk.org\\\/our-projects\\\/\"},{\"@type\":\"ListItem\",\"position\":3,\"name\":\"Where We Work\"}]},{\"@type\":\"WebSite\",\"@id\":\"https:\\\/\\\/staging.rainforestfoundationuk.org\\\/#website\",\"url\":\"https:\\\/\\\/staging.rainforestfoundationuk.org\\\/\",\"name\":\"Rainforest Foundation UK\",\"description\":\"Securing lands, sustaining lives\",\"publisher\":{\"@id\":\"https:\\\/\\\/staging.rainforestfoundationuk.org\\\/#organization\"},\"potentialAction\":[{\"@type\":\"SearchAction\",\"target\":{\"@type\":\"EntryPoint\",\"urlTemplate\":\"https:\\\/\\\/staging.rainforestfoundationuk.org\\\/?s={search_term_string}\"},\"query-input\":{\"@type\":\"PropertyValueSpecification\",\"valueRequired\":true,\"valueName\":\"search_term_string\"}}],\"inLanguage\":\"fr-FR\"},{\"@type\":\"Organization\",\"@id\":\"https:\\\/\\\/staging.rainforestfoundationuk.org\\\/#organization\",\"name\":\"Rainforest Foundation UK\",\"url\":\"https:\\\/\\\/staging.rainforestfoundationuk.org\\\/\",\"logo\":{\"@type\":\"ImageObject\",\"inLanguage\":\"fr-FR\",\"@id\":\"https:\\\/\\\/staging.rainforestfoundationuk.org\\\/#\\\/schema\\\/logo\\\/image\\\/\",\"url\":\"https:\\\/\\\/staging.rainforestfoundationuk.org\\\/wp-content\\\/uploads\\\/2023\\\/08\\\/RFUK-logo-black.svg\",\"contentUrl\":\"https:\\\/\\\/staging.rainforestfoundationuk.org\\\/wp-content\\\/uploads\\\/2023\\\/08\\\/RFUK-logo-black.svg\",\"width\":1278,\"height\":332,\"caption\":\"Rainforest Foundation UK\"},\"image\":{\"@id\":\"https:\\\/\\\/staging.rainforestfoundationuk.org\\\/#\\\/schema\\\/logo\\\/image\\\/\"},\"sameAs\":[\"https:\\\/\\\/www.facebook.com\\\/rainforestfoundationuk\",\"https:\\\/\\\/x.com\\\/RFUK\",\"https:\\\/\\\/www.instagram.com\\\/rainforestfoundationuk\\\/\",\"https:\\\/\\\/www.youtube.com\\\/user\\\/theRFUK\"]}]}<\/script>\n<!-- \/ Yoast SEO plugin. -->","yoast_head_json":{"title":"Where We Work - Staging Rainforest Foundation UK","robots":{"index":"noindex","follow":"follow","max-snippet":"max-snippet:-1","max-image-preview":"max-image-preview:large","max-video-preview":"max-video-preview:-1"},"og_locale":"fr_FR","og_type":"article","og_title":"Where We Work - Staging Rainforest Foundation UK","og_description":"Find out about the countries where we are making a difference","og_url":"https:\/\/staging.rainforestfoundationuk.org\/fr\/nos-projets\/ou-nous-travaillons\/","og_site_name":"Staging Rainforest Foundation UK","article_publisher":"https:\/\/www.facebook.com\/rainforestfoundationuk","article_modified_time":"2024-02-29T10:03:13+00:00","og_image":[{"width":1680,"height":385,"url":"https:\/\/staging.rainforestfoundationuk.org\/wp-content\/uploads\/2021\/10\/bannerswhere-we-work-peru.jpg","type":"image\/jpeg"}],"twitter_card":"summary_large_image","twitter_site":"@RFUK","twitter_misc":{"Dur\u00e9e de lecture estim\u00e9e":"2 minutes"},"schema":{"@context":"https:\/\/schema.org","@graph":[{"@type":"WebPage","@id":"https:\/\/staging.rainforestfoundationuk.org\/our-projects\/where-we-work\/","url":"https:\/\/staging.rainforestfoundationuk.org\/our-projects\/where-we-work\/","name":"Where We Work - Staging Rainforest Foundation UK","isPartOf":{"@id":"https:\/\/staging.rainforestfoundationuk.org\/#website"},"primaryImageOfPage":{"@id":"https:\/\/staging.rainforestfoundationuk.org\/our-projects\/where-we-work\/#primaryimage"},"image":{"@id":"https:\/\/staging.rainforestfoundationuk.org\/our-projects\/where-we-work\/#primaryimage"},"thumbnailUrl":"https:\/\/staging.rainforestfoundationuk.org\/wp-content\/uploads\/2021\/10\/bannerswhere-we-work-peru.jpg","datePublished":"2021-09-13T09:35:08+00:00","dateModified":"2024-02-29T10:03:13+00:00","breadcrumb":{"@id":"https:\/\/staging.rainforestfoundationuk.org\/our-projects\/where-we-work\/#breadcrumb"},"inLanguage":"fr-FR","potentialAction":[{"@type":"ReadAction","target":["https:\/\/staging.rainforestfoundationuk.org\/our-projects\/where-we-work\/"]}]},{"@type":"ImageObject","inLanguage":"fr-FR","@id":"https:\/\/staging.rainforestfoundationuk.org\/our-projects\/where-we-work\/#primaryimage","url":"https:\/\/staging.rainforestfoundationuk.org\/wp-content\/uploads\/2021\/10\/bannerswhere-we-work-peru.jpg","contentUrl":"https:\/\/staging.rainforestfoundationuk.org\/wp-content\/uploads\/2021\/10\/bannerswhere-we-work-peru.jpg","width":1680,"height":385},{"@type":"BreadcrumbList","@id":"https:\/\/staging.rainforestfoundationuk.org\/our-projects\/where-we-work\/#breadcrumb","itemListElement":[{"@type":"ListItem","position":1,"name":"Home","item":"https:\/\/staging.rainforestfoundationuk.org\/"},{"@type":"ListItem","position":2,"name":"Our Projects","item":"https:\/\/staging.rainforestfoundationuk.org\/our-projects\/"},{"@type":"ListItem","position":3,"name":"Where We Work"}]},{"@type":"WebSite","@id":"https:\/\/staging.rainforestfoundationuk.org\/#website","url":"https:\/\/staging.rainforestfoundationuk.org\/","name":"Rainforest Foundation UK","description":"S\u00e9curiser les terres, pr\u00e9server les vies","publisher":{"@id":"https:\/\/staging.rainforestfoundationuk.org\/#organization"},"potentialAction":[{"@type":"SearchAction","target":{"@type":"EntryPoint","urlTemplate":"https:\/\/staging.rainforestfoundationuk.org\/?s={search_term_string}"},"query-input":{"@type":"PropertyValueSpecification","valueRequired":true,"valueName":"search_term_string"}}],"inLanguage":"fr-FR"},{"@type":"Organization","@id":"https:\/\/staging.rainforestfoundationuk.org\/#organization","name":"Rainforest Foundation UK","url":"https:\/\/staging.rainforestfoundationuk.org\/","logo":{"@type":"ImageObject","inLanguage":"fr-FR","@id":"https:\/\/staging.rainforestfoundationuk.org\/#\/schema\/logo\/image\/","url":"https:\/\/staging.rainforestfoundationuk.org\/wp-content\/uploads\/2023\/08\/RFUK-logo-black.svg","contentUrl":"https:\/\/staging.rainforestfoundationuk.org\/wp-content\/uploads\/2023\/08\/RFUK-logo-black.svg","width":1278,"height":332,"caption":"Rainforest Foundation UK"},"image":{"@id":"https:\/\/staging.rainforestfoundationuk.org\/#\/schema\/logo\/image\/"},"sameAs":["https:\/\/www.facebook.com\/rainforestfoundationuk","https:\/\/x.com\/RFUK","https:\/\/www.instagram.com\/rainforestfoundationuk\/","https:\/\/www.youtube.com\/user\/theRFUK"]}]}},"_links":{"self":[{"href":"https:\/\/staging.rainforestfoundationuk.org\/fr\/wp-json\/wp\/v2\/pages\/178","targetHints":{"allow":["GET"]}}],"collection":[{"href":"https:\/\/staging.rainforestfoundationuk.org\/fr\/wp-json\/wp\/v2\/pages"}],"about":[{"href":"https:\/\/staging.rainforestfoundationuk.org\/fr\/wp-json\/wp\/v2\/types\/page"}],"author":[{"embeddable":true,"href":"https:\/\/staging.rainforestfoundationuk.org\/fr\/wp-json\/wp\/v2\/users\/2"}],"replies":[{"embeddable":true,"href":"https:\/\/staging.rainforestfoundationuk.org\/fr\/wp-json\/wp\/v2\/comments?post=178"}],"version-history":[{"count":5,"href":"https:\/\/staging.rainforestfoundationuk.org\/fr\/wp-json\/wp\/v2\/pages\/178\/revisions"}],"predecessor-version":[{"id":7737,"href":"https:\/\/staging.rainforestfoundationuk.org\/fr\/wp-json\/wp\/v2\/pages\/178\/revisions\/7737"}],"up":[{"embeddable":true,"href":"https:\/\/staging.rainforestfoundationuk.org\/fr\/wp-json\/wp\/v2\/pages\/4204"}],"wp:featuredmedia":[{"embeddable":true,"href":"https:\/\/staging.rainforestfoundationuk.org\/fr\/wp-json\/wp\/v2\/media\/1284"}],"wp:attachment":[{"href":"https:\/\/staging.rainforestfoundationuk.org\/fr\/wp-json\/wp\/v2\/media?parent=178"}],"curies":[{"name":"wp","href":"https:\/\/api.w.org\/{rel}","templated":true}]}}