{"id":1923,"date":"2021-11-16T15:29:28","date_gmt":"2021-11-16T15:29:28","guid":{"rendered":"https:\/\/staging.rainforestfoundationuk.org\/?page_id=1923"},"modified":"2022-09-21T21:43:21","modified_gmt":"2022-09-21T21:43:21","slug":"plantes-et-animaux","status":"publish","type":"page","link":"https:\/\/staging.rainforestfoundationuk.org\/fr\/ce-que-vous-pouvez-faire\/ecoles-et-collecte-de-fonds\/kit-pedagogique\/plantes-et-animaux\/","title":{"rendered":"Plantes et animaux"},"content":{"rendered":"<img loading=\"lazy\" decoding=\"async\" src=\"https:\/\/staging.rainforestfoundationuk.org\/wp-content\/uploads\/2021\/11\/6a037068-dd10-4309-8923-f1f7d94a6ebf.jpg\" alt=\"6a037068-dd10-4309-8923-f1f7d94a6ebf\" itemprop=\"image\" height=\"328\" width=\"328\" title=\"6a037068-dd10-4309-8923-f1f7d94a6ebf\" onerror=\"this.style.display='none'\"  \/>\n\t<h3>LES FOR\u00caTS TROPICALES HUMIDES ABRITENT 80 % DES ESP\u00c8CES TERRESTRES DE LA PLAN\u00c8TE.<\/h3>\n\t\t\t\t<img loading=\"lazy\" decoding=\"async\" src=\"https:\/\/staging.rainforestfoundationuk.org\/wp-content\/uploads\/2021\/11\/b653160f-742e-4daa-afb3-70443faf5b04.jpg\" alt=\"b653160f-742e-4daa-afb3-70443faf5b04\" itemprop=\"image\" height=\"328\" width=\"328\" title=\"b653160f-742e-4daa-afb3-70443faf5b04\" onerror=\"this.style.display='none'\"  \/>\n\t<h3>LE P\u00c9ROU ABRITE PLUS DE 15 000 ESP\u00c8CES DE PLANTES, ET LES POPULATIONS AUTOCHTONES CONTINUENT D'EN UTILISER UN GRAND NOMBRE POUR LEURS BESOINS QUOTIDIENS, COMME LA M\u00c9DECINE.<\/h3>\n\t\t\t\t<img loading=\"lazy\" decoding=\"async\" src=\"https:\/\/staging.rainforestfoundationuk.org\/wp-content\/uploads\/2021\/11\/a95b2e28-9be7-41b3-b518-d8b8cbce64d9.jpg\" alt=\"a95b2e28-9be7-41b3-b518-d8b8cbce64d9\" itemprop=\"image\" height=\"328\" width=\"328\" title=\"a95b2e28-9be7-41b3-b518-d8b8cbce64d9\" onerror=\"this.style.display='none'\"  \/>\n\t<h3>LA FOR\u00caT TROPICALE DU BASSIN DU CONGO EST LE SEUL ENDROIT O\u00d9 L'ON TROUVE LES TROIS TYPES DE GRANDS SINGES.<\/h3>\n\t\t\t\t<img loading=\"lazy\" decoding=\"async\" src=\"https:\/\/staging.rainforestfoundationuk.org\/wp-content\/uploads\/2022\/02\/5bf20337-67ca-4e67-829e-518fad6d1dbb.jpg\" alt=\"5bf20337-67ca-4e67-829e-518fad6d1dbb\" itemprop=\"image\" height=\"328\" width=\"328\" title=\"5bf20337-67ca-4e67-829e-518fad6d1dbb\" onerror=\"this.style.display='none'\"  \/>\n\t<h3>UN SEUL HECTARE DE FOR\u00caT TROPICALE PEUT CONTENIR 200 ESP\u00c8CES D'ARBRES DIFF\u00c9RENTES<\/h3>\n\t\t\t\t<img loading=\"lazy\" decoding=\"async\" src=\"https:\/\/staging.rainforestfoundationuk.org\/wp-content\/uploads\/2022\/02\/33d960c2-3eee-4e5f-bcfa-5ce55a702719.jpg\" alt=\"33d960c2-3eee-4e5f-bcfa-5ce55a702719\" itemprop=\"image\" height=\"328\" width=\"328\" title=\"33d960c2-3eee-4e5f-bcfa-5ce55a702719\" onerror=\"this.style.display='none'\"  \/>\n\t<h3>IL EXISTE ENVIRON 3 000 ESP\u00c8CES DE POISSONS D'EAU DOUCE VIVANT DANS L\u2019AMAZONIE.<\/h3>\n\t\t\t\t<img loading=\"lazy\" decoding=\"async\" src=\"https:\/\/staging.rainforestfoundationuk.org\/wp-content\/uploads\/2022\/02\/6e975f29-cd9b-46fd-897d-ab45eda7b785.jpg\" alt=\"6e975f29-cd9b-46fd-897d-ab45eda7b785\" itemprop=\"image\" height=\"328\" width=\"328\" title=\"6e975f29-cd9b-46fd-897d-ab45eda7b785\" onerror=\"this.style.display='none'\"  \/>\n\t<h3>LES SINGES BONOBOS SONT NOS PARENTS VIVANTS LES PLUS PROCHES, ET ON NE LES TROUVE QU'EN R\u00c9PUBLIQUE D\u00c9MOCRATIQUE DU CONGO.<\/h3>\n\t\t\t\t<img loading=\"lazy\" decoding=\"async\" src=\"https:\/\/staging.rainforestfoundationuk.org\/wp-content\/uploads\/2022\/02\/302781a6-42ad-4743-99c8-596cc9411418.jpg\" alt=\"302781a6-42ad-4743-99c8-596cc9411418\" itemprop=\"image\" height=\"328\" width=\"328\" title=\"302781a6-42ad-4743-99c8-596cc9411418\" onerror=\"this.style.display='none'\"  \/>\n\t<h3>ENVIRON 801 TONNES DE NOS ALIMENTS PROVIENNENT DES FOR\u00caTS TROPICALES, NOTAMMENT LES TOMATES, LES POMMES DE TERRE, LE RIZ ET LE CACAO.<\/h3>\n\t\t\t\t<img loading=\"lazy\" decoding=\"async\" src=\"https:\/\/staging.rainforestfoundationuk.org\/wp-content\/uploads\/2022\/02\/150e2a21-0c83-4e4e-b517-f8f846b19933.jpg\" alt=\"150e2a21-0c83-4e4e-b517-f8f846b19933\" itemprop=\"image\" height=\"328\" width=\"328\" title=\"150e2a21-0c83-4e4e-b517-f8f846b19933\" onerror=\"this.style.display='none'\"  \/>\n\t<h3>LE KAPOKIER EST LE PLUS GRAND ARBRE DE LA FOR\u00caT TROPICALE. IL PEUT ATTEINDRE PLUS DE 60 M\u00c8TRES DE HAUT ET 3 M\u00c8TRES DE LARGE.<\/h3>\n<h2>\n\t\tFaits sur les for\u00eats\n\t<\/h2>\n\t<meta itemscope itemprop=\"mainEntityOfPage\" itemtype=\"https:\/\/schema.org\/WebPage\" itemid=\"https:\/\/staging.rainforestfoundationuk.org\/what-you-can-do\/schools-and-fundraising\/education-pack\/plants-and-animals\/\" content=\"Plants and Animals\" \/><meta itemprop=\"datePublished\" content=\"2021-11-16\" \/><meta itemprop=\"dateModified\" content=\"2022-09-20\" \/><meta itemprop=\"name\" content=\"Rainforest Foundation UK\"\/><meta itemprop=\"url\" content=\"https:\/\/staging.rainforestfoundationuk.org\/author\/raygundesign\/\" \/><meta itemprop=\"name\" content=\"raygundesign\" \/><meta itemprop=\"url\" content=\"https:\/\/staging.rainforestfoundationuk.org\/wp-content\/uploads\/2022\/02\/plants-and-animals.jpg\" \/><meta itemprop=\"width\" content=\"613\" \/><meta itemprop=\"height\" content=\"400\" \/><meta itemprop=\"interactionType\" content=\"https:\/\/schema.org\/CommentAction\" \/><meta itemprop=\"userInteractionCount\" content=\"0\" \/>\n\t\t\t\t<a href=\"https:\/\/staging.rainforestfoundationuk.org\/fr\/ce-que-vous-pouvez-faire\/ecoles-et-collecte-de-fonds\/kit-pedagogique\/plantes-et-animaux\/\" target=\"_self\" itemprop=\"url\" rel=\"noopener\">\n\t\t\t\t<img loading=\"lazy\" decoding=\"async\" src=\"https:\/\/staging.rainforestfoundationuk.org\/wp-content\/uploads\/bb-plugin\/cache\/plants-and-animals-panorama.jpg\" alt=\"plantes-et-animaux\" itemprop=\"image\" data-no-lazy=\"1\" height=\"400\" width=\"613\" title=\"plantes-et-animaux\" onerror=\"this.style.display='none'\"  \/>\n\t\t\t\t<\/a>\n\t\t\t\t\t\t\t\t\t<h3 itemprop=\"headline\">\n\t\t\t\t\t\t\t\t\t\t\t\t\t<a href=\"https:\/\/staging.rainforestfoundationuk.org\/fr\/ce-que-vous-pouvez-faire\/ecoles-et-collecte-de-fonds\/kit-pedagogique\/plantes-et-animaux\/\" title=\"Plantes et animaux\">\n\t\t\t\t\t\t\t\t\t\t\t\t\t\tPlantes et animaux\t\t\t\t\t\t\t\t\t\t\t\t\t<\/a>\n\t\t\t\t\t\t\t\t\t\t\t<\/h3>\n    <p>Les for\u00eats tropicales abritent 80 % des esp\u00e8ces terrestres de la plan\u00e8te.<\/p>\n\t<meta itemscope itemprop=\"mainEntityOfPage\" itemtype=\"https:\/\/schema.org\/WebPage\" itemid=\"https:\/\/staging.rainforestfoundationuk.org\/what-you-can-do\/schools-and-fundraising\/education-pack\/people-and-rainforests\/\" content=\"People and Rainforests\" \/><meta itemprop=\"datePublished\" content=\"2021-11-16\" \/><meta itemprop=\"dateModified\" content=\"2022-09-20\" \/><meta itemprop=\"name\" content=\"Rainforest Foundation UK\"\/><meta itemprop=\"url\" content=\"https:\/\/staging.rainforestfoundationuk.org\/author\/raygundesign\/\" \/><meta itemprop=\"name\" content=\"raygundesign\" \/><meta itemprop=\"url\" content=\"https:\/\/staging.rainforestfoundationuk.org\/wp-content\/uploads\/2021\/09\/promo-03.jpg\" \/><meta itemprop=\"width\" content=\"555\" \/><meta itemprop=\"height\" content=\"380\" \/><meta itemprop=\"interactionType\" content=\"https:\/\/schema.org\/CommentAction\" \/><meta itemprop=\"userInteractionCount\" content=\"0\" \/>\n\t\t\t\t<a href=\"https:\/\/staging.rainforestfoundationuk.org\/fr\/ce-que-vous-pouvez-faire\/ecoles-et-collecte-de-fonds\/kit-pedagogique\/personnes-et-forets-rainees\/\" target=\"_self\" itemprop=\"url\" rel=\"noopener\">\n\t\t\t\t<img loading=\"lazy\" decoding=\"async\" src=\"https:\/\/staging.rainforestfoundationuk.org\/wp-content\/uploads\/bb-plugin\/cache\/promo-03-panorama.jpg\" alt=\"promo-03\" itemprop=\"image\" data-no-lazy=\"1\" height=\"380\" width=\"555\" title=\"promo-03\" onerror=\"this.style.display='none'\"  \/>\n\t\t\t\t<\/a>\n\t\t\t\t\t\t\t\t\t<h3 itemprop=\"headline\">\n\t\t\t\t\t\t\t\t\t\t\t\t\t<a href=\"https:\/\/staging.rainforestfoundationuk.org\/fr\/ce-que-vous-pouvez-faire\/ecoles-et-collecte-de-fonds\/kit-pedagogique\/personnes-et-forets-rainees\/\" title=\"Peuples et for\u00eats tropicales\">\n\t\t\t\t\t\t\t\t\t\t\t\t\t\tPeuples et for\u00eats tropicales\t\t\t\t\t\t\t\t\t\t\t\t\t<\/a>\n\t\t\t\t\t\t\t\t\t\t\t<\/h3>\n    <p>Plus d'un milliard de personnes dans le monde d\u00e9pendent des for\u00eats pour leur subsistance.<\/p>\n\t<meta itemscope itemprop=\"mainEntityOfPage\" itemtype=\"https:\/\/schema.org\/WebPage\" itemid=\"https:\/\/staging.rainforestfoundationuk.org\/what-you-can-do\/schools-and-fundraising\/education-pack\/geography-and-ecology\/\" content=\"Geography and Ecology\" \/><meta itemprop=\"datePublished\" content=\"2021-11-16\" \/><meta itemprop=\"dateModified\" content=\"2022-09-20\" \/><meta itemprop=\"name\" content=\"Rainforest Foundation UK\"\/><meta itemprop=\"url\" content=\"https:\/\/staging.rainforestfoundationuk.org\/author\/raygundesign\/\" \/><meta itemprop=\"name\" content=\"raygundesign\" \/><meta itemprop=\"url\" content=\"https:\/\/staging.rainforestfoundationuk.org\/wp-content\/uploads\/2022\/02\/513ce33f-6d00-4112-9b4a-19037dcbbed2_750_577.jpg\" \/><meta itemprop=\"width\" content=\"613\" \/><meta itemprop=\"height\" content=\"400\" \/><meta itemprop=\"interactionType\" content=\"https:\/\/schema.org\/CommentAction\" \/><meta itemprop=\"userInteractionCount\" content=\"0\" \/>\n\t\t\t\t<a href=\"https:\/\/staging.rainforestfoundationuk.org\/fr\/ce-que-vous-pouvez-faire\/ecoles-et-collecte-de-fonds\/kit-pedagogique\/geographie-et-ecologie\/\" target=\"_self\" itemprop=\"url\" rel=\"noopener\">\n\t\t\t\t<img loading=\"lazy\" decoding=\"async\" src=\"https:\/\/staging.rainforestfoundationuk.org\/wp-content\/uploads\/bb-plugin\/cache\/513ce33f-6d00-4112-9b4a-19037dcbbed2_750_577-panorama.jpg\" alt=\"513ce33f-6d00-4112-9b4a-19037dcbbed2_750_577\" itemprop=\"image\" data-no-lazy=\"1\" height=\"400\" width=\"613\" title=\"513ce33f-6d00-4112-9b4a-19037dcbbed2_750_577\" onerror=\"this.style.display='none'\"  \/>\n\t\t\t\t<\/a>\n\t\t\t\t\t\t\t\t\t<h3 itemprop=\"headline\">\n\t\t\t\t\t\t\t\t\t\t\t\t\t<a href=\"https:\/\/staging.rainforestfoundationuk.org\/fr\/ce-que-vous-pouvez-faire\/ecoles-et-collecte-de-fonds\/kit-pedagogique\/geographie-et-ecologie\/\" title=\"G\u00e9ographie et \u00e9cologie\">\n\t\t\t\t\t\t\t\t\t\t\t\t\t\tG\u00e9ographie et \u00e9cologie\t\t\t\t\t\t\t\t\t\t\t\t\t<\/a>\n\t\t\t\t\t\t\t\t\t\t\t<\/h3>\n    <p>Bien qu'elles couvrent moins de 2% de la surface du monde, les for\u00eats tropicales humides abritent la moiti\u00e9 de la biodiversit\u00e9 terrestre.<\/p>\n\t<meta itemscope itemprop=\"mainEntityOfPage\" itemtype=\"https:\/\/schema.org\/WebPage\" itemid=\"https:\/\/staging.rainforestfoundationuk.org\/what-you-can-do\/schools-and-fundraising\/education-pack\/threats-to-rainforests\/\" content=\"Threats to Rainforests\" \/><meta itemprop=\"datePublished\" content=\"2021-11-16\" \/><meta itemprop=\"dateModified\" content=\"2022-09-20\" \/><meta itemprop=\"name\" content=\"Rainforest Foundation UK\"\/><meta itemprop=\"url\" content=\"https:\/\/staging.rainforestfoundationuk.org\/author\/raygundesign\/\" \/><meta itemprop=\"name\" content=\"raygundesign\" \/><meta itemprop=\"url\" content=\"https:\/\/staging.rainforestfoundationuk.org\/wp-content\/uploads\/2022\/02\/2f3f70f8-0789-457d-9f2c-98c0a5b979b2_750_577.jpg\" \/><meta itemprop=\"width\" content=\"613\" \/><meta itemprop=\"height\" content=\"400\" \/><meta itemprop=\"interactionType\" content=\"https:\/\/schema.org\/CommentAction\" \/><meta itemprop=\"userInteractionCount\" content=\"0\" \/>\n\t\t\t\t<a href=\"https:\/\/staging.rainforestfoundationuk.org\/fr\/ce-que-vous-pouvez-faire\/ecoles-et-collecte-de-fonds\/kit-pedagogique\/menaces-sur-les-forets-pluviales\/\" target=\"_self\" itemprop=\"url\" rel=\"noopener\">\n\t\t\t\t<img loading=\"lazy\" decoding=\"async\" src=\"https:\/\/staging.rainforestfoundationuk.org\/wp-content\/uploads\/bb-plugin\/cache\/2f3f70f8-0789-457d-9f2c-98c0a5b979b2_750_577-panorama.jpg\" alt=\"2f3f70f8-0789-457d-9f2c-98c0a5b979b2_750_577\" itemprop=\"image\" data-no-lazy=\"1\" height=\"400\" width=\"613\" title=\"2f3f70f8-0789-457d-9f2c-98c0a5b979b2_750_577\" onerror=\"this.style.display='none'\"  \/>\n\t\t\t\t<\/a>\n\t\t\t\t\t\t\t\t\t<h3 itemprop=\"headline\">\n\t\t\t\t\t\t\t\t\t\t\t\t\t<a href=\"https:\/\/staging.rainforestfoundationuk.org\/fr\/ce-que-vous-pouvez-faire\/ecoles-et-collecte-de-fonds\/kit-pedagogique\/menaces-sur-les-forets-pluviales\/\" title=\"Menaces sur les for\u00eats tropicales\">\n\t\t\t\t\t\t\t\t\t\t\t\t\t\tMenaces sur les for\u00eats tropicales\t\t\t\t\t\t\t\t\t\t\t\t\t<\/a>\n\t\t\t\t\t\t\t\t\t\t\t<\/h3>\n    <p>Toutes les deux secondes, nous perdons une zone de for\u00eat tropicale de la taille d'un terrain de football.<\/p>\n\t\t<!-- .pp-content-posts -->","protected":false},"excerpt":{"rendered":"<p>Les for\u00eats tropicales abritent 80 % des esp\u00e8ces terrestres de la plan\u00e8te.<\/p>","protected":false},"author":2,"featured_media":2805,"parent":237,"menu_order":0,"comment_status":"closed","ping_status":"closed","template":"","meta":{"_acf_changed":false,"footnotes":""},"class_list":{"0":"post-1923","1":"page","2":"type-page","3":"status-publish","4":"has-post-thumbnail","6":"no-featured-image-padding"},"acf":[],"yoast_head":"<!-- This site is optimized with the Yoast SEO plugin v27.4 - https:\/\/yoast.com\/product\/yoast-seo-wordpress\/ -->\n<title>Plants and Animals - Staging Rainforest Foundation UK<\/title>\n<meta name=\"description\" content=\"Rainforests are home to 80 percent of the world&#039;s terrestrial species\" \/>\n<meta name=\"robots\" content=\"noindex, follow, max-snippet:-1, max-image-preview:large, max-video-preview:-1\" \/>\n<meta property=\"og:locale\" content=\"fr_FR\" \/>\n<meta property=\"og:type\" content=\"article\" \/>\n<meta property=\"og:title\" content=\"Plants and Animals - Staging Rainforest Foundation UK\" \/>\n<meta property=\"og:description\" content=\"Rainforests are home to 80 percent of the world&#039;s terrestrial species\" \/>\n<meta property=\"og:url\" content=\"https:\/\/staging.rainforestfoundationuk.org\/fr\/ce-que-vous-pouvez-faire\/ecoles-et-collecte-de-fonds\/kit-pedagogique\/plantes-et-animaux\/\" \/>\n<meta property=\"og:site_name\" content=\"Staging Rainforest Foundation UK\" \/>\n<meta property=\"article:publisher\" content=\"https:\/\/www.facebook.com\/rainforestfoundationuk\" \/>\n<meta property=\"article:modified_time\" content=\"2022-09-21T21:43:21+00:00\" \/>\n<meta property=\"og:image\" content=\"https:\/\/staging.rainforestfoundationuk.org\/wp-content\/uploads\/2022\/02\/plants-and-animals.jpg\" \/>\n\t<meta property=\"og:image:width\" content=\"613\" \/>\n\t<meta property=\"og:image:height\" content=\"400\" \/>\n\t<meta property=\"og:image:type\" content=\"image\/jpeg\" \/>\n<meta name=\"twitter:card\" content=\"summary_large_image\" \/>\n<meta name=\"twitter:site\" content=\"@RFUK\" \/>\n<meta name=\"twitter:label1\" content=\"Dur\u00e9e de lecture estim\u00e9e\" \/>\n\t<meta name=\"twitter:data1\" content=\"1 minute\" \/>\n<script type=\"application\/ld+json\" class=\"yoast-schema-graph\">{\"@context\":\"https:\\\/\\\/schema.org\",\"@graph\":[{\"@type\":\"WebPage\",\"@id\":\"https:\\\/\\\/staging.rainforestfoundationuk.org\\\/what-you-can-do\\\/schools-and-fundraising\\\/education-pack\\\/plants-and-animals\\\/\",\"url\":\"https:\\\/\\\/staging.rainforestfoundationuk.org\\\/what-you-can-do\\\/schools-and-fundraising\\\/education-pack\\\/plants-and-animals\\\/\",\"name\":\"Plants and Animals - Staging Rainforest Foundation UK\",\"isPartOf\":{\"@id\":\"https:\\\/\\\/staging.rainforestfoundationuk.org\\\/#website\"},\"primaryImageOfPage\":{\"@id\":\"https:\\\/\\\/staging.rainforestfoundationuk.org\\\/what-you-can-do\\\/schools-and-fundraising\\\/education-pack\\\/plants-and-animals\\\/#primaryimage\"},\"image\":{\"@id\":\"https:\\\/\\\/staging.rainforestfoundationuk.org\\\/what-you-can-do\\\/schools-and-fundraising\\\/education-pack\\\/plants-and-animals\\\/#primaryimage\"},\"thumbnailUrl\":\"https:\\\/\\\/staging.rainforestfoundationuk.org\\\/wp-content\\\/uploads\\\/2022\\\/02\\\/plants-and-animals.jpg\",\"datePublished\":\"2021-11-16T15:29:28+00:00\",\"dateModified\":\"2022-09-21T21:43:21+00:00\",\"description\":\"Rainforests are home to 80 percent of the world's terrestrial species\",\"breadcrumb\":{\"@id\":\"https:\\\/\\\/staging.rainforestfoundationuk.org\\\/what-you-can-do\\\/schools-and-fundraising\\\/education-pack\\\/plants-and-animals\\\/#breadcrumb\"},\"inLanguage\":\"fr-FR\",\"potentialAction\":[{\"@type\":\"ReadAction\",\"target\":[\"https:\\\/\\\/staging.rainforestfoundationuk.org\\\/what-you-can-do\\\/schools-and-fundraising\\\/education-pack\\\/plants-and-animals\\\/\"]}]},{\"@type\":\"ImageObject\",\"inLanguage\":\"fr-FR\",\"@id\":\"https:\\\/\\\/staging.rainforestfoundationuk.org\\\/what-you-can-do\\\/schools-and-fundraising\\\/education-pack\\\/plants-and-animals\\\/#primaryimage\",\"url\":\"https:\\\/\\\/staging.rainforestfoundationuk.org\\\/wp-content\\\/uploads\\\/2022\\\/02\\\/plants-and-animals.jpg\",\"contentUrl\":\"https:\\\/\\\/staging.rainforestfoundationuk.org\\\/wp-content\\\/uploads\\\/2022\\\/02\\\/plants-and-animals.jpg\",\"width\":613,\"height\":400},{\"@type\":\"BreadcrumbList\",\"@id\":\"https:\\\/\\\/staging.rainforestfoundationuk.org\\\/what-you-can-do\\\/schools-and-fundraising\\\/education-pack\\\/plants-and-animals\\\/#breadcrumb\",\"itemListElement\":[{\"@type\":\"ListItem\",\"position\":1,\"name\":\"Home\",\"item\":\"https:\\\/\\\/staging.rainforestfoundationuk.org\\\/\"},{\"@type\":\"ListItem\",\"position\":2,\"name\":\"What You Can Do\",\"item\":\"https:\\\/\\\/staging.rainforestfoundationuk.org\\\/what-you-can-do\\\/\"},{\"@type\":\"ListItem\",\"position\":3,\"name\":\"Schools &#038; Fundraising\",\"item\":\"https:\\\/\\\/staging.rainforestfoundationuk.org\\\/what-you-can-do\\\/schools-and-fundraising\\\/\"},{\"@type\":\"ListItem\",\"position\":4,\"name\":\"Education Pack\",\"item\":\"https:\\\/\\\/staging.rainforestfoundationuk.org\\\/what-you-can-do\\\/schools-and-fundraising\\\/education-pack\\\/\"},{\"@type\":\"ListItem\",\"position\":5,\"name\":\"Plants and Animals\"}]},{\"@type\":\"WebSite\",\"@id\":\"https:\\\/\\\/staging.rainforestfoundationuk.org\\\/#website\",\"url\":\"https:\\\/\\\/staging.rainforestfoundationuk.org\\\/\",\"name\":\"Rainforest Foundation UK\",\"description\":\"Securing lands, sustaining lives\",\"publisher\":{\"@id\":\"https:\\\/\\\/staging.rainforestfoundationuk.org\\\/#organization\"},\"potentialAction\":[{\"@type\":\"SearchAction\",\"target\":{\"@type\":\"EntryPoint\",\"urlTemplate\":\"https:\\\/\\\/staging.rainforestfoundationuk.org\\\/?s={search_term_string}\"},\"query-input\":{\"@type\":\"PropertyValueSpecification\",\"valueRequired\":true,\"valueName\":\"search_term_string\"}}],\"inLanguage\":\"fr-FR\"},{\"@type\":\"Organization\",\"@id\":\"https:\\\/\\\/staging.rainforestfoundationuk.org\\\/#organization\",\"name\":\"Rainforest Foundation UK\",\"url\":\"https:\\\/\\\/staging.rainforestfoundationuk.org\\\/\",\"logo\":{\"@type\":\"ImageObject\",\"inLanguage\":\"fr-FR\",\"@id\":\"https:\\\/\\\/staging.rainforestfoundationuk.org\\\/#\\\/schema\\\/logo\\\/image\\\/\",\"url\":\"https:\\\/\\\/staging.rainforestfoundationuk.org\\\/wp-content\\\/uploads\\\/2023\\\/08\\\/RFUK-logo-black.svg\",\"contentUrl\":\"https:\\\/\\\/staging.rainforestfoundationuk.org\\\/wp-content\\\/uploads\\\/2023\\\/08\\\/RFUK-logo-black.svg\",\"width\":1278,\"height\":332,\"caption\":\"Rainforest Foundation UK\"},\"image\":{\"@id\":\"https:\\\/\\\/staging.rainforestfoundationuk.org\\\/#\\\/schema\\\/logo\\\/image\\\/\"},\"sameAs\":[\"https:\\\/\\\/www.facebook.com\\\/rainforestfoundationuk\",\"https:\\\/\\\/x.com\\\/RFUK\",\"https:\\\/\\\/www.instagram.com\\\/rainforestfoundationuk\\\/\",\"https:\\\/\\\/www.youtube.com\\\/user\\\/theRFUK\"]}]}<\/script>\n<!-- \/ Yoast SEO plugin. -->","yoast_head_json":{"title":"Plants and Animals - Staging Rainforest Foundation UK","description":"Les for\u00eats tropicales abritent 80 % des esp\u00e8ces terrestres de la plan\u00e8te.","robots":{"index":"noindex","follow":"follow","max-snippet":"max-snippet:-1","max-image-preview":"max-image-preview:large","max-video-preview":"max-video-preview:-1"},"og_locale":"fr_FR","og_type":"article","og_title":"Plants and Animals - Staging Rainforest Foundation UK","og_description":"Rainforests are home to 80 percent of the world's terrestrial species","og_url":"https:\/\/staging.rainforestfoundationuk.org\/fr\/ce-que-vous-pouvez-faire\/ecoles-et-collecte-de-fonds\/kit-pedagogique\/plantes-et-animaux\/","og_site_name":"Staging Rainforest Foundation UK","article_publisher":"https:\/\/www.facebook.com\/rainforestfoundationuk","article_modified_time":"2022-09-21T21:43:21+00:00","og_image":[{"width":613,"height":400,"url":"https:\/\/staging.rainforestfoundationuk.org\/wp-content\/uploads\/2022\/02\/plants-and-animals.jpg","type":"image\/jpeg"}],"twitter_card":"summary_large_image","twitter_site":"@RFUK","twitter_misc":{"Dur\u00e9e de lecture estim\u00e9e":"1 minute"},"schema":{"@context":"https:\/\/schema.org","@graph":[{"@type":"WebPage","@id":"https:\/\/staging.rainforestfoundationuk.org\/what-you-can-do\/schools-and-fundraising\/education-pack\/plants-and-animals\/","url":"https:\/\/staging.rainforestfoundationuk.org\/what-you-can-do\/schools-and-fundraising\/education-pack\/plants-and-animals\/","name":"Plants and Animals - Staging Rainforest Foundation UK","isPartOf":{"@id":"https:\/\/staging.rainforestfoundationuk.org\/#website"},"primaryImageOfPage":{"@id":"https:\/\/staging.rainforestfoundationuk.org\/what-you-can-do\/schools-and-fundraising\/education-pack\/plants-and-animals\/#primaryimage"},"image":{"@id":"https:\/\/staging.rainforestfoundationuk.org\/what-you-can-do\/schools-and-fundraising\/education-pack\/plants-and-animals\/#primaryimage"},"thumbnailUrl":"https:\/\/staging.rainforestfoundationuk.org\/wp-content\/uploads\/2022\/02\/plants-and-animals.jpg","datePublished":"2021-11-16T15:29:28+00:00","dateModified":"2022-09-21T21:43:21+00:00","description":"Les for\u00eats tropicales abritent 80 % des esp\u00e8ces terrestres de la plan\u00e8te.","breadcrumb":{"@id":"https:\/\/staging.rainforestfoundationuk.org\/what-you-can-do\/schools-and-fundraising\/education-pack\/plants-and-animals\/#breadcrumb"},"inLanguage":"fr-FR","potentialAction":[{"@type":"ReadAction","target":["https:\/\/staging.rainforestfoundationuk.org\/what-you-can-do\/schools-and-fundraising\/education-pack\/plants-and-animals\/"]}]},{"@type":"ImageObject","inLanguage":"fr-FR","@id":"https:\/\/staging.rainforestfoundationuk.org\/what-you-can-do\/schools-and-fundraising\/education-pack\/plants-and-animals\/#primaryimage","url":"https:\/\/staging.rainforestfoundationuk.org\/wp-content\/uploads\/2022\/02\/plants-and-animals.jpg","contentUrl":"https:\/\/staging.rainforestfoundationuk.org\/wp-content\/uploads\/2022\/02\/plants-and-animals.jpg","width":613,"height":400},{"@type":"BreadcrumbList","@id":"https:\/\/staging.rainforestfoundationuk.org\/what-you-can-do\/schools-and-fundraising\/education-pack\/plants-and-animals\/#breadcrumb","itemListElement":[{"@type":"ListItem","position":1,"name":"Home","item":"https:\/\/staging.rainforestfoundationuk.org\/"},{"@type":"ListItem","position":2,"name":"What You Can Do","item":"https:\/\/staging.rainforestfoundationuk.org\/what-you-can-do\/"},{"@type":"ListItem","position":3,"name":"Schools &#038; Fundraising","item":"https:\/\/staging.rainforestfoundationuk.org\/what-you-can-do\/schools-and-fundraising\/"},{"@type":"ListItem","position":4,"name":"Education Pack","item":"https:\/\/staging.rainforestfoundationuk.org\/what-you-can-do\/schools-and-fundraising\/education-pack\/"},{"@type":"ListItem","position":5,"name":"Plants and Animals"}]},{"@type":"WebSite","@id":"https:\/\/staging.rainforestfoundationuk.org\/#website","url":"https:\/\/staging.rainforestfoundationuk.org\/","name":"Rainforest Foundation UK","description":"S\u00e9curiser les terres, pr\u00e9server les vies","publisher":{"@id":"https:\/\/staging.rainforestfoundationuk.org\/#organization"},"potentialAction":[{"@type":"SearchAction","target":{"@type":"EntryPoint","urlTemplate":"https:\/\/staging.rainforestfoundationuk.org\/?s={search_term_string}"},"query-input":{"@type":"PropertyValueSpecification","valueRequired":true,"valueName":"search_term_string"}}],"inLanguage":"fr-FR"},{"@type":"Organization","@id":"https:\/\/staging.rainforestfoundationuk.org\/#organization","name":"Rainforest Foundation UK","url":"https:\/\/staging.rainforestfoundationuk.org\/","logo":{"@type":"ImageObject","inLanguage":"fr-FR","@id":"https:\/\/staging.rainforestfoundationuk.org\/#\/schema\/logo\/image\/","url":"https:\/\/staging.rainforestfoundationuk.org\/wp-content\/uploads\/2023\/08\/RFUK-logo-black.svg","contentUrl":"https:\/\/staging.rainforestfoundationuk.org\/wp-content\/uploads\/2023\/08\/RFUK-logo-black.svg","width":1278,"height":332,"caption":"Rainforest Foundation UK"},"image":{"@id":"https:\/\/staging.rainforestfoundationuk.org\/#\/schema\/logo\/image\/"},"sameAs":["https:\/\/www.facebook.com\/rainforestfoundationuk","https:\/\/x.com\/RFUK","https:\/\/www.instagram.com\/rainforestfoundationuk\/","https:\/\/www.youtube.com\/user\/theRFUK"]}]}},"_links":{"self":[{"href":"https:\/\/staging.rainforestfoundationuk.org\/fr\/wp-json\/wp\/v2\/pages\/1923","targetHints":{"allow":["GET"]}}],"collection":[{"href":"https:\/\/staging.rainforestfoundationuk.org\/fr\/wp-json\/wp\/v2\/pages"}],"about":[{"href":"https:\/\/staging.rainforestfoundationuk.org\/fr\/wp-json\/wp\/v2\/types\/page"}],"author":[{"embeddable":true,"href":"https:\/\/staging.rainforestfoundationuk.org\/fr\/wp-json\/wp\/v2\/users\/2"}],"replies":[{"embeddable":true,"href":"https:\/\/staging.rainforestfoundationuk.org\/fr\/wp-json\/wp\/v2\/comments?post=1923"}],"version-history":[{"count":5,"href":"https:\/\/staging.rainforestfoundationuk.org\/fr\/wp-json\/wp\/v2\/pages\/1923\/revisions"}],"predecessor-version":[{"id":4839,"href":"https:\/\/staging.rainforestfoundationuk.org\/fr\/wp-json\/wp\/v2\/pages\/1923\/revisions\/4839"}],"up":[{"embeddable":true,"href":"https:\/\/staging.rainforestfoundationuk.org\/fr\/wp-json\/wp\/v2\/pages\/237"}],"wp:featuredmedia":[{"embeddable":true,"href":"https:\/\/staging.rainforestfoundationuk.org\/fr\/wp-json\/wp\/v2\/media\/2805"}],"wp:attachment":[{"href":"https:\/\/staging.rainforestfoundationuk.org\/fr\/wp-json\/wp\/v2\/media?parent=1923"}],"curies":[{"name":"wp","href":"https:\/\/api.w.org\/{rel}","templated":true}]}}