{"id":1925,"date":"2021-11-16T15:29:42","date_gmt":"2021-11-16T15:29:42","guid":{"rendered":"https:\/\/staging.rainforestfoundationuk.org\/?page_id=1925"},"modified":"2022-09-21T21:43:40","modified_gmt":"2022-09-21T21:43:40","slug":"personnes-et-forets-rainees","status":"publish","type":"page","link":"https:\/\/staging.rainforestfoundationuk.org\/fr\/ce-que-vous-pouvez-faire\/ecoles-et-collecte-de-fonds\/kit-pedagogique\/personnes-et-forets-rainees\/","title":{"rendered":"Peuples et for\u00eats tropicales"},"content":{"rendered":"<img loading=\"lazy\" decoding=\"async\" src=\"https:\/\/staging.rainforestfoundationuk.org\/wp-content\/uploads\/2022\/02\/6a7119e7-a0da-45ca-bb8b-66e2d2bf7814.jpg\" alt=\"6a7119e7-a0da-45ca-bb8b-66e2d2bf7814\" itemprop=\"image\" height=\"328\" width=\"328\" title=\"6a7119e7-a0da-45ca-bb8b-66e2d2bf7814\" onerror=\"this.style.display='none'\"  \/>\n\t<h3>PLUS D'UN MILLIARD DE PERSONNES DANS LE MONDE D\u00c9PENDENT DES FOR\u00caTS POUR LEUR SUBSISTANCE<\/h3>\n\t\t\t\t<img loading=\"lazy\" decoding=\"async\" src=\"https:\/\/staging.rainforestfoundationuk.org\/wp-content\/uploads\/2022\/02\/701963e6-922c-4363-b3a2-40c3d1cf8977.jpg\" alt=\"701963e6-922c-4363-b3a2-40c3d1cf8977\" itemprop=\"image\" height=\"328\" width=\"328\" title=\"701963e6-922c-4363-b3a2-40c3d1cf8977\" onerror=\"this.style.display='none'\"  \/>\n\t<h3>LES POPULATIONS AUTOCHTONES REPR\u00c9SENTENT ENVIRON 5% DE LA POPULATION MONDIALE<\/h3>\n\t\t\t\t<img loading=\"lazy\" decoding=\"async\" src=\"https:\/\/staging.rainforestfoundationuk.org\/wp-content\/uploads\/2022\/02\/ef633751-8615-4a33-871a-819e87674e99.jpg\" alt=\"ef633751-8615-4a33-871a-819e87674e99\" itemprop=\"image\" height=\"328\" width=\"328\" title=\"ef633751-8615-4a33-871a-819e87674e99\" onerror=\"this.style.display='none'\"  \/>\n\t<h3>ON ESTIME \u00c0 50 MILLIONS LE NOMBRE DE PERSONNES QUI VIVENT DANS LA FOR\u00caT TROPICALE - ET IL Y EN A BEAUCOUP D'AUTRES QUI N'ONT PAS ENCORE \u00c9T\u00c9 RECENS\u00c9ES.<\/h3>\n\t\t\t\t<img loading=\"lazy\" decoding=\"async\" src=\"https:\/\/staging.rainforestfoundationuk.org\/wp-content\/uploads\/2022\/02\/b572aff7-c014-4d40-af9a-1ea7691d48b3.jpg\" alt=\"b572aff7-c014-4d40-af9a-1ea7691d48b3\" itemprop=\"image\" height=\"328\" width=\"328\" title=\"b572aff7-c014-4d40-af9a-1ea7691d48b3\" onerror=\"this.style.display='none'\"  \/>\n\t<h3>LA FOR\u00caT TROPICALE DU BASSIN DU CONGO EST HABIT\u00c9E PAR L'HOMME DEPUIS PLUS DE 50 000 ANS ET CONTINUE D'ABRITER DES DIZAINES DE MILLIONS DE PERSONNES<\/h3>\n\t\t\t\t<img loading=\"lazy\" decoding=\"async\" src=\"https:\/\/staging.rainforestfoundationuk.org\/wp-content\/uploads\/2022\/02\/b038d722-bbbb-4063-9b41-91434faa41ca.jpg\" alt=\"b038d722-bbbb-4063-9b41-91434faa41ca\" itemprop=\"image\" height=\"328\" width=\"328\" title=\"b038d722-bbbb-4063-9b41-91434faa41ca\" onerror=\"this.style.display='none'\"  \/>\n\t<h3>LE \"CONSENTEMENT LIBRE, PR\u00c9ALABLE ET \u00c9CLAIR\u00c9\" EST UN DROIT INTERNATIONAL DES POPULATIONS AUTOCHTONES, QUI LEUR PERMET D'AVOIR LEUR MOT \u00c0 DIRE SUR LES PROJETS QUI LES CONCERNENT.<\/h3>\n\t\t\t\t<img loading=\"lazy\" decoding=\"async\" src=\"https:\/\/staging.rainforestfoundationuk.org\/wp-content\/uploads\/2022\/02\/06253a1a-1fd0-4e86-92e0-ece2a317d511.jpg\" alt=\"06253a1a-1fd0-4e86-92e0-ece2a317d511\" itemprop=\"image\" height=\"328\" width=\"328\" title=\"06253a1a-1fd0-4e86-92e0-ece2a317d511\" onerror=\"this.style.display='none'\"  \/>\n\t<h3>AU BR\u00c9SIL, ON ESTIME QUE LES FOR\u00caTS G\u00c9R\u00c9ES PAR LES POPULATIONS AUTOCHTONES \u00c9METTENT 27 FOIS MOINS DE CO2 D\u00db \u00c0 LA D\u00c9FORESTATION QUE LES FOR\u00caTS NON AUTOCHTONES.<\/h3>\n\t\t\t\t<img loading=\"lazy\" decoding=\"async\" src=\"https:\/\/staging.rainforestfoundationuk.org\/wp-content\/uploads\/2022\/02\/1ec457ef-9d8b-4948-91d4-2c69d6f50a6a.jpg\" alt=\"1ec457ef-9d8b-4948-91d4-2c69d6f50a6a\" itemprop=\"image\" height=\"328\" width=\"328\" title=\"1ec457ef-9d8b-4948-91d4-2c69d6f50a6a\" onerror=\"this.style.display='none'\"  \/>\n\t<h3>PLUS DE LA MOITI\u00c9 DES ZONES PROT\u00c9G\u00c9ES DU MONDE SE TROUVENT SUR DES TERRES TRADITIONNELLEMENT HABIT\u00c9ES PAR DES POPULATIONS AUTOCHTONES.<\/h3>\n\t\t\t\t<img loading=\"lazy\" decoding=\"async\" src=\"https:\/\/staging.rainforestfoundationuk.org\/wp-content\/uploads\/2022\/02\/01677b15-715c-4d70-bf95-fd731ec191d2.jpg\" alt=\"01677b15-715c-4d70-bf95-fd731ec191d2\" itemprop=\"image\" height=\"328\" width=\"328\" title=\"01677b15-715c-4d70-bf95-fd731ec191d2\" onerror=\"this.style.display='none'\"  \/>\n\t<h3>LE P\u00c9ROU COMPTE ENVIRON 9 MILLIONS D'AUTOCHTONES QUI UTILISENT 80 LANGUES DIFF\u00c9RENTES.<\/h3>\n<h2>\n\t\tFaits sur les for\u00eats\n\t<\/h2>\n\t<meta itemscope itemprop=\"mainEntityOfPage\" itemtype=\"https:\/\/schema.org\/WebPage\" itemid=\"https:\/\/staging.rainforestfoundationuk.org\/what-you-can-do\/schools-and-fundraising\/education-pack\/plants-and-animals\/\" content=\"Plants and Animals\" \/><meta itemprop=\"datePublished\" content=\"2021-11-16\" \/><meta itemprop=\"dateModified\" content=\"2022-09-21\" \/><meta itemprop=\"name\" content=\"Rainforest Foundation UK\"\/><meta itemprop=\"url\" content=\"https:\/\/staging.rainforestfoundationuk.org\/author\/raygundesign\/\" \/><meta itemprop=\"name\" content=\"raygundesign\" \/><meta itemprop=\"url\" content=\"https:\/\/staging.rainforestfoundationuk.org\/wp-content\/uploads\/2022\/02\/plants-and-animals.jpg\" \/><meta itemprop=\"width\" content=\"613\" \/><meta itemprop=\"height\" content=\"400\" \/><meta itemprop=\"interactionType\" content=\"https:\/\/schema.org\/CommentAction\" \/><meta itemprop=\"userInteractionCount\" content=\"0\" \/>\n\t\t\t\t<a href=\"https:\/\/staging.rainforestfoundationuk.org\/fr\/ce-que-vous-pouvez-faire\/ecoles-et-collecte-de-fonds\/kit-pedagogique\/plantes-et-animaux\/\" target=\"_self\" itemprop=\"url\" rel=\"noopener\">\n\t\t\t\t<img loading=\"lazy\" decoding=\"async\" src=\"https:\/\/staging.rainforestfoundationuk.org\/wp-content\/uploads\/bb-plugin\/cache\/plants-and-animals-panorama.jpg\" alt=\"plantes-et-animaux\" itemprop=\"image\" data-no-lazy=\"1\" height=\"400\" width=\"613\" title=\"plantes-et-animaux\" onerror=\"this.style.display='none'\"  \/>\n\t\t\t\t<\/a>\n\t\t\t\t\t\t\t\t\t<h3 itemprop=\"headline\">\n\t\t\t\t\t\t\t\t\t\t\t\t\t<a href=\"https:\/\/staging.rainforestfoundationuk.org\/fr\/ce-que-vous-pouvez-faire\/ecoles-et-collecte-de-fonds\/kit-pedagogique\/plantes-et-animaux\/\" title=\"Plantes et animaux\">\n\t\t\t\t\t\t\t\t\t\t\t\t\t\tPlantes et animaux\t\t\t\t\t\t\t\t\t\t\t\t\t<\/a>\n\t\t\t\t\t\t\t\t\t\t\t<\/h3>\n    <p>Les for\u00eats tropicales abritent 80 % des esp\u00e8ces terrestres de la plan\u00e8te.<\/p>\n\t<meta itemscope itemprop=\"mainEntityOfPage\" itemtype=\"https:\/\/schema.org\/WebPage\" itemid=\"https:\/\/staging.rainforestfoundationuk.org\/what-you-can-do\/schools-and-fundraising\/education-pack\/people-and-rainforests\/\" content=\"People and Rainforests\" \/><meta itemprop=\"datePublished\" content=\"2021-11-16\" \/><meta itemprop=\"dateModified\" content=\"2022-09-20\" \/><meta itemprop=\"name\" content=\"Rainforest Foundation UK\"\/><meta itemprop=\"url\" content=\"https:\/\/staging.rainforestfoundationuk.org\/author\/raygundesign\/\" \/><meta itemprop=\"name\" content=\"raygundesign\" \/><meta itemprop=\"url\" content=\"https:\/\/staging.rainforestfoundationuk.org\/wp-content\/uploads\/2021\/09\/promo-03.jpg\" \/><meta itemprop=\"width\" content=\"555\" \/><meta itemprop=\"height\" content=\"380\" \/><meta itemprop=\"interactionType\" content=\"https:\/\/schema.org\/CommentAction\" \/><meta itemprop=\"userInteractionCount\" content=\"0\" \/>\n\t\t\t\t<a href=\"https:\/\/staging.rainforestfoundationuk.org\/fr\/ce-que-vous-pouvez-faire\/ecoles-et-collecte-de-fonds\/kit-pedagogique\/personnes-et-forets-rainees\/\" target=\"_self\" itemprop=\"url\" rel=\"noopener\">\n\t\t\t\t<img loading=\"lazy\" decoding=\"async\" src=\"https:\/\/staging.rainforestfoundationuk.org\/wp-content\/uploads\/bb-plugin\/cache\/promo-03-panorama.jpg\" alt=\"promo-03\" itemprop=\"image\" data-no-lazy=\"1\" height=\"380\" width=\"555\" title=\"promo-03\" onerror=\"this.style.display='none'\"  \/>\n\t\t\t\t<\/a>\n\t\t\t\t\t\t\t\t\t<h3 itemprop=\"headline\">\n\t\t\t\t\t\t\t\t\t\t\t\t\t<a href=\"https:\/\/staging.rainforestfoundationuk.org\/fr\/ce-que-vous-pouvez-faire\/ecoles-et-collecte-de-fonds\/kit-pedagogique\/personnes-et-forets-rainees\/\" title=\"Peuples et for\u00eats tropicales\">\n\t\t\t\t\t\t\t\t\t\t\t\t\t\tPeuples et for\u00eats tropicales\t\t\t\t\t\t\t\t\t\t\t\t\t<\/a>\n\t\t\t\t\t\t\t\t\t\t\t<\/h3>\n    <p>Plus d'un milliard de personnes dans le monde d\u00e9pendent des for\u00eats pour leur subsistance.<\/p>\n\t<meta itemscope itemprop=\"mainEntityOfPage\" itemtype=\"https:\/\/schema.org\/WebPage\" itemid=\"https:\/\/staging.rainforestfoundationuk.org\/what-you-can-do\/schools-and-fundraising\/education-pack\/geography-and-ecology\/\" content=\"Geography and Ecology\" \/><meta itemprop=\"datePublished\" content=\"2021-11-16\" \/><meta itemprop=\"dateModified\" content=\"2022-09-20\" \/><meta itemprop=\"name\" content=\"Rainforest Foundation UK\"\/><meta itemprop=\"url\" content=\"https:\/\/staging.rainforestfoundationuk.org\/author\/raygundesign\/\" \/><meta itemprop=\"name\" content=\"raygundesign\" \/><meta itemprop=\"url\" content=\"https:\/\/staging.rainforestfoundationuk.org\/wp-content\/uploads\/2022\/02\/513ce33f-6d00-4112-9b4a-19037dcbbed2_750_577.jpg\" \/><meta itemprop=\"width\" content=\"613\" \/><meta itemprop=\"height\" content=\"400\" \/><meta itemprop=\"interactionType\" content=\"https:\/\/schema.org\/CommentAction\" \/><meta itemprop=\"userInteractionCount\" content=\"0\" \/>\n\t\t\t\t<a href=\"https:\/\/staging.rainforestfoundationuk.org\/fr\/ce-que-vous-pouvez-faire\/ecoles-et-collecte-de-fonds\/kit-pedagogique\/geographie-et-ecologie\/\" target=\"_self\" itemprop=\"url\" rel=\"noopener\">\n\t\t\t\t<img loading=\"lazy\" decoding=\"async\" src=\"https:\/\/staging.rainforestfoundationuk.org\/wp-content\/uploads\/bb-plugin\/cache\/513ce33f-6d00-4112-9b4a-19037dcbbed2_750_577-panorama.jpg\" alt=\"513ce33f-6d00-4112-9b4a-19037dcbbed2_750_577\" itemprop=\"image\" data-no-lazy=\"1\" height=\"400\" width=\"613\" title=\"513ce33f-6d00-4112-9b4a-19037dcbbed2_750_577\" onerror=\"this.style.display='none'\"  \/>\n\t\t\t\t<\/a>\n\t\t\t\t\t\t\t\t\t<h3 itemprop=\"headline\">\n\t\t\t\t\t\t\t\t\t\t\t\t\t<a href=\"https:\/\/staging.rainforestfoundationuk.org\/fr\/ce-que-vous-pouvez-faire\/ecoles-et-collecte-de-fonds\/kit-pedagogique\/geographie-et-ecologie\/\" title=\"G\u00e9ographie et \u00e9cologie\">\n\t\t\t\t\t\t\t\t\t\t\t\t\t\tG\u00e9ographie et \u00e9cologie\t\t\t\t\t\t\t\t\t\t\t\t\t<\/a>\n\t\t\t\t\t\t\t\t\t\t\t<\/h3>\n    <p>Bien qu'elles couvrent moins de 2% de la surface du monde, les for\u00eats tropicales humides abritent la moiti\u00e9 de la biodiversit\u00e9 terrestre.<\/p>\n\t<meta itemscope itemprop=\"mainEntityOfPage\" itemtype=\"https:\/\/schema.org\/WebPage\" itemid=\"https:\/\/staging.rainforestfoundationuk.org\/what-you-can-do\/schools-and-fundraising\/education-pack\/threats-to-rainforests\/\" content=\"Threats to Rainforests\" \/><meta itemprop=\"datePublished\" content=\"2021-11-16\" \/><meta itemprop=\"dateModified\" content=\"2022-09-20\" \/><meta itemprop=\"name\" content=\"Rainforest Foundation UK\"\/><meta itemprop=\"url\" content=\"https:\/\/staging.rainforestfoundationuk.org\/author\/raygundesign\/\" \/><meta itemprop=\"name\" content=\"raygundesign\" \/><meta itemprop=\"url\" content=\"https:\/\/staging.rainforestfoundationuk.org\/wp-content\/uploads\/2022\/02\/2f3f70f8-0789-457d-9f2c-98c0a5b979b2_750_577.jpg\" \/><meta itemprop=\"width\" content=\"613\" \/><meta itemprop=\"height\" content=\"400\" \/><meta itemprop=\"interactionType\" content=\"https:\/\/schema.org\/CommentAction\" \/><meta itemprop=\"userInteractionCount\" content=\"0\" \/>\n\t\t\t\t<a href=\"https:\/\/staging.rainforestfoundationuk.org\/fr\/ce-que-vous-pouvez-faire\/ecoles-et-collecte-de-fonds\/kit-pedagogique\/menaces-sur-les-forets-pluviales\/\" target=\"_self\" itemprop=\"url\" rel=\"noopener\">\n\t\t\t\t<img loading=\"lazy\" decoding=\"async\" src=\"https:\/\/staging.rainforestfoundationuk.org\/wp-content\/uploads\/bb-plugin\/cache\/2f3f70f8-0789-457d-9f2c-98c0a5b979b2_750_577-panorama.jpg\" alt=\"2f3f70f8-0789-457d-9f2c-98c0a5b979b2_750_577\" itemprop=\"image\" data-no-lazy=\"1\" height=\"400\" width=\"613\" title=\"2f3f70f8-0789-457d-9f2c-98c0a5b979b2_750_577\" onerror=\"this.style.display='none'\"  \/>\n\t\t\t\t<\/a>\n\t\t\t\t\t\t\t\t\t<h3 itemprop=\"headline\">\n\t\t\t\t\t\t\t\t\t\t\t\t\t<a href=\"https:\/\/staging.rainforestfoundationuk.org\/fr\/ce-que-vous-pouvez-faire\/ecoles-et-collecte-de-fonds\/kit-pedagogique\/menaces-sur-les-forets-pluviales\/\" title=\"Menaces sur les for\u00eats tropicales\">\n\t\t\t\t\t\t\t\t\t\t\t\t\t\tMenaces sur les for\u00eats tropicales\t\t\t\t\t\t\t\t\t\t\t\t\t<\/a>\n\t\t\t\t\t\t\t\t\t\t\t<\/h3>\n    <p>Toutes les deux secondes, nous perdons une zone de for\u00eat tropicale de la taille d'un terrain de football.<\/p>\n\t\t<!-- .pp-content-posts -->","protected":false},"excerpt":{"rendered":"<p>Plus d'un milliard de personnes dans le monde d\u00e9pendent des for\u00eats pour leur subsistance.<\/p>","protected":false},"author":2,"featured_media":573,"parent":237,"menu_order":0,"comment_status":"closed","ping_status":"closed","template":"","meta":{"_acf_changed":false,"footnotes":""},"class_list":{"0":"post-1925","1":"page","2":"type-page","3":"status-publish","4":"has-post-thumbnail","6":"no-featured-image-padding"},"acf":[],"yoast_head":"<!-- This site is optimized with the Yoast SEO plugin v27.4 - https:\/\/yoast.com\/product\/yoast-seo-wordpress\/ -->\n<title>People and Rainforests - Staging Rainforest Foundation UK<\/title>\n<meta name=\"description\" content=\"Over one billion people worldwide depend on forests for their livelihood\" \/>\n<meta name=\"robots\" content=\"noindex, follow, max-snippet:-1, max-image-preview:large, max-video-preview:-1\" \/>\n<meta property=\"og:locale\" content=\"fr_FR\" \/>\n<meta property=\"og:type\" content=\"article\" \/>\n<meta property=\"og:title\" content=\"People and Rainforests - Staging Rainforest Foundation UK\" \/>\n<meta property=\"og:description\" content=\"Over one billion people worldwide depend on forests for their livelihood\" \/>\n<meta property=\"og:url\" content=\"https:\/\/staging.rainforestfoundationuk.org\/fr\/ce-que-vous-pouvez-faire\/ecoles-et-collecte-de-fonds\/kit-pedagogique\/personnes-et-forets-rainees\/\" \/>\n<meta property=\"og:site_name\" content=\"Staging Rainforest Foundation UK\" \/>\n<meta property=\"article:publisher\" content=\"https:\/\/www.facebook.com\/rainforestfoundationuk\" \/>\n<meta property=\"article:modified_time\" content=\"2022-09-21T21:43:40+00:00\" \/>\n<meta property=\"og:image\" content=\"https:\/\/staging.rainforestfoundationuk.org\/wp-content\/uploads\/2021\/09\/promo-03.jpg\" \/>\n\t<meta property=\"og:image:width\" content=\"555\" \/>\n\t<meta property=\"og:image:height\" content=\"380\" \/>\n\t<meta property=\"og:image:type\" content=\"image\/jpeg\" \/>\n<meta name=\"twitter:card\" content=\"summary_large_image\" \/>\n<meta name=\"twitter:site\" content=\"@RFUK\" \/>\n<meta name=\"twitter:label1\" content=\"Dur\u00e9e de lecture estim\u00e9e\" \/>\n\t<meta name=\"twitter:data1\" content=\"1 minute\" \/>\n<script type=\"application\/ld+json\" class=\"yoast-schema-graph\">{\"@context\":\"https:\\\/\\\/schema.org\",\"@graph\":[{\"@type\":\"WebPage\",\"@id\":\"https:\\\/\\\/staging.rainforestfoundationuk.org\\\/what-you-can-do\\\/schools-and-fundraising\\\/education-pack\\\/people-and-rainforests\\\/\",\"url\":\"https:\\\/\\\/staging.rainforestfoundationuk.org\\\/what-you-can-do\\\/schools-and-fundraising\\\/education-pack\\\/people-and-rainforests\\\/\",\"name\":\"People and Rainforests - Staging Rainforest Foundation UK\",\"isPartOf\":{\"@id\":\"https:\\\/\\\/staging.rainforestfoundationuk.org\\\/#website\"},\"primaryImageOfPage\":{\"@id\":\"https:\\\/\\\/staging.rainforestfoundationuk.org\\\/what-you-can-do\\\/schools-and-fundraising\\\/education-pack\\\/people-and-rainforests\\\/#primaryimage\"},\"image\":{\"@id\":\"https:\\\/\\\/staging.rainforestfoundationuk.org\\\/what-you-can-do\\\/schools-and-fundraising\\\/education-pack\\\/people-and-rainforests\\\/#primaryimage\"},\"thumbnailUrl\":\"https:\\\/\\\/staging.rainforestfoundationuk.org\\\/wp-content\\\/uploads\\\/2021\\\/09\\\/promo-03.jpg\",\"datePublished\":\"2021-11-16T15:29:42+00:00\",\"dateModified\":\"2022-09-21T21:43:40+00:00\",\"description\":\"Over one billion people worldwide depend on forests for their livelihood\",\"breadcrumb\":{\"@id\":\"https:\\\/\\\/staging.rainforestfoundationuk.org\\\/what-you-can-do\\\/schools-and-fundraising\\\/education-pack\\\/people-and-rainforests\\\/#breadcrumb\"},\"inLanguage\":\"fr-FR\",\"potentialAction\":[{\"@type\":\"ReadAction\",\"target\":[\"https:\\\/\\\/staging.rainforestfoundationuk.org\\\/what-you-can-do\\\/schools-and-fundraising\\\/education-pack\\\/people-and-rainforests\\\/\"]}]},{\"@type\":\"ImageObject\",\"inLanguage\":\"fr-FR\",\"@id\":\"https:\\\/\\\/staging.rainforestfoundationuk.org\\\/what-you-can-do\\\/schools-and-fundraising\\\/education-pack\\\/people-and-rainforests\\\/#primaryimage\",\"url\":\"https:\\\/\\\/staging.rainforestfoundationuk.org\\\/wp-content\\\/uploads\\\/2021\\\/09\\\/promo-03.jpg\",\"contentUrl\":\"https:\\\/\\\/staging.rainforestfoundationuk.org\\\/wp-content\\\/uploads\\\/2021\\\/09\\\/promo-03.jpg\",\"width\":555,\"height\":380},{\"@type\":\"BreadcrumbList\",\"@id\":\"https:\\\/\\\/staging.rainforestfoundationuk.org\\\/what-you-can-do\\\/schools-and-fundraising\\\/education-pack\\\/people-and-rainforests\\\/#breadcrumb\",\"itemListElement\":[{\"@type\":\"ListItem\",\"position\":1,\"name\":\"Home\",\"item\":\"https:\\\/\\\/staging.rainforestfoundationuk.org\\\/\"},{\"@type\":\"ListItem\",\"position\":2,\"name\":\"What You Can Do\",\"item\":\"https:\\\/\\\/staging.rainforestfoundationuk.org\\\/what-you-can-do\\\/\"},{\"@type\":\"ListItem\",\"position\":3,\"name\":\"Schools &#038; Fundraising\",\"item\":\"https:\\\/\\\/staging.rainforestfoundationuk.org\\\/what-you-can-do\\\/schools-and-fundraising\\\/\"},{\"@type\":\"ListItem\",\"position\":4,\"name\":\"Education Pack\",\"item\":\"https:\\\/\\\/staging.rainforestfoundationuk.org\\\/what-you-can-do\\\/schools-and-fundraising\\\/education-pack\\\/\"},{\"@type\":\"ListItem\",\"position\":5,\"name\":\"People and Rainforests\"}]},{\"@type\":\"WebSite\",\"@id\":\"https:\\\/\\\/staging.rainforestfoundationuk.org\\\/#website\",\"url\":\"https:\\\/\\\/staging.rainforestfoundationuk.org\\\/\",\"name\":\"Rainforest Foundation UK\",\"description\":\"Securing lands, sustaining lives\",\"publisher\":{\"@id\":\"https:\\\/\\\/staging.rainforestfoundationuk.org\\\/#organization\"},\"potentialAction\":[{\"@type\":\"SearchAction\",\"target\":{\"@type\":\"EntryPoint\",\"urlTemplate\":\"https:\\\/\\\/staging.rainforestfoundationuk.org\\\/?s={search_term_string}\"},\"query-input\":{\"@type\":\"PropertyValueSpecification\",\"valueRequired\":true,\"valueName\":\"search_term_string\"}}],\"inLanguage\":\"fr-FR\"},{\"@type\":\"Organization\",\"@id\":\"https:\\\/\\\/staging.rainforestfoundationuk.org\\\/#organization\",\"name\":\"Rainforest Foundation UK\",\"url\":\"https:\\\/\\\/staging.rainforestfoundationuk.org\\\/\",\"logo\":{\"@type\":\"ImageObject\",\"inLanguage\":\"fr-FR\",\"@id\":\"https:\\\/\\\/staging.rainforestfoundationuk.org\\\/#\\\/schema\\\/logo\\\/image\\\/\",\"url\":\"https:\\\/\\\/staging.rainforestfoundationuk.org\\\/wp-content\\\/uploads\\\/2023\\\/08\\\/RFUK-logo-black.svg\",\"contentUrl\":\"https:\\\/\\\/staging.rainforestfoundationuk.org\\\/wp-content\\\/uploads\\\/2023\\\/08\\\/RFUK-logo-black.svg\",\"width\":1278,\"height\":332,\"caption\":\"Rainforest Foundation UK\"},\"image\":{\"@id\":\"https:\\\/\\\/staging.rainforestfoundationuk.org\\\/#\\\/schema\\\/logo\\\/image\\\/\"},\"sameAs\":[\"https:\\\/\\\/www.facebook.com\\\/rainforestfoundationuk\",\"https:\\\/\\\/x.com\\\/RFUK\",\"https:\\\/\\\/www.instagram.com\\\/rainforestfoundationuk\\\/\",\"https:\\\/\\\/www.youtube.com\\\/user\\\/theRFUK\"]}]}<\/script>\n<!-- \/ Yoast SEO plugin. -->","yoast_head_json":{"title":"People and Rainforests - Staging Rainforest Foundation UK","description":"Plus d'un milliard de personnes dans le monde d\u00e9pendent des for\u00eats pour leur subsistance.","robots":{"index":"noindex","follow":"follow","max-snippet":"max-snippet:-1","max-image-preview":"max-image-preview:large","max-video-preview":"max-video-preview:-1"},"og_locale":"fr_FR","og_type":"article","og_title":"People and Rainforests - Staging Rainforest Foundation UK","og_description":"Over one billion people worldwide depend on forests for their livelihood","og_url":"https:\/\/staging.rainforestfoundationuk.org\/fr\/ce-que-vous-pouvez-faire\/ecoles-et-collecte-de-fonds\/kit-pedagogique\/personnes-et-forets-rainees\/","og_site_name":"Staging Rainforest Foundation UK","article_publisher":"https:\/\/www.facebook.com\/rainforestfoundationuk","article_modified_time":"2022-09-21T21:43:40+00:00","og_image":[{"width":555,"height":380,"url":"https:\/\/staging.rainforestfoundationuk.org\/wp-content\/uploads\/2021\/09\/promo-03.jpg","type":"image\/jpeg"}],"twitter_card":"summary_large_image","twitter_site":"@RFUK","twitter_misc":{"Dur\u00e9e de lecture estim\u00e9e":"1 minute"},"schema":{"@context":"https:\/\/schema.org","@graph":[{"@type":"WebPage","@id":"https:\/\/staging.rainforestfoundationuk.org\/what-you-can-do\/schools-and-fundraising\/education-pack\/people-and-rainforests\/","url":"https:\/\/staging.rainforestfoundationuk.org\/what-you-can-do\/schools-and-fundraising\/education-pack\/people-and-rainforests\/","name":"People and Rainforests - Staging Rainforest Foundation UK","isPartOf":{"@id":"https:\/\/staging.rainforestfoundationuk.org\/#website"},"primaryImageOfPage":{"@id":"https:\/\/staging.rainforestfoundationuk.org\/what-you-can-do\/schools-and-fundraising\/education-pack\/people-and-rainforests\/#primaryimage"},"image":{"@id":"https:\/\/staging.rainforestfoundationuk.org\/what-you-can-do\/schools-and-fundraising\/education-pack\/people-and-rainforests\/#primaryimage"},"thumbnailUrl":"https:\/\/staging.rainforestfoundationuk.org\/wp-content\/uploads\/2021\/09\/promo-03.jpg","datePublished":"2021-11-16T15:29:42+00:00","dateModified":"2022-09-21T21:43:40+00:00","description":"Plus d'un milliard de personnes dans le monde d\u00e9pendent des for\u00eats pour leur subsistance.","breadcrumb":{"@id":"https:\/\/staging.rainforestfoundationuk.org\/what-you-can-do\/schools-and-fundraising\/education-pack\/people-and-rainforests\/#breadcrumb"},"inLanguage":"fr-FR","potentialAction":[{"@type":"ReadAction","target":["https:\/\/staging.rainforestfoundationuk.org\/what-you-can-do\/schools-and-fundraising\/education-pack\/people-and-rainforests\/"]}]},{"@type":"ImageObject","inLanguage":"fr-FR","@id":"https:\/\/staging.rainforestfoundationuk.org\/what-you-can-do\/schools-and-fundraising\/education-pack\/people-and-rainforests\/#primaryimage","url":"https:\/\/staging.rainforestfoundationuk.org\/wp-content\/uploads\/2021\/09\/promo-03.jpg","contentUrl":"https:\/\/staging.rainforestfoundationuk.org\/wp-content\/uploads\/2021\/09\/promo-03.jpg","width":555,"height":380},{"@type":"BreadcrumbList","@id":"https:\/\/staging.rainforestfoundationuk.org\/what-you-can-do\/schools-and-fundraising\/education-pack\/people-and-rainforests\/#breadcrumb","itemListElement":[{"@type":"ListItem","position":1,"name":"Home","item":"https:\/\/staging.rainforestfoundationuk.org\/"},{"@type":"ListItem","position":2,"name":"What You Can Do","item":"https:\/\/staging.rainforestfoundationuk.org\/what-you-can-do\/"},{"@type":"ListItem","position":3,"name":"Schools &#038; Fundraising","item":"https:\/\/staging.rainforestfoundationuk.org\/what-you-can-do\/schools-and-fundraising\/"},{"@type":"ListItem","position":4,"name":"Education Pack","item":"https:\/\/staging.rainforestfoundationuk.org\/what-you-can-do\/schools-and-fundraising\/education-pack\/"},{"@type":"ListItem","position":5,"name":"People and Rainforests"}]},{"@type":"WebSite","@id":"https:\/\/staging.rainforestfoundationuk.org\/#website","url":"https:\/\/staging.rainforestfoundationuk.org\/","name":"Rainforest Foundation UK","description":"S\u00e9curiser les terres, pr\u00e9server les vies","publisher":{"@id":"https:\/\/staging.rainforestfoundationuk.org\/#organization"},"potentialAction":[{"@type":"SearchAction","target":{"@type":"EntryPoint","urlTemplate":"https:\/\/staging.rainforestfoundationuk.org\/?s={search_term_string}"},"query-input":{"@type":"PropertyValueSpecification","valueRequired":true,"valueName":"search_term_string"}}],"inLanguage":"fr-FR"},{"@type":"Organization","@id":"https:\/\/staging.rainforestfoundationuk.org\/#organization","name":"Rainforest Foundation UK","url":"https:\/\/staging.rainforestfoundationuk.org\/","logo":{"@type":"ImageObject","inLanguage":"fr-FR","@id":"https:\/\/staging.rainforestfoundationuk.org\/#\/schema\/logo\/image\/","url":"https:\/\/staging.rainforestfoundationuk.org\/wp-content\/uploads\/2023\/08\/RFUK-logo-black.svg","contentUrl":"https:\/\/staging.rainforestfoundationuk.org\/wp-content\/uploads\/2023\/08\/RFUK-logo-black.svg","width":1278,"height":332,"caption":"Rainforest Foundation UK"},"image":{"@id":"https:\/\/staging.rainforestfoundationuk.org\/#\/schema\/logo\/image\/"},"sameAs":["https:\/\/www.facebook.com\/rainforestfoundationuk","https:\/\/x.com\/RFUK","https:\/\/www.instagram.com\/rainforestfoundationuk\/","https:\/\/www.youtube.com\/user\/theRFUK"]}]}},"_links":{"self":[{"href":"https:\/\/staging.rainforestfoundationuk.org\/fr\/wp-json\/wp\/v2\/pages\/1925","targetHints":{"allow":["GET"]}}],"collection":[{"href":"https:\/\/staging.rainforestfoundationuk.org\/fr\/wp-json\/wp\/v2\/pages"}],"about":[{"href":"https:\/\/staging.rainforestfoundationuk.org\/fr\/wp-json\/wp\/v2\/types\/page"}],"author":[{"embeddable":true,"href":"https:\/\/staging.rainforestfoundationuk.org\/fr\/wp-json\/wp\/v2\/users\/2"}],"replies":[{"embeddable":true,"href":"https:\/\/staging.rainforestfoundationuk.org\/fr\/wp-json\/wp\/v2\/comments?post=1925"}],"version-history":[{"count":5,"href":"https:\/\/staging.rainforestfoundationuk.org\/fr\/wp-json\/wp\/v2\/pages\/1925\/revisions"}],"predecessor-version":[{"id":4840,"href":"https:\/\/staging.rainforestfoundationuk.org\/fr\/wp-json\/wp\/v2\/pages\/1925\/revisions\/4840"}],"up":[{"embeddable":true,"href":"https:\/\/staging.rainforestfoundationuk.org\/fr\/wp-json\/wp\/v2\/pages\/237"}],"wp:featuredmedia":[{"embeddable":true,"href":"https:\/\/staging.rainforestfoundationuk.org\/fr\/wp-json\/wp\/v2\/media\/573"}],"wp:attachment":[{"href":"https:\/\/staging.rainforestfoundationuk.org\/fr\/wp-json\/wp\/v2\/media?parent=1925"}],"curies":[{"name":"wp","href":"https:\/\/api.w.org\/{rel}","templated":true}]}}