{"id":207,"date":"2021-09-13T09:39:08","date_gmt":"2021-09-13T09:39:08","guid":{"rendered":"https:\/\/staging.rainforestfoundationuk.org\/?page_id=207"},"modified":"2024-09-17T14:21:02","modified_gmt":"2024-09-17T13:21:02","slug":"support-us","status":"publish","type":"page","link":"https:\/\/staging.rainforestfoundationuk.org\/fr\/ce-que-vous-pouvez-faire\/support-us\/","title":{"rendered":"Soutenez-nous"},"content":{"rendered":"<p>Chaque jour, Rainforest Foundation UK se bat pour que les voix des indig\u00e8nes soient entendues et que leurs droits soient respect\u00e9s. Mais nous ne pouvons pas le faire sans le soutien g\u00e9n\u00e9reux que nous recevons de personnes comme vous. Il existe de nombreuses fa\u00e7ons de s'impliquer dans notre travail vital - des dons r\u00e9guliers \u00e0 la collecte de fonds avec votre \u00e9cole ou universit\u00e9, en passant par la participation \u00e0 un d\u00e9fi en notre nom ou le don de votre vieux t\u00e9l\u00e9phone \u00e0 notre \u00e9quipe de surveillance des for\u00eats !<\/p>\n<p>With 97 percent of our total funding going directly towards our projects and campaigns in the rainforest, you can be safe in the knowledge that your donation is being put to good use. Any amount you are able to gift ensures we can continue this vital work with frontline communities to stop deforestation, tackle climate change and uphold futures. <\/p>\n<p>&nbsp;<\/p>\n\t\t\t\t<img loading=\"lazy\" decoding=\"async\" src=\"https:\/\/staging.rainforestfoundationuk.org\/wp-content\/uploads\/2024\/09\/1.png\" alt=\"1\" itemprop=\"image\" height=\"3456\" width=\"6912\" title=\"1\" onerror=\"this.style.display='none'\"  \/>\n\t<meta itemscope itemprop=\"mainEntityOfPage\" itemtype=\"https:\/\/schema.org\/WebPage\" itemid=\"http:\/\/209\" content=\"Regular Donations\" \/><meta itemprop=\"datePublished\" content=\"2021-09-13\" \/><meta itemprop=\"dateModified\" content=\"2022-12-06\" \/><meta itemprop=\"name\" content=\"Rainforest Foundation UK\"\/><meta itemprop=\"url\" content=\"https:\/\/staging.rainforestfoundationuk.org\/wp-content\/uploads\/2023\/08\/RFUK-logo-black.svg\"\/><meta itemprop=\"url\" content=\"https:\/\/staging.rainforestfoundationuk.org\/author\/techraygundesign-co-uk\/\" \/><meta itemprop=\"name\" content=\"tech@raygundesign.co.uk\" \/><meta itemprop=\"url\" content=\"https:\/\/staging.rainforestfoundationuk.org\/wp-content\/uploads\/2021\/11\/299734ee-9295-4086-9d9e-806b106f5eb2.jpg\" \/><meta itemprop=\"width\" content=\"403\" \/><meta itemprop=\"height\" content=\"227\" \/><meta itemprop=\"interactionType\" content=\"https:\/\/schema.org\/CommentAction\" \/><meta itemprop=\"userInteractionCount\" content=\"0\" \/>\n\t\t\t\t<a href=\"https:\/\/staging.rainforestfoundationuk.org\/fr\/ce-que-vous-pouvez-faire\/support-us\/don-regulier\/\" target=\"_self\" itemprop=\"url\" rel=\"noopener\">\n\t\t\t\t<img loading=\"lazy\" decoding=\"async\" src=\"https:\/\/staging.rainforestfoundationuk.org\/wp-content\/uploads\/bb-plugin\/cache\/299734ee-9295-4086-9d9e-806b106f5eb2-panorama-d784a61da91b1d516189d592519ae6e2-.jpg\" alt=\"299734ee-9295-4086-9d9e-806b106f5eb2\" itemprop=\"image\" data-no-lazy=\"1\" height=\"227\" width=\"403\" title=\"299734ee-9295-4086-9d9e-806b106f5eb2\" onerror=\"this.style.display='none'\"  \/>\n\t\t\t\t<\/a>\n\t\t\t\t\t\t\t\t\t<h3 itemprop=\"headline\">\n\t\t\t\t\t\t\t\t\t\t\t\t\t<a href=\"https:\/\/staging.rainforestfoundationuk.org\/fr\/ce-que-vous-pouvez-faire\/support-us\/don-regulier\/\" title=\"Dons r\u00e9guliers\">\n\t\t\t\t\t\t\t\t\t\t\t\t\t\tDons r\u00e9guliers\t\t\t\t\t\t\t\t\t\t\t\t\t<\/a>\n\t\t\t\t\t\t\t\t\t\t\t<\/h3>\n    <p>Soutenir la Rainforest Foundation UK en tant que protecteur de la for\u00eat tropicale est le meilleur moyen de soutenir la protection de ces for\u00eats sur le long terme.<\/p>\n\t<meta itemscope itemprop=\"mainEntityOfPage\" itemtype=\"https:\/\/schema.org\/WebPage\" itemid=\"http:\/\/211\" content=\"One-off Donation\" \/><meta itemprop=\"datePublished\" content=\"2021-09-13\" \/><meta itemprop=\"dateModified\" content=\"2022-12-06\" \/><meta itemprop=\"name\" content=\"Rainforest Foundation UK\"\/><meta itemprop=\"url\" content=\"https:\/\/staging.rainforestfoundationuk.org\/wp-content\/uploads\/2023\/08\/RFUK-logo-black.svg\"\/><meta itemprop=\"url\" content=\"https:\/\/staging.rainforestfoundationuk.org\/author\/techraygundesign-co-uk\/\" \/><meta itemprop=\"name\" content=\"tech@raygundesign.co.uk\" \/><meta itemprop=\"url\" content=\"https:\/\/staging.rainforestfoundationuk.org\/wp-content\/uploads\/2021\/11\/3b13836b-fc94-4cdb-9f6e-56f1517d8710.jpg\" \/><meta itemprop=\"width\" content=\"403\" \/><meta itemprop=\"height\" content=\"310\" \/><meta itemprop=\"interactionType\" content=\"https:\/\/schema.org\/CommentAction\" \/><meta itemprop=\"userInteractionCount\" content=\"0\" \/>\n\t\t\t\t<a href=\"https:\/\/staging.rainforestfoundationuk.org\/fr\/ce-que-vous-pouvez-faire\/support-us\/don-unique\/\" target=\"_self\" itemprop=\"url\" rel=\"noopener\">\n\t\t\t\t<img loading=\"lazy\" decoding=\"async\" src=\"https:\/\/staging.rainforestfoundationuk.org\/wp-content\/uploads\/bb-plugin\/cache\/3b13836b-fc94-4cdb-9f6e-56f1517d8710-panorama-6c49bb452f96ca28b756a8938f1a1395-.jpg\" alt=\"3b13836b-fc94-4cdb-9f6e-56f1517d8710\" itemprop=\"image\" data-no-lazy=\"1\" height=\"310\" width=\"403\" title=\"3b13836b-fc94-4cdb-9f6e-56f1517d8710\" onerror=\"this.style.display='none'\"  \/>\n\t\t\t\t<\/a>\n\t\t\t\t\t\t\t\t\t<h3 itemprop=\"headline\">\n\t\t\t\t\t\t\t\t\t\t\t\t\t<a href=\"https:\/\/staging.rainforestfoundationuk.org\/fr\/ce-que-vous-pouvez-faire\/support-us\/don-unique\/\" title=\"Donation unique\">\n\t\t\t\t\t\t\t\t\t\t\t\t\t\tDonation unique\t\t\t\t\t\t\t\t\t\t\t\t\t<\/a>\n\t\t\t\t\t\t\t\t\t\t\t<\/h3>\n    <p>Soutenez notre travail en faisant un don unique aujourd'hui.<\/p>\n\t<meta itemscope itemprop=\"mainEntityOfPage\" itemtype=\"https:\/\/schema.org\/WebPage\" itemid=\"http:\/\/217\" content=\"Leave a Legacy\" \/><meta itemprop=\"datePublished\" content=\"2021-09-13\" \/><meta itemprop=\"dateModified\" content=\"2022-12-20\" \/><meta itemprop=\"name\" content=\"Rainforest Foundation UK\"\/><meta itemprop=\"url\" content=\"https:\/\/staging.rainforestfoundationuk.org\/wp-content\/uploads\/2023\/08\/RFUK-logo-black.svg\"\/><meta itemprop=\"url\" content=\"https:\/\/staging.rainforestfoundationuk.org\/author\/techraygundesign-co-uk\/\" \/><meta itemprop=\"name\" content=\"tech@raygundesign.co.uk\" \/><meta itemprop=\"url\" content=\"https:\/\/staging.rainforestfoundationuk.org\/wp-content\/uploads\/2021\/11\/991dd9ea-be46-40b9-8e7c-898c1ecd7dca.jpg\" \/><meta itemprop=\"width\" content=\"403\" \/><meta itemprop=\"height\" content=\"310\" \/><meta itemprop=\"interactionType\" content=\"https:\/\/schema.org\/CommentAction\" \/><meta itemprop=\"userInteractionCount\" content=\"0\" \/>\n\t\t\t\t<a href=\"https:\/\/staging.rainforestfoundationuk.org\/fr\/ce-que-vous-pouvez-faire\/support-us\/laisser-un-heritage\/\" target=\"_self\" itemprop=\"url\" rel=\"noopener\">\n\t\t\t\t<img loading=\"lazy\" decoding=\"async\" src=\"https:\/\/staging.rainforestfoundationuk.org\/wp-content\/uploads\/bb-plugin\/cache\/991dd9ea-be46-40b9-8e7c-898c1ecd7dca-panorama-21c2d95001e6c934d728b9372cf1b8d2-.jpg\" alt=\"991dd9ea-be46-40b9-8e7c-898c1ecd7dca\" itemprop=\"image\" data-no-lazy=\"1\" height=\"310\" width=\"403\" title=\"991dd9ea-be46-40b9-8e7c-898c1ecd7dca\" onerror=\"this.style.display='none'\"  \/>\n\t\t\t\t<\/a>\n\t\t\t\t\t\t\t\t\t<h3 itemprop=\"headline\">\n\t\t\t\t\t\t\t\t\t\t\t\t\t<a href=\"https:\/\/staging.rainforestfoundationuk.org\/fr\/ce-que-vous-pouvez-faire\/support-us\/laisser-un-heritage\/\" title=\"Laissez un h\u00e9ritage\">\n\t\t\t\t\t\t\t\t\t\t\t\t\t\tLaissez un h\u00e9ritage\t\t\t\t\t\t\t\t\t\t\t\t\t<\/a>\n\t\t\t\t\t\t\t\t\t\t\t<\/h3>\n    <p>En faisant un don par testament \u00e0 la Rainforest Foundation UK, vous pouvez faire en sorte que les for\u00eats tropicales continuent d'\u00eatre prot\u00e9g\u00e9es pour les g\u00e9n\u00e9rations futures.<\/p>\n\t\t<!-- .pp-content-posts -->\n\t<meta itemscope itemprop=\"mainEntityOfPage\" itemtype=\"https:\/\/schema.org\/WebPage\" itemid=\"http:\/\/5378\" content=\"Send an E-card\" \/><meta itemprop=\"datePublished\" content=\"2022-12-07\" \/><meta itemprop=\"dateModified\" content=\"2023-02-01\" \/><meta itemprop=\"name\" content=\"Rainforest Foundation UK\"\/><meta itemprop=\"url\" content=\"https:\/\/staging.rainforestfoundationuk.org\/wp-content\/uploads\/2023\/08\/RFUK-logo-black.svg\"\/><meta itemprop=\"url\" content=\"https:\/\/staging.rainforestfoundationuk.org\/author\/chantalcrainforestuk-org\/\" \/><meta itemprop=\"name\" content=\"ChantalC@rainforestuk.org\" \/><meta itemprop=\"url\" content=\"https:\/\/staging.rainforestfoundationuk.org\/wp-content\/uploads\/2023\/02\/MicrosoftTeams-image-1.jpg\" \/><meta itemprop=\"width\" content=\"1200\" \/><meta itemprop=\"height\" content=\"1200\" \/><meta itemprop=\"interactionType\" content=\"https:\/\/schema.org\/CommentAction\" \/><meta itemprop=\"userInteractionCount\" content=\"0\" \/>\n\t\t\t\t<a href=\"https:\/\/staging.rainforestfoundationuk.org\/fr\/ce-que-vous-pouvez-faire\/support-us\/prendre-des-mesures-3\/\" target=\"_self\" itemprop=\"url\" rel=\"noopener\">\n\t\t\t\t<img loading=\"lazy\" decoding=\"async\" src=\"https:\/\/staging.rainforestfoundationuk.org\/wp-content\/uploads\/bb-plugin\/cache\/MicrosoftTeams-image-1-1024x1024-panorama-7c1357eb8dfc815ee53ceed21554464d-.jpg\" alt=\"MicrosoftTeams-image (1)\" itemprop=\"image\" data-no-lazy=\"1\" height=\"1024\" width=\"1024\" title=\"MicrosoftTeams-image (1)\" onerror=\"this.style.display='none'\"  \/>\n\t\t\t\t<\/a>\n\t\t\t\t\t\t\t\t\t<h3 itemprop=\"headline\">\n\t\t\t\t\t\t\t\t\t\t\t\t\t<a href=\"https:\/\/staging.rainforestfoundationuk.org\/fr\/ce-que-vous-pouvez-faire\/support-us\/prendre-des-mesures-3\/\" title=\"Envoyez une e-carte\">\n\t\t\t\t\t\t\t\t\t\t\t\t\t\tEnvoyez une e-carte\t\t\t\t\t\t\t\t\t\t\t\t\t<\/a>\n\t\t\t\t\t\t\t\t\t\t\t<\/h3>\n    <p>Faites-le savoir \u00e0 quelqu'un que vous aimez en faisant don du co\u00fbt des cartes et des timbres pour la Saint-Valentin avec l'une de nos cartes \u00e9lectroniques.<\/p>\n\t<meta itemscope itemprop=\"mainEntityOfPage\" itemtype=\"https:\/\/schema.org\/WebPage\" itemid=\"http:\/\/215\" content=\"Take Action\" \/><meta itemprop=\"datePublished\" content=\"2021-09-13\" \/><meta itemprop=\"dateModified\" content=\"2024-08-19\" \/><meta itemprop=\"name\" content=\"Rainforest Foundation UK\"\/><meta itemprop=\"url\" content=\"https:\/\/staging.rainforestfoundationuk.org\/wp-content\/uploads\/2023\/08\/RFUK-logo-black.svg\"\/><meta itemprop=\"url\" content=\"https:\/\/staging.rainforestfoundationuk.org\/author\/techraygundesign-co-uk\/\" \/><meta itemprop=\"name\" content=\"tech@raygundesign.co.uk\" \/><meta itemprop=\"url\" content=\"https:\/\/staging.rainforestfoundationuk.org\/wp-content\/uploads\/2021\/12\/marathon2-e1663861255925.jpg\" \/><meta itemprop=\"width\" content=\"1200\" \/><meta itemprop=\"height\" content=\"675\" \/><meta itemprop=\"interactionType\" content=\"https:\/\/schema.org\/CommentAction\" \/><meta itemprop=\"userInteractionCount\" content=\"0\" \/>\n\t\t\t\t<a href=\"https:\/\/staging.rainforestfoundationuk.org\/fr\/ce-que-vous-pouvez-faire\/support-us\/prendre-des-mesures-2\/\" target=\"_self\" itemprop=\"url\" rel=\"noopener\">\n\t\t\t\t<img loading=\"lazy\" decoding=\"async\" src=\"https:\/\/staging.rainforestfoundationuk.org\/wp-content\/uploads\/bb-plugin\/cache\/marathon2-e1663861255925-1024x576-panorama-808bc06f56afa7361b7c4aae14996d34-.jpg\" alt=\"marathon2\" itemprop=\"image\" data-no-lazy=\"1\" height=\"576\" width=\"1024\" title=\"marathon2\" onerror=\"this.style.display='none'\"  \/>\n\t\t\t\t<\/a>\n\t\t\t\t\t\t\t\t\t<h3 itemprop=\"headline\">\n\t\t\t\t\t\t\t\t\t\t\t\t\t<a href=\"https:\/\/staging.rainforestfoundationuk.org\/fr\/ce-que-vous-pouvez-faire\/support-us\/prendre-des-mesures-2\/\" title=\"Agir\">\n\t\t\t\t\t\t\t\t\t\t\t\t\t\tAgir\t\t\t\t\t\t\t\t\t\t\t\t\t<\/a>\n\t\t\t\t\t\t\t\t\t\t\t<\/h3>\n    <p>D\u00e9couvrez quelques-unes des fa\u00e7ons dont vous pouvez agir pour les personnes et la plan\u00e8te....<\/p>\n\t<meta itemscope itemprop=\"mainEntityOfPage\" itemtype=\"https:\/\/schema.org\/WebPage\" itemid=\"http:\/\/5880\" content=\"Gift Aid\" \/><meta itemprop=\"datePublished\" content=\"2023-02-16\" \/><meta itemprop=\"dateModified\" content=\"2023-02-16\" \/><meta itemprop=\"name\" content=\"Rainforest Foundation UK\"\/><meta itemprop=\"url\" content=\"https:\/\/staging.rainforestfoundationuk.org\/wp-content\/uploads\/2023\/08\/RFUK-logo-black.svg\"\/><meta itemprop=\"url\" content=\"https:\/\/staging.rainforestfoundationuk.org\/author\/techraygundesign-co-uk\/\" \/><meta itemprop=\"name\" content=\"tech@raygundesign.co.uk\" \/><meta itemprop=\"url\" content=\"https:\/\/staging.rainforestfoundationuk.org\/wp-content\/uploads\/2023\/02\/s960_Giftaid.jpg\" \/><meta itemprop=\"width\" content=\"960\" \/><meta itemprop=\"height\" content=\"640\" \/><meta itemprop=\"interactionType\" content=\"https:\/\/schema.org\/CommentAction\" \/><meta itemprop=\"userInteractionCount\" content=\"0\" \/>\n\t\t\t\t<a href=\"https:\/\/staging.rainforestfoundationuk.org\/fr\/ce-que-vous-pouvez-faire\/support-us\/aide-au-don\/\" target=\"_self\" itemprop=\"url\" rel=\"noopener\">\n\t\t\t\t<img loading=\"lazy\" decoding=\"async\" src=\"https:\/\/staging.rainforestfoundationuk.org\/wp-content\/uploads\/bb-plugin\/cache\/s960_Giftaid-panorama-16b535529e16fa42e533e0ac4fdcc333-.jpg\" alt=\"s960_Giftaid\" itemprop=\"image\" data-no-lazy=\"1\" height=\"640\" width=\"960\" title=\"s960_Giftaid\" onerror=\"this.style.display='none'\"  \/>\n\t\t\t\t<\/a>\n\t\t\t\t\t\t\t\t\t<h3 itemprop=\"headline\">\n\t\t\t\t\t\t\t\t\t\t\t\t\t<a href=\"https:\/\/staging.rainforestfoundationuk.org\/fr\/ce-que-vous-pouvez-faire\/support-us\/aide-au-don\/\" title=\"Aide au don\">\n\t\t\t\t\t\t\t\t\t\t\t\t\t\tAide au don\t\t\t\t\t\t\t\t\t\t\t\t\t<\/a>\n\t\t\t\t\t\t\t\t\t\t\t<\/h3>\n    <p>L'utilisation de Gift Aid signifie que pour chaque livre que vous donnez, nous recevons 25 pence de plus de la part de HM Revenue and Customs. Remplissez le formulaire de d\u00e9claration ici.<\/p>\n\t\t<!-- .pp-content-posts -->\n\t<p>D\u00e9couvrez tous nos appels en cours et le merveilleux travail de nos collecteurs de fonds en cliquant ci-dessous :\u00a0<\/p>\n\t\t\t<a href=\"https:\/\/rainforestfoundationuk.enthuse.com\/profile\" target=\"_blank\" rel=\"noopener\">\n\t\t\t\t\t\t\tCliquez ici\n\t\t\t\t\t<\/a>","protected":false},"excerpt":{"rendered":"<p>Chaque jour, Rainforest Foundation UK se bat pour que les voix indig\u00e8nes soient entendues, que les droits des communaut\u00e9s soient reconnus et d\u00e9fendus, et que les peuples traditionnels puissent prot\u00e9ger leurs maisons dans la for\u00eat tropicale. Mais nous ne pouvons pas le faire sans le soutien g\u00e9n\u00e9reux que nous recevons de personnes comme vous ! <\/p>","protected":false},"author":2,"featured_media":1615,"parent":4284,"menu_order":3,"comment_status":"closed","ping_status":"closed","template":"","meta":{"_acf_changed":false,"footnotes":""},"class_list":{"0":"post-207","1":"page","2":"type-page","3":"status-publish","4":"has-post-thumbnail","6":"no-featured-image-padding"},"acf":[],"yoast_head":"<!-- This site is optimized with the Yoast SEO plugin v27.4 - https:\/\/yoast.com\/product\/yoast-seo-wordpress\/ -->\n<title>Support Us - Staging Rainforest Foundation UK<\/title>\n<meta name=\"robots\" content=\"noindex, follow, max-snippet:-1, max-image-preview:large, max-video-preview:-1\" \/>\n<meta property=\"og:locale\" content=\"fr_FR\" \/>\n<meta property=\"og:type\" content=\"article\" \/>\n<meta property=\"og:title\" content=\"Support Us - Staging Rainforest Foundation UK\" \/>\n<meta property=\"og:description\" content=\"Every day, Rainforest Foundation UK is fighting for indigenous voices to be heard, community rights to be acknowledged and upheld, and for traditional peoples to be able to protect their rainforest homes. But we can\u2019t do it without the generous support we receive from people like you!\" \/>\n<meta property=\"og:url\" content=\"https:\/\/staging.rainforestfoundationuk.org\/fr\/ce-que-vous-pouvez-faire\/support-us\/\" \/>\n<meta property=\"og:site_name\" content=\"Staging Rainforest Foundation UK\" \/>\n<meta property=\"article:publisher\" content=\"https:\/\/www.facebook.com\/rainforestfoundationuk\" \/>\n<meta property=\"article:modified_time\" content=\"2024-09-17T13:21:02+00:00\" \/>\n<meta property=\"og:image\" content=\"https:\/\/staging.rainforestfoundationuk.org\/wp-content\/uploads\/2021\/11\/299734ee-9295-4086-9d9e-806b106f5eb2.jpg\" \/>\n\t<meta property=\"og:image:width\" content=\"403\" \/>\n\t<meta property=\"og:image:height\" content=\"227\" \/>\n\t<meta property=\"og:image:type\" content=\"image\/jpeg\" \/>\n<meta name=\"twitter:card\" content=\"summary_large_image\" \/>\n<meta name=\"twitter:site\" content=\"@RFUK\" \/>\n<meta name=\"twitter:label1\" content=\"Dur\u00e9e de lecture estim\u00e9e\" \/>\n\t<meta name=\"twitter:data1\" content=\"3 minutes\" \/>\n<script type=\"application\/ld+json\" class=\"yoast-schema-graph\">{\"@context\":\"https:\\\/\\\/schema.org\",\"@graph\":[{\"@type\":\"WebPage\",\"@id\":\"https:\\\/\\\/staging.rainforestfoundationuk.org\\\/what-you-can-do\\\/support-us\\\/\",\"url\":\"https:\\\/\\\/staging.rainforestfoundationuk.org\\\/what-you-can-do\\\/support-us\\\/\",\"name\":\"Support Us - Staging Rainforest Foundation UK\",\"isPartOf\":{\"@id\":\"https:\\\/\\\/staging.rainforestfoundationuk.org\\\/#website\"},\"primaryImageOfPage\":{\"@id\":\"https:\\\/\\\/staging.rainforestfoundationuk.org\\\/what-you-can-do\\\/support-us\\\/#primaryimage\"},\"image\":{\"@id\":\"https:\\\/\\\/staging.rainforestfoundationuk.org\\\/what-you-can-do\\\/support-us\\\/#primaryimage\"},\"thumbnailUrl\":\"https:\\\/\\\/staging.rainforestfoundationuk.org\\\/wp-content\\\/uploads\\\/2021\\\/11\\\/299734ee-9295-4086-9d9e-806b106f5eb2.jpg\",\"datePublished\":\"2021-09-13T09:39:08+00:00\",\"dateModified\":\"2024-09-17T13:21:02+00:00\",\"breadcrumb\":{\"@id\":\"https:\\\/\\\/staging.rainforestfoundationuk.org\\\/what-you-can-do\\\/support-us\\\/#breadcrumb\"},\"inLanguage\":\"fr-FR\",\"potentialAction\":[{\"@type\":\"ReadAction\",\"target\":[\"https:\\\/\\\/staging.rainforestfoundationuk.org\\\/what-you-can-do\\\/support-us\\\/\"]}]},{\"@type\":\"ImageObject\",\"inLanguage\":\"fr-FR\",\"@id\":\"https:\\\/\\\/staging.rainforestfoundationuk.org\\\/what-you-can-do\\\/support-us\\\/#primaryimage\",\"url\":\"https:\\\/\\\/staging.rainforestfoundationuk.org\\\/wp-content\\\/uploads\\\/2021\\\/11\\\/299734ee-9295-4086-9d9e-806b106f5eb2.jpg\",\"contentUrl\":\"https:\\\/\\\/staging.rainforestfoundationuk.org\\\/wp-content\\\/uploads\\\/2021\\\/11\\\/299734ee-9295-4086-9d9e-806b106f5eb2.jpg\",\"width\":403,\"height\":227},{\"@type\":\"BreadcrumbList\",\"@id\":\"https:\\\/\\\/staging.rainforestfoundationuk.org\\\/what-you-can-do\\\/support-us\\\/#breadcrumb\",\"itemListElement\":[{\"@type\":\"ListItem\",\"position\":1,\"name\":\"Home\",\"item\":\"https:\\\/\\\/staging.rainforestfoundationuk.org\\\/\"},{\"@type\":\"ListItem\",\"position\":2,\"name\":\"What You Can Do\",\"item\":\"https:\\\/\\\/staging.rainforestfoundationuk.org\\\/what-you-can-do\\\/\"},{\"@type\":\"ListItem\",\"position\":3,\"name\":\"Support Us\"}]},{\"@type\":\"WebSite\",\"@id\":\"https:\\\/\\\/staging.rainforestfoundationuk.org\\\/#website\",\"url\":\"https:\\\/\\\/staging.rainforestfoundationuk.org\\\/\",\"name\":\"Rainforest Foundation UK\",\"description\":\"Securing lands, sustaining lives\",\"publisher\":{\"@id\":\"https:\\\/\\\/staging.rainforestfoundationuk.org\\\/#organization\"},\"potentialAction\":[{\"@type\":\"SearchAction\",\"target\":{\"@type\":\"EntryPoint\",\"urlTemplate\":\"https:\\\/\\\/staging.rainforestfoundationuk.org\\\/?s={search_term_string}\"},\"query-input\":{\"@type\":\"PropertyValueSpecification\",\"valueRequired\":true,\"valueName\":\"search_term_string\"}}],\"inLanguage\":\"fr-FR\"},{\"@type\":\"Organization\",\"@id\":\"https:\\\/\\\/staging.rainforestfoundationuk.org\\\/#organization\",\"name\":\"Rainforest Foundation UK\",\"url\":\"https:\\\/\\\/staging.rainforestfoundationuk.org\\\/\",\"logo\":{\"@type\":\"ImageObject\",\"inLanguage\":\"fr-FR\",\"@id\":\"https:\\\/\\\/staging.rainforestfoundationuk.org\\\/#\\\/schema\\\/logo\\\/image\\\/\",\"url\":\"https:\\\/\\\/staging.rainforestfoundationuk.org\\\/wp-content\\\/uploads\\\/2023\\\/08\\\/RFUK-logo-black.svg\",\"contentUrl\":\"https:\\\/\\\/staging.rainforestfoundationuk.org\\\/wp-content\\\/uploads\\\/2023\\\/08\\\/RFUK-logo-black.svg\",\"width\":1278,\"height\":332,\"caption\":\"Rainforest Foundation UK\"},\"image\":{\"@id\":\"https:\\\/\\\/staging.rainforestfoundationuk.org\\\/#\\\/schema\\\/logo\\\/image\\\/\"},\"sameAs\":[\"https:\\\/\\\/www.facebook.com\\\/rainforestfoundationuk\",\"https:\\\/\\\/x.com\\\/RFUK\",\"https:\\\/\\\/www.instagram.com\\\/rainforestfoundationuk\\\/\",\"https:\\\/\\\/www.youtube.com\\\/user\\\/theRFUK\"]}]}<\/script>\n<!-- \/ Yoast SEO plugin. -->","yoast_head_json":{"title":"Support Us - Staging Rainforest Foundation UK","robots":{"index":"noindex","follow":"follow","max-snippet":"max-snippet:-1","max-image-preview":"max-image-preview:large","max-video-preview":"max-video-preview:-1"},"og_locale":"fr_FR","og_type":"article","og_title":"Support Us - Staging Rainforest Foundation UK","og_description":"Every day, Rainforest Foundation UK is fighting for indigenous voices to be heard, community rights to be acknowledged and upheld, and for traditional peoples to be able to protect their rainforest homes. But we can\u2019t do it without the generous support we receive from people like you!","og_url":"https:\/\/staging.rainforestfoundationuk.org\/fr\/ce-que-vous-pouvez-faire\/support-us\/","og_site_name":"Staging Rainforest Foundation UK","article_publisher":"https:\/\/www.facebook.com\/rainforestfoundationuk","article_modified_time":"2024-09-17T13:21:02+00:00","og_image":[{"width":403,"height":227,"url":"https:\/\/staging.rainforestfoundationuk.org\/wp-content\/uploads\/2021\/11\/299734ee-9295-4086-9d9e-806b106f5eb2.jpg","type":"image\/jpeg"}],"twitter_card":"summary_large_image","twitter_site":"@RFUK","twitter_misc":{"Dur\u00e9e de lecture estim\u00e9e":"3 minutes"},"schema":{"@context":"https:\/\/schema.org","@graph":[{"@type":"WebPage","@id":"https:\/\/staging.rainforestfoundationuk.org\/what-you-can-do\/support-us\/","url":"https:\/\/staging.rainforestfoundationuk.org\/what-you-can-do\/support-us\/","name":"Support Us - Staging Rainforest Foundation UK","isPartOf":{"@id":"https:\/\/staging.rainforestfoundationuk.org\/#website"},"primaryImageOfPage":{"@id":"https:\/\/staging.rainforestfoundationuk.org\/what-you-can-do\/support-us\/#primaryimage"},"image":{"@id":"https:\/\/staging.rainforestfoundationuk.org\/what-you-can-do\/support-us\/#primaryimage"},"thumbnailUrl":"https:\/\/staging.rainforestfoundationuk.org\/wp-content\/uploads\/2021\/11\/299734ee-9295-4086-9d9e-806b106f5eb2.jpg","datePublished":"2021-09-13T09:39:08+00:00","dateModified":"2024-09-17T13:21:02+00:00","breadcrumb":{"@id":"https:\/\/staging.rainforestfoundationuk.org\/what-you-can-do\/support-us\/#breadcrumb"},"inLanguage":"fr-FR","potentialAction":[{"@type":"ReadAction","target":["https:\/\/staging.rainforestfoundationuk.org\/what-you-can-do\/support-us\/"]}]},{"@type":"ImageObject","inLanguage":"fr-FR","@id":"https:\/\/staging.rainforestfoundationuk.org\/what-you-can-do\/support-us\/#primaryimage","url":"https:\/\/staging.rainforestfoundationuk.org\/wp-content\/uploads\/2021\/11\/299734ee-9295-4086-9d9e-806b106f5eb2.jpg","contentUrl":"https:\/\/staging.rainforestfoundationuk.org\/wp-content\/uploads\/2021\/11\/299734ee-9295-4086-9d9e-806b106f5eb2.jpg","width":403,"height":227},{"@type":"BreadcrumbList","@id":"https:\/\/staging.rainforestfoundationuk.org\/what-you-can-do\/support-us\/#breadcrumb","itemListElement":[{"@type":"ListItem","position":1,"name":"Home","item":"https:\/\/staging.rainforestfoundationuk.org\/"},{"@type":"ListItem","position":2,"name":"What You Can Do","item":"https:\/\/staging.rainforestfoundationuk.org\/what-you-can-do\/"},{"@type":"ListItem","position":3,"name":"Support Us"}]},{"@type":"WebSite","@id":"https:\/\/staging.rainforestfoundationuk.org\/#website","url":"https:\/\/staging.rainforestfoundationuk.org\/","name":"Rainforest Foundation UK","description":"S\u00e9curiser les terres, pr\u00e9server les vies","publisher":{"@id":"https:\/\/staging.rainforestfoundationuk.org\/#organization"},"potentialAction":[{"@type":"SearchAction","target":{"@type":"EntryPoint","urlTemplate":"https:\/\/staging.rainforestfoundationuk.org\/?s={search_term_string}"},"query-input":{"@type":"PropertyValueSpecification","valueRequired":true,"valueName":"search_term_string"}}],"inLanguage":"fr-FR"},{"@type":"Organization","@id":"https:\/\/staging.rainforestfoundationuk.org\/#organization","name":"Rainforest Foundation UK","url":"https:\/\/staging.rainforestfoundationuk.org\/","logo":{"@type":"ImageObject","inLanguage":"fr-FR","@id":"https:\/\/staging.rainforestfoundationuk.org\/#\/schema\/logo\/image\/","url":"https:\/\/staging.rainforestfoundationuk.org\/wp-content\/uploads\/2023\/08\/RFUK-logo-black.svg","contentUrl":"https:\/\/staging.rainforestfoundationuk.org\/wp-content\/uploads\/2023\/08\/RFUK-logo-black.svg","width":1278,"height":332,"caption":"Rainforest Foundation UK"},"image":{"@id":"https:\/\/staging.rainforestfoundationuk.org\/#\/schema\/logo\/image\/"},"sameAs":["https:\/\/www.facebook.com\/rainforestfoundationuk","https:\/\/x.com\/RFUK","https:\/\/www.instagram.com\/rainforestfoundationuk\/","https:\/\/www.youtube.com\/user\/theRFUK"]}]}},"_links":{"self":[{"href":"https:\/\/staging.rainforestfoundationuk.org\/fr\/wp-json\/wp\/v2\/pages\/207","targetHints":{"allow":["GET"]}}],"collection":[{"href":"https:\/\/staging.rainforestfoundationuk.org\/fr\/wp-json\/wp\/v2\/pages"}],"about":[{"href":"https:\/\/staging.rainforestfoundationuk.org\/fr\/wp-json\/wp\/v2\/types\/page"}],"author":[{"embeddable":true,"href":"https:\/\/staging.rainforestfoundationuk.org\/fr\/wp-json\/wp\/v2\/users\/2"}],"replies":[{"embeddable":true,"href":"https:\/\/staging.rainforestfoundationuk.org\/fr\/wp-json\/wp\/v2\/comments?post=207"}],"version-history":[{"count":5,"href":"https:\/\/staging.rainforestfoundationuk.org\/fr\/wp-json\/wp\/v2\/pages\/207\/revisions"}],"predecessor-version":[{"id":8464,"href":"https:\/\/staging.rainforestfoundationuk.org\/fr\/wp-json\/wp\/v2\/pages\/207\/revisions\/8464"}],"up":[{"embeddable":true,"href":"https:\/\/staging.rainforestfoundationuk.org\/fr\/wp-json\/wp\/v2\/pages\/4284"}],"wp:featuredmedia":[{"embeddable":true,"href":"https:\/\/staging.rainforestfoundationuk.org\/fr\/wp-json\/wp\/v2\/media\/1615"}],"wp:attachment":[{"href":"https:\/\/staging.rainforestfoundationuk.org\/fr\/wp-json\/wp\/v2\/media?parent=207"}],"curies":[{"name":"wp","href":"https:\/\/api.w.org\/{rel}","templated":true}]}}