{"id":209,"date":"2021-09-13T09:39:25","date_gmt":"2021-09-13T09:39:25","guid":{"rendered":"https:\/\/staging.rainforestfoundationuk.org\/?page_id=209"},"modified":"2022-12-06T13:44:10","modified_gmt":"2022-12-06T13:44:10","slug":"don-regulier","status":"publish","type":"page","link":"https:\/\/staging.rainforestfoundationuk.org\/fr\/ce-que-vous-pouvez-faire\/support-us\/don-regulier\/","title":{"rendered":"Dons r\u00e9guliers"},"content":{"rendered":"<h2>Devenir un Rainforest Defender<\/h2>\n<p>Soutenir la Rainforest Foundation UK en tant que d\u00e9fenseur de la for\u00eat tropicale est le meilleur moyen de soutenir la protection \u00e0 long terme de la for\u00eat tropicale.<\/p>\n\t\t\t\t<img decoding=\"async\" src=\"https:\/\/staging.rainforestfoundationuk.org\/wp-content\/uploads\/2021\/11\/acd05e26-6553-48bf-8689-c90f06a47206-e1636047914753.jpg\" alt=\"acd05e26-6553-48bf-8689-c90f06a47206\" itemprop=\"image\" title=\"acd05e26-6553-48bf-8689-c90f06a47206\" onerror=\"this.style.display='none'\"  \/>\n\t\t<h2>\u00a35 par mois<\/h2>\n\t\t<p>Peut former les communaut\u00e9s foresti\u00e8res \u00e0 la cartographie et \u00e0 la surveillance de leurs terres traditionnelles, les aidant ainsi \u00e0 garantir leurs droits et \u00e0 prot\u00e9ger la for\u00eat pour les g\u00e9n\u00e9rations \u00e0 venir.<\/p>\n\t\t\t<a href=\"https:\/\/rainforestfoundationuk.enthuse.com\/donate#!\/\" target=\"_blank\" role=\"button\" rel=\"noopener\">\n\t\t\t\t\t\t\tDonnez\n\t\t\t\t\t<\/a>\n\t\t\t\t<img decoding=\"async\" src=\"https:\/\/staging.rainforestfoundationuk.org\/wp-content\/uploads\/2021\/11\/a09cd880-55ce-4316-b434-1ac72aa609a8-e1636047990583.jpg\" alt=\"a09cd880-55ce-4316-b434-1ac72aa609a8\" itemprop=\"image\" title=\"a09cd880-55ce-4316-b434-1ac72aa609a8\" onerror=\"this.style.display='none'\"  \/>\n\t\t<h2>\u00a315 par mois<\/h2>\n\t\t<p>Peut assurer des moyens de subsistance durables aux agriculteurs p\u00e9ruviens gr\u00e2ce \u00e0 des formations sur l\u2019am\u00e9lioration de la qualit\u00e9 de leur production de cacao et de leurs parcelles d'agroforesterie.<\/p>\n\t\t\t<a href=\"https:\/\/rainforestfoundationuk.enthuse.com\/donate#!\/\" target=\"_blank\" role=\"button\" rel=\"noopener\">\n\t\t\t\t\t\t\tDonnez\n\t\t\t\t\t<\/a>\n\t\t\t\t<img decoding=\"async\" src=\"https:\/\/staging.rainforestfoundationuk.org\/wp-content\/uploads\/2021\/11\/230525cd-2e44-4d0c-914d-c96dde21ecaa-e1636047961659.jpg\" alt=\"230525cd-2e44-4d0c-914d-c96dde21ecaa\" itemprop=\"image\" title=\"230525cd-2e44-4d0c-914d-c96dde21ecaa\" onerror=\"this.style.display='none'\"  \/>\n\t\t<h2>\u00a325 par mois<\/h2>\n\t\t<p>Peut \u00e9quiper les \u00e9quipes mobiles de cartographie d'un mat\u00e9riel de chargement solaire, les aidant \u00e0 lutter contre la d\u00e9forestation et le changement climatique tout en prot\u00e9geant une biodiversit\u00e9 cruciale.<\/p>\n\t\t\t<a href=\"https:\/\/rainforestfoundationuk.enthuse.com\/donate#!\/\" target=\"_blank\" role=\"button\" rel=\"noopener\">\n\t\t\t\t\t\t\tDonnez\n\t\t\t\t\t<\/a>\n\t\t\t\t<img decoding=\"async\" src=\"https:\/\/staging.rainforestfoundationuk.org\/wp-content\/uploads\/2021\/11\/299734ee-9295-4086-9d9e-806b106f5eb2.jpg\" alt=\"299734ee-9295-4086-9d9e-806b106f5eb2\" itemprop=\"image\" title=\"299734ee-9295-4086-9d9e-806b106f5eb2\" onerror=\"this.style.display='none'\"  \/>\n\t\t<h2>Choisissez votre don<\/h2>\n\t\t<p>Choisissez le montant que vous souhaitez donner.<\/p>\n\t\t\t<a href=\"https:\/\/rainforestfoundationuk.enthuse.com\/donate#!\/\" target=\"_blank\" role=\"button\" rel=\"noopener\">\n\t\t\t\t\t\t\tDonnez\n\t\t\t\t\t<\/a>\n\t\t<h2>Dons de la CAF<\/h2>\n\t\t<p>Si vous souhaitez faire un don via un compte CAF, veuillez cliquer sur le lien ci-dessous.<\/p>\n\t\t\t<a href=\"https:\/\/cafdonate.cafonline.org\/3491#!\/DonationDetails\" target=\"_blank\" role=\"button\" rel=\"noopener\">\n\t\t\t\t\t\t\tDons sur le compte de la CAF\n\t\t\t\t\t<\/a>\n\t\t<h2>Don par courrier et Gift Aid<\/h2>\n\t\t<p class=\"translation-block\">Si vous pr\u00e9f\u00e9rez, vous pouvez \u00e9galement nous faire un don en t\u00e9l\u00e9chargeant notre <span style=\"color: #99cc00\"><a style=\"color: #99cc00\" href=\"https:\/\/staging.rainforestfoundationuk.org\/fr\/media\/3118caf7-fcb0-44d7-973f-1b949ec45b66\/\" target=\"_self\">formulaire de don ordinaire ici<\/a><\/span> et en l'envoyant par la poste (l'adresse et les instructions figurent sur le formulaire).<\/p>\n<p>Toutes nos options de dons offrent la possibilit\u00e9 d'utiliser Gift Aid, mais m\u00eame si vous ne l'avez pas s\u00e9lectionn\u00e9 \u00e0 l'\u00e9poque, vous pouvez toujours l'appliquer r\u00e9troactivement \u00e0 tous vos dons jusqu'\u00e0 4 ans en arri\u00e8re ! Il vous suffit de t\u00e9l\u00e9charger le formulaire ci-dessous et de nous le renvoyer par courrier \u00e9lectronique ou postal (instructions sur le formulaire). <strong>augmentez la valeur de votre don par 25% sans frais suppl\u00e9mentaires !<\/strong><\/p>\n\t\t\t<a href=\"https:\/\/staging.rainforestfoundationuk.org\/wp-content\/uploads\/2022\/12\/Gift-Aid-Declaration-Dec-2022.pdf\" target=\"_blank\" role=\"button\" rel=\"noopener\">\n\t\t\t\t\t\t\tFAITES UN DON !\n\t\t\t\t\t<\/a>","protected":false},"excerpt":{"rendered":"<p>Soutenir la Rainforest Foundation UK en tant que protecteur de la for\u00eat tropicale est le meilleur moyen de soutenir la protection de ces for\u00eats sur le long terme.<\/p>","protected":false},"author":2,"featured_media":1615,"parent":207,"menu_order":8,"comment_status":"closed","ping_status":"closed","template":"","meta":{"_acf_changed":false,"footnotes":""},"class_list":{"0":"post-209","1":"page","2":"type-page","3":"status-publish","4":"has-post-thumbnail","6":"no-featured-image-padding"},"acf":[],"yoast_head":"<!-- This site is optimized with the Yoast SEO plugin v27.4 - https:\/\/yoast.com\/product\/yoast-seo-wordpress\/ -->\n<title>Regular Donations - Staging Rainforest Foundation UK<\/title>\n<meta name=\"robots\" content=\"noindex, follow, max-snippet:-1, max-image-preview:large, max-video-preview:-1\" \/>\n<meta property=\"og:locale\" content=\"fr_FR\" \/>\n<meta property=\"og:type\" content=\"article\" \/>\n<meta property=\"og:title\" content=\"Regular Donations - Staging Rainforest Foundation UK\" \/>\n<meta property=\"og:description\" content=\"Supporting the Rainforest Foundation UK as a rainforest defender is the best way to support long term rainforest protection.\" \/>\n<meta property=\"og:url\" content=\"https:\/\/staging.rainforestfoundationuk.org\/fr\/ce-que-vous-pouvez-faire\/support-us\/don-regulier\/\" \/>\n<meta property=\"og:site_name\" content=\"Staging Rainforest Foundation UK\" \/>\n<meta property=\"article:publisher\" content=\"https:\/\/www.facebook.com\/rainforestfoundationuk\" \/>\n<meta property=\"article:modified_time\" content=\"2022-12-06T13:44:10+00:00\" \/>\n<meta property=\"og:image\" content=\"https:\/\/staging.rainforestfoundationuk.org\/wp-content\/uploads\/2021\/11\/299734ee-9295-4086-9d9e-806b106f5eb2.jpg\" \/>\n\t<meta property=\"og:image:width\" content=\"403\" \/>\n\t<meta property=\"og:image:height\" content=\"227\" \/>\n\t<meta property=\"og:image:type\" content=\"image\/jpeg\" \/>\n<meta name=\"twitter:card\" content=\"summary_large_image\" \/>\n<meta name=\"twitter:site\" content=\"@RFUK\" \/>\n<meta name=\"twitter:label1\" content=\"Dur\u00e9e de lecture estim\u00e9e\" \/>\n\t<meta name=\"twitter:data1\" content=\"2 minutes\" \/>\n<script type=\"application\/ld+json\" class=\"yoast-schema-graph\">{\"@context\":\"https:\\\/\\\/schema.org\",\"@graph\":[{\"@type\":\"WebPage\",\"@id\":\"https:\\\/\\\/staging.rainforestfoundationuk.org\\\/what-you-can-do\\\/support-us\\\/regular-donation\\\/\",\"url\":\"https:\\\/\\\/staging.rainforestfoundationuk.org\\\/what-you-can-do\\\/support-us\\\/regular-donation\\\/\",\"name\":\"Regular Donations - Staging Rainforest Foundation UK\",\"isPartOf\":{\"@id\":\"https:\\\/\\\/staging.rainforestfoundationuk.org\\\/#website\"},\"primaryImageOfPage\":{\"@id\":\"https:\\\/\\\/staging.rainforestfoundationuk.org\\\/what-you-can-do\\\/support-us\\\/regular-donation\\\/#primaryimage\"},\"image\":{\"@id\":\"https:\\\/\\\/staging.rainforestfoundationuk.org\\\/what-you-can-do\\\/support-us\\\/regular-donation\\\/#primaryimage\"},\"thumbnailUrl\":\"https:\\\/\\\/staging.rainforestfoundationuk.org\\\/wp-content\\\/uploads\\\/2021\\\/11\\\/299734ee-9295-4086-9d9e-806b106f5eb2.jpg\",\"datePublished\":\"2021-09-13T09:39:25+00:00\",\"dateModified\":\"2022-12-06T13:44:10+00:00\",\"breadcrumb\":{\"@id\":\"https:\\\/\\\/staging.rainforestfoundationuk.org\\\/what-you-can-do\\\/support-us\\\/regular-donation\\\/#breadcrumb\"},\"inLanguage\":\"fr-FR\",\"potentialAction\":[{\"@type\":\"ReadAction\",\"target\":[\"https:\\\/\\\/staging.rainforestfoundationuk.org\\\/what-you-can-do\\\/support-us\\\/regular-donation\\\/\"]}]},{\"@type\":\"ImageObject\",\"inLanguage\":\"fr-FR\",\"@id\":\"https:\\\/\\\/staging.rainforestfoundationuk.org\\\/what-you-can-do\\\/support-us\\\/regular-donation\\\/#primaryimage\",\"url\":\"https:\\\/\\\/staging.rainforestfoundationuk.org\\\/wp-content\\\/uploads\\\/2021\\\/11\\\/299734ee-9295-4086-9d9e-806b106f5eb2.jpg\",\"contentUrl\":\"https:\\\/\\\/staging.rainforestfoundationuk.org\\\/wp-content\\\/uploads\\\/2021\\\/11\\\/299734ee-9295-4086-9d9e-806b106f5eb2.jpg\",\"width\":403,\"height\":227},{\"@type\":\"BreadcrumbList\",\"@id\":\"https:\\\/\\\/staging.rainforestfoundationuk.org\\\/what-you-can-do\\\/support-us\\\/regular-donation\\\/#breadcrumb\",\"itemListElement\":[{\"@type\":\"ListItem\",\"position\":1,\"name\":\"Home\",\"item\":\"https:\\\/\\\/staging.rainforestfoundationuk.org\\\/\"},{\"@type\":\"ListItem\",\"position\":2,\"name\":\"What You Can Do\",\"item\":\"https:\\\/\\\/staging.rainforestfoundationuk.org\\\/what-you-can-do\\\/\"},{\"@type\":\"ListItem\",\"position\":3,\"name\":\"Support Us\",\"item\":\"https:\\\/\\\/staging.rainforestfoundationuk.org\\\/what-you-can-do\\\/support-us\\\/\"},{\"@type\":\"ListItem\",\"position\":4,\"name\":\"Regular Donations\"}]},{\"@type\":\"WebSite\",\"@id\":\"https:\\\/\\\/staging.rainforestfoundationuk.org\\\/#website\",\"url\":\"https:\\\/\\\/staging.rainforestfoundationuk.org\\\/\",\"name\":\"Rainforest Foundation UK\",\"description\":\"Securing lands, sustaining lives\",\"publisher\":{\"@id\":\"https:\\\/\\\/staging.rainforestfoundationuk.org\\\/#organization\"},\"potentialAction\":[{\"@type\":\"SearchAction\",\"target\":{\"@type\":\"EntryPoint\",\"urlTemplate\":\"https:\\\/\\\/staging.rainforestfoundationuk.org\\\/?s={search_term_string}\"},\"query-input\":{\"@type\":\"PropertyValueSpecification\",\"valueRequired\":true,\"valueName\":\"search_term_string\"}}],\"inLanguage\":\"fr-FR\"},{\"@type\":\"Organization\",\"@id\":\"https:\\\/\\\/staging.rainforestfoundationuk.org\\\/#organization\",\"name\":\"Rainforest Foundation UK\",\"url\":\"https:\\\/\\\/staging.rainforestfoundationuk.org\\\/\",\"logo\":{\"@type\":\"ImageObject\",\"inLanguage\":\"fr-FR\",\"@id\":\"https:\\\/\\\/staging.rainforestfoundationuk.org\\\/#\\\/schema\\\/logo\\\/image\\\/\",\"url\":\"https:\\\/\\\/staging.rainforestfoundationuk.org\\\/wp-content\\\/uploads\\\/2023\\\/08\\\/RFUK-logo-black.svg\",\"contentUrl\":\"https:\\\/\\\/staging.rainforestfoundationuk.org\\\/wp-content\\\/uploads\\\/2023\\\/08\\\/RFUK-logo-black.svg\",\"width\":1278,\"height\":332,\"caption\":\"Rainforest Foundation UK\"},\"image\":{\"@id\":\"https:\\\/\\\/staging.rainforestfoundationuk.org\\\/#\\\/schema\\\/logo\\\/image\\\/\"},\"sameAs\":[\"https:\\\/\\\/www.facebook.com\\\/rainforestfoundationuk\",\"https:\\\/\\\/x.com\\\/RFUK\",\"https:\\\/\\\/www.instagram.com\\\/rainforestfoundationuk\\\/\",\"https:\\\/\\\/www.youtube.com\\\/user\\\/theRFUK\"]}]}<\/script>\n<!-- \/ Yoast SEO plugin. -->","yoast_head_json":{"title":"Regular Donations - Staging Rainforest Foundation UK","robots":{"index":"noindex","follow":"follow","max-snippet":"max-snippet:-1","max-image-preview":"max-image-preview:large","max-video-preview":"max-video-preview:-1"},"og_locale":"fr_FR","og_type":"article","og_title":"Regular Donations - Staging Rainforest Foundation UK","og_description":"Supporting the Rainforest Foundation UK as a rainforest defender is the best way to support long term rainforest protection.","og_url":"https:\/\/staging.rainforestfoundationuk.org\/fr\/ce-que-vous-pouvez-faire\/support-us\/don-regulier\/","og_site_name":"Staging Rainforest Foundation UK","article_publisher":"https:\/\/www.facebook.com\/rainforestfoundationuk","article_modified_time":"2022-12-06T13:44:10+00:00","og_image":[{"width":403,"height":227,"url":"https:\/\/staging.rainforestfoundationuk.org\/wp-content\/uploads\/2021\/11\/299734ee-9295-4086-9d9e-806b106f5eb2.jpg","type":"image\/jpeg"}],"twitter_card":"summary_large_image","twitter_site":"@RFUK","twitter_misc":{"Dur\u00e9e de lecture estim\u00e9e":"2 minutes"},"schema":{"@context":"https:\/\/schema.org","@graph":[{"@type":"WebPage","@id":"https:\/\/staging.rainforestfoundationuk.org\/what-you-can-do\/support-us\/regular-donation\/","url":"https:\/\/staging.rainforestfoundationuk.org\/what-you-can-do\/support-us\/regular-donation\/","name":"Regular Donations - Staging Rainforest Foundation UK","isPartOf":{"@id":"https:\/\/staging.rainforestfoundationuk.org\/#website"},"primaryImageOfPage":{"@id":"https:\/\/staging.rainforestfoundationuk.org\/what-you-can-do\/support-us\/regular-donation\/#primaryimage"},"image":{"@id":"https:\/\/staging.rainforestfoundationuk.org\/what-you-can-do\/support-us\/regular-donation\/#primaryimage"},"thumbnailUrl":"https:\/\/staging.rainforestfoundationuk.org\/wp-content\/uploads\/2021\/11\/299734ee-9295-4086-9d9e-806b106f5eb2.jpg","datePublished":"2021-09-13T09:39:25+00:00","dateModified":"2022-12-06T13:44:10+00:00","breadcrumb":{"@id":"https:\/\/staging.rainforestfoundationuk.org\/what-you-can-do\/support-us\/regular-donation\/#breadcrumb"},"inLanguage":"fr-FR","potentialAction":[{"@type":"ReadAction","target":["https:\/\/staging.rainforestfoundationuk.org\/what-you-can-do\/support-us\/regular-donation\/"]}]},{"@type":"ImageObject","inLanguage":"fr-FR","@id":"https:\/\/staging.rainforestfoundationuk.org\/what-you-can-do\/support-us\/regular-donation\/#primaryimage","url":"https:\/\/staging.rainforestfoundationuk.org\/wp-content\/uploads\/2021\/11\/299734ee-9295-4086-9d9e-806b106f5eb2.jpg","contentUrl":"https:\/\/staging.rainforestfoundationuk.org\/wp-content\/uploads\/2021\/11\/299734ee-9295-4086-9d9e-806b106f5eb2.jpg","width":403,"height":227},{"@type":"BreadcrumbList","@id":"https:\/\/staging.rainforestfoundationuk.org\/what-you-can-do\/support-us\/regular-donation\/#breadcrumb","itemListElement":[{"@type":"ListItem","position":1,"name":"Home","item":"https:\/\/staging.rainforestfoundationuk.org\/"},{"@type":"ListItem","position":2,"name":"What You Can Do","item":"https:\/\/staging.rainforestfoundationuk.org\/what-you-can-do\/"},{"@type":"ListItem","position":3,"name":"Support Us","item":"https:\/\/staging.rainforestfoundationuk.org\/what-you-can-do\/support-us\/"},{"@type":"ListItem","position":4,"name":"Regular Donations"}]},{"@type":"WebSite","@id":"https:\/\/staging.rainforestfoundationuk.org\/#website","url":"https:\/\/staging.rainforestfoundationuk.org\/","name":"Rainforest Foundation UK","description":"S\u00e9curiser les terres, pr\u00e9server les vies","publisher":{"@id":"https:\/\/staging.rainforestfoundationuk.org\/#organization"},"potentialAction":[{"@type":"SearchAction","target":{"@type":"EntryPoint","urlTemplate":"https:\/\/staging.rainforestfoundationuk.org\/?s={search_term_string}"},"query-input":{"@type":"PropertyValueSpecification","valueRequired":true,"valueName":"search_term_string"}}],"inLanguage":"fr-FR"},{"@type":"Organization","@id":"https:\/\/staging.rainforestfoundationuk.org\/#organization","name":"Rainforest Foundation UK","url":"https:\/\/staging.rainforestfoundationuk.org\/","logo":{"@type":"ImageObject","inLanguage":"fr-FR","@id":"https:\/\/staging.rainforestfoundationuk.org\/#\/schema\/logo\/image\/","url":"https:\/\/staging.rainforestfoundationuk.org\/wp-content\/uploads\/2023\/08\/RFUK-logo-black.svg","contentUrl":"https:\/\/staging.rainforestfoundationuk.org\/wp-content\/uploads\/2023\/08\/RFUK-logo-black.svg","width":1278,"height":332,"caption":"Rainforest Foundation UK"},"image":{"@id":"https:\/\/staging.rainforestfoundationuk.org\/#\/schema\/logo\/image\/"},"sameAs":["https:\/\/www.facebook.com\/rainforestfoundationuk","https:\/\/x.com\/RFUK","https:\/\/www.instagram.com\/rainforestfoundationuk\/","https:\/\/www.youtube.com\/user\/theRFUK"]}]}},"_links":{"self":[{"href":"https:\/\/staging.rainforestfoundationuk.org\/fr\/wp-json\/wp\/v2\/pages\/209","targetHints":{"allow":["GET"]}}],"collection":[{"href":"https:\/\/staging.rainforestfoundationuk.org\/fr\/wp-json\/wp\/v2\/pages"}],"about":[{"href":"https:\/\/staging.rainforestfoundationuk.org\/fr\/wp-json\/wp\/v2\/types\/page"}],"author":[{"embeddable":true,"href":"https:\/\/staging.rainforestfoundationuk.org\/fr\/wp-json\/wp\/v2\/users\/2"}],"replies":[{"embeddable":true,"href":"https:\/\/staging.rainforestfoundationuk.org\/fr\/wp-json\/wp\/v2\/comments?post=209"}],"version-history":[{"count":5,"href":"https:\/\/staging.rainforestfoundationuk.org\/fr\/wp-json\/wp\/v2\/pages\/209\/revisions"}],"predecessor-version":[{"id":5369,"href":"https:\/\/staging.rainforestfoundationuk.org\/fr\/wp-json\/wp\/v2\/pages\/209\/revisions\/5369"}],"up":[{"embeddable":true,"href":"https:\/\/staging.rainforestfoundationuk.org\/fr\/wp-json\/wp\/v2\/pages\/207"}],"wp:featuredmedia":[{"embeddable":true,"href":"https:\/\/staging.rainforestfoundationuk.org\/fr\/wp-json\/wp\/v2\/media\/1615"}],"wp:attachment":[{"href":"https:\/\/staging.rainforestfoundationuk.org\/fr\/wp-json\/wp\/v2\/media?parent=209"}],"curies":[{"name":"wp","href":"https:\/\/api.w.org\/{rel}","templated":true}]}}