{"id":211,"date":"2021-09-13T09:39:40","date_gmt":"2021-09-13T09:39:40","guid":{"rendered":"https:\/\/staging.rainforestfoundationuk.org\/?page_id=211"},"modified":"2022-12-06T14:39:47","modified_gmt":"2022-12-06T14:39:47","slug":"don-unique","status":"publish","type":"page","link":"https:\/\/staging.rainforestfoundationuk.org\/fr\/ce-que-vous-pouvez-faire\/support-us\/don-unique\/","title":{"rendered":"Donation unique"},"content":{"rendered":"<h3>Soutenez notre travail en faisant un don unique aujourd'hui.<\/h3>\n\t\t\t\t<img decoding=\"async\" src=\"https:\/\/staging.rainforestfoundationuk.org\/wp-content\/uploads\/2021\/11\/e7089f33-aaa8-4223-951f-0c0c3d42e629.jpg\" alt=\"Une m\u00e8re et son enfant dans la communaut\u00e9 de Nzondo, Equateur, RDC. Nzondo est l&#039;une des nombreuses communaut\u00e9s qui sont en train de faire une demande pour une concession foresti\u00e8re de communautaire locale | Photo : Claire Parfondry, RFUK\" itemprop=\"image\" title=\"Une m\u00e8re et son enfant dans la communaut\u00e9 de Nzondo, Equateur, RDC. Nzondo est l&#039;une des nombreuses communaut\u00e9s qui sont en train de faire une demande pour une concession foresti\u00e8re de communautaire locale | Photo : Claire Parfondry, RFUK\" onerror=\"this.style.display='none'\"  \/>\n\t\t<h2>Donnez \u00a310<\/h2>\n\t\t<p>Soutenir les communaut\u00e9s pour qu'elles d\u00e9fendent leur for\u00eat tropicale.<\/p>\n\t\t\t<a href=\"https:\/\/rainforestfoundationuk.enthuse.com\/one-offdonation#!\/\" target=\"_blank\" role=\"button\" rel=\"noopener\">\n\t\t\t\t\t\t\tDonnez\n\t\t\t\t\t<\/a>\n\t\t\t\t<img decoding=\"async\" src=\"https:\/\/staging.rainforestfoundationuk.org\/wp-content\/uploads\/2021\/11\/95757f31-6886-4efb-9316-ffcf1933d3e5.jpg\" alt=\"95757f31-6886-4efb-9316-ffcf1933d3e5\" itemprop=\"image\" title=\"95757f31-6886-4efb-9316-ffcf1933d3e5\" onerror=\"this.style.display='none'\"  \/>\n\t\t<h2>Donnez \u00a325<\/h2>\n\t\t<p>Soutenir un enqu\u00eateur sous couverture pour recueillir les t\u00e9moignages des communaut\u00e9s foresti\u00e8res.<\/p>\n\t\t\t<a href=\"https:\/\/rainforestfoundationuk.enthuse.com\/one-offdonation#!\/\" target=\"_blank\" role=\"button\" rel=\"noopener\">\n\t\t\t\t\t\t\tDonnez\n\t\t\t\t\t<\/a>\n\t\t\t\t<img decoding=\"async\" src=\"https:\/\/staging.rainforestfoundationuk.org\/wp-content\/uploads\/2022\/09\/0f9d26ec-cf9d-4076-9ff3-6be13c93919f.jpg\" alt=\"0f9d26ec-cf9d-4076-9ff3-6be13c93919f\" itemprop=\"image\" title=\"0f9d26ec-cf9d-4076-9ff3-6be13c93919f\" onerror=\"this.style.display='none'\"  \/>\n\t\t<h2>Donnez \u00a350<\/h2>\n\t\t<p>Contribuer \u00e0 l'achat d'\u00e9quipements mobiles indispensables pour permettre aux communaut\u00e9s de prot\u00e9ger leurs terres contre l'exploitation ill\u00e9gale des for\u00eats.<\/p>\n\t\t\t<a href=\"https:\/\/rainforestfoundationuk.enthuse.com\/one-offdonation#!\/\" target=\"_blank\" role=\"button\" rel=\"noopener\">\n\t\t\t\t\t\t\tDonnez\n\t\t\t\t\t<\/a>\n\t\t\t\t<img decoding=\"async\" src=\"https:\/\/staging.rainforestfoundationuk.org\/wp-content\/uploads\/2021\/10\/livelihoods.jpg\" alt=\"moyens de subsistance\" itemprop=\"image\" title=\"moyens de subsistance\" onerror=\"this.style.display='none'\"  \/>\n\t\t<h2>Choisissez votre don<\/h2>\n\t\t<p>choisissez le montant que vous souhaitez donner<\/p>\n\t\t\t<a href=\"https:\/\/rainforestfoundationuk.enthuse.com\/one-offdonation#!\/\" target=\"_blank\" role=\"button\" rel=\"noopener\">\n\t\t\t\t\t\t\tDonnez\n\t\t\t\t\t<\/a>\n\t\t<h2>Dons de la CAF<\/h2>\n\t\t<p>Si vous souhaitez faire un don via un compte Caf, veuillez cliquer sur le lien ci-dessous<\/p>\n\t\t\t<a href=\"https:\/\/cafdonate.cafonline.org\/3490\" target=\"_blank\" role=\"button\" rel=\"noopener\">\n\t\t\t\t\t\t\tDons sur le compte de la CAF\n\t\t\t\t\t<\/a>\n\t\t<h2>DONS PAR LA POSTE ET AIDES AUX DONS<\/h2>\n<p class=\"translation-block\">Si vous pr\u00e9f\u00e9rez, vous pouvez \u00e9galement nous faire un don en t\u00e9l\u00e9chargeant notre <span style=\"color: #99cc00\"><a style=\"color: #99cc00\" href=\"https:\/\/staging.rainforestfoundationuk.org\/fr\/media\/3118caf7-fcb0-44d7-973f-1b949ec45b66\/\" target=\"_self\">formulaire de don ordinaire ici<\/a><\/span> et en l'envoyant par la poste (l'adresse et les instructions figurent sur le formulaire).<\/p>\n<p>Toutes nos options de dons offrent la possibilit\u00e9 d'utiliser Gift Aid, mais m\u00eame si vous ne l'avez pas s\u00e9lectionn\u00e9 \u00e0 l'\u00e9poque, vous pouvez toujours l'appliquer r\u00e9troactivement \u00e0 tous vos dons jusqu'\u00e0 4 ans en arri\u00e8re ! Il vous suffit de t\u00e9l\u00e9charger le formulaire ci-dessous et de nous le renvoyer par courrier \u00e9lectronique ou postal (instructions sur le formulaire).\u00a0<strong>augmentez la valeur de votre don par 25% sans frais suppl\u00e9mentaires !<\/strong><\/p>\n\t\t\t<a href=\"https:\/\/staging.rainforestfoundationuk.org\/wp-content\/uploads\/2022\/12\/Gift-Aid-Declaration-Dec-2022.pdf\" target=\"_blank\" role=\"button\" rel=\"noopener\">\n\t\t\t\t\t\t\tFAITES UN DON !\n\t\t\t\t\t<\/a>","protected":false},"excerpt":{"rendered":"<p>Soutenez notre travail en faisant un don unique aujourd'hui.<\/p>","protected":false},"author":2,"featured_media":1636,"parent":207,"menu_order":9,"comment_status":"closed","ping_status":"closed","template":"","meta":{"_acf_changed":false,"footnotes":""},"class_list":{"0":"post-211","1":"page","2":"type-page","3":"status-publish","4":"has-post-thumbnail","6":"no-featured-image-padding"},"acf":[],"yoast_head":"<!-- This site is optimized with the Yoast SEO plugin v27.4 - https:\/\/yoast.com\/product\/yoast-seo-wordpress\/ -->\n<title>One-off Donation - Staging Rainforest Foundation UK<\/title>\n<meta name=\"robots\" content=\"noindex, follow, max-snippet:-1, max-image-preview:large, max-video-preview:-1\" \/>\n<meta property=\"og:locale\" content=\"fr_FR\" \/>\n<meta property=\"og:type\" content=\"article\" \/>\n<meta property=\"og:title\" content=\"One-off Donation - Staging Rainforest Foundation UK\" \/>\n<meta property=\"og:description\" content=\"Support our work by making a one-time donation today\" \/>\n<meta property=\"og:url\" content=\"https:\/\/staging.rainforestfoundationuk.org\/fr\/ce-que-vous-pouvez-faire\/support-us\/don-unique\/\" \/>\n<meta property=\"og:site_name\" content=\"Staging Rainforest Foundation UK\" \/>\n<meta property=\"article:publisher\" content=\"https:\/\/www.facebook.com\/rainforestfoundationuk\" \/>\n<meta property=\"article:modified_time\" content=\"2022-12-06T14:39:47+00:00\" \/>\n<meta property=\"og:image\" content=\"https:\/\/staging.rainforestfoundationuk.org\/wp-content\/uploads\/2021\/11\/3b13836b-fc94-4cdb-9f6e-56f1517d8710.jpg\" \/>\n\t<meta property=\"og:image:width\" content=\"403\" \/>\n\t<meta property=\"og:image:height\" content=\"310\" \/>\n\t<meta property=\"og:image:type\" content=\"image\/jpeg\" \/>\n<meta name=\"twitter:card\" content=\"summary_large_image\" \/>\n<meta name=\"twitter:site\" content=\"@RFUK\" \/>\n<meta name=\"twitter:label1\" content=\"Dur\u00e9e de lecture estim\u00e9e\" \/>\n\t<meta name=\"twitter:data1\" content=\"2 minutes\" \/>\n<script type=\"application\/ld+json\" class=\"yoast-schema-graph\">{\"@context\":\"https:\\\/\\\/schema.org\",\"@graph\":[{\"@type\":\"WebPage\",\"@id\":\"https:\\\/\\\/staging.rainforestfoundationuk.org\\\/what-you-can-do\\\/support-us\\\/one-off-donation\\\/\",\"url\":\"https:\\\/\\\/staging.rainforestfoundationuk.org\\\/what-you-can-do\\\/support-us\\\/one-off-donation\\\/\",\"name\":\"One-off Donation - Staging Rainforest Foundation UK\",\"isPartOf\":{\"@id\":\"https:\\\/\\\/staging.rainforestfoundationuk.org\\\/#website\"},\"primaryImageOfPage\":{\"@id\":\"https:\\\/\\\/staging.rainforestfoundationuk.org\\\/what-you-can-do\\\/support-us\\\/one-off-donation\\\/#primaryimage\"},\"image\":{\"@id\":\"https:\\\/\\\/staging.rainforestfoundationuk.org\\\/what-you-can-do\\\/support-us\\\/one-off-donation\\\/#primaryimage\"},\"thumbnailUrl\":\"https:\\\/\\\/staging.rainforestfoundationuk.org\\\/wp-content\\\/uploads\\\/2021\\\/11\\\/3b13836b-fc94-4cdb-9f6e-56f1517d8710.jpg\",\"datePublished\":\"2021-09-13T09:39:40+00:00\",\"dateModified\":\"2022-12-06T14:39:47+00:00\",\"breadcrumb\":{\"@id\":\"https:\\\/\\\/staging.rainforestfoundationuk.org\\\/what-you-can-do\\\/support-us\\\/one-off-donation\\\/#breadcrumb\"},\"inLanguage\":\"fr-FR\",\"potentialAction\":[{\"@type\":\"ReadAction\",\"target\":[\"https:\\\/\\\/staging.rainforestfoundationuk.org\\\/what-you-can-do\\\/support-us\\\/one-off-donation\\\/\"]}]},{\"@type\":\"ImageObject\",\"inLanguage\":\"fr-FR\",\"@id\":\"https:\\\/\\\/staging.rainforestfoundationuk.org\\\/what-you-can-do\\\/support-us\\\/one-off-donation\\\/#primaryimage\",\"url\":\"https:\\\/\\\/staging.rainforestfoundationuk.org\\\/wp-content\\\/uploads\\\/2021\\\/11\\\/3b13836b-fc94-4cdb-9f6e-56f1517d8710.jpg\",\"contentUrl\":\"https:\\\/\\\/staging.rainforestfoundationuk.org\\\/wp-content\\\/uploads\\\/2021\\\/11\\\/3b13836b-fc94-4cdb-9f6e-56f1517d8710.jpg\",\"width\":403,\"height\":310},{\"@type\":\"BreadcrumbList\",\"@id\":\"https:\\\/\\\/staging.rainforestfoundationuk.org\\\/what-you-can-do\\\/support-us\\\/one-off-donation\\\/#breadcrumb\",\"itemListElement\":[{\"@type\":\"ListItem\",\"position\":1,\"name\":\"Home\",\"item\":\"https:\\\/\\\/staging.rainforestfoundationuk.org\\\/\"},{\"@type\":\"ListItem\",\"position\":2,\"name\":\"What You Can Do\",\"item\":\"https:\\\/\\\/staging.rainforestfoundationuk.org\\\/what-you-can-do\\\/\"},{\"@type\":\"ListItem\",\"position\":3,\"name\":\"Support Us\",\"item\":\"https:\\\/\\\/staging.rainforestfoundationuk.org\\\/what-you-can-do\\\/support-us\\\/\"},{\"@type\":\"ListItem\",\"position\":4,\"name\":\"One-off Donation\"}]},{\"@type\":\"WebSite\",\"@id\":\"https:\\\/\\\/staging.rainforestfoundationuk.org\\\/#website\",\"url\":\"https:\\\/\\\/staging.rainforestfoundationuk.org\\\/\",\"name\":\"Rainforest Foundation UK\",\"description\":\"Securing lands, sustaining lives\",\"publisher\":{\"@id\":\"https:\\\/\\\/staging.rainforestfoundationuk.org\\\/#organization\"},\"potentialAction\":[{\"@type\":\"SearchAction\",\"target\":{\"@type\":\"EntryPoint\",\"urlTemplate\":\"https:\\\/\\\/staging.rainforestfoundationuk.org\\\/?s={search_term_string}\"},\"query-input\":{\"@type\":\"PropertyValueSpecification\",\"valueRequired\":true,\"valueName\":\"search_term_string\"}}],\"inLanguage\":\"fr-FR\"},{\"@type\":\"Organization\",\"@id\":\"https:\\\/\\\/staging.rainforestfoundationuk.org\\\/#organization\",\"name\":\"Rainforest Foundation UK\",\"url\":\"https:\\\/\\\/staging.rainforestfoundationuk.org\\\/\",\"logo\":{\"@type\":\"ImageObject\",\"inLanguage\":\"fr-FR\",\"@id\":\"https:\\\/\\\/staging.rainforestfoundationuk.org\\\/#\\\/schema\\\/logo\\\/image\\\/\",\"url\":\"https:\\\/\\\/staging.rainforestfoundationuk.org\\\/wp-content\\\/uploads\\\/2023\\\/08\\\/RFUK-logo-black.svg\",\"contentUrl\":\"https:\\\/\\\/staging.rainforestfoundationuk.org\\\/wp-content\\\/uploads\\\/2023\\\/08\\\/RFUK-logo-black.svg\",\"width\":1278,\"height\":332,\"caption\":\"Rainforest Foundation UK\"},\"image\":{\"@id\":\"https:\\\/\\\/staging.rainforestfoundationuk.org\\\/#\\\/schema\\\/logo\\\/image\\\/\"},\"sameAs\":[\"https:\\\/\\\/www.facebook.com\\\/rainforestfoundationuk\",\"https:\\\/\\\/x.com\\\/RFUK\",\"https:\\\/\\\/www.instagram.com\\\/rainforestfoundationuk\\\/\",\"https:\\\/\\\/www.youtube.com\\\/user\\\/theRFUK\"]}]}<\/script>\n<!-- \/ Yoast SEO plugin. -->","yoast_head_json":{"title":"One-off Donation - Staging Rainforest Foundation UK","robots":{"index":"noindex","follow":"follow","max-snippet":"max-snippet:-1","max-image-preview":"max-image-preview:large","max-video-preview":"max-video-preview:-1"},"og_locale":"fr_FR","og_type":"article","og_title":"One-off Donation - Staging Rainforest Foundation UK","og_description":"Support our work by making a one-time donation today","og_url":"https:\/\/staging.rainforestfoundationuk.org\/fr\/ce-que-vous-pouvez-faire\/support-us\/don-unique\/","og_site_name":"Staging Rainforest Foundation UK","article_publisher":"https:\/\/www.facebook.com\/rainforestfoundationuk","article_modified_time":"2022-12-06T14:39:47+00:00","og_image":[{"width":403,"height":310,"url":"https:\/\/staging.rainforestfoundationuk.org\/wp-content\/uploads\/2021\/11\/3b13836b-fc94-4cdb-9f6e-56f1517d8710.jpg","type":"image\/jpeg"}],"twitter_card":"summary_large_image","twitter_site":"@RFUK","twitter_misc":{"Dur\u00e9e de lecture estim\u00e9e":"2 minutes"},"schema":{"@context":"https:\/\/schema.org","@graph":[{"@type":"WebPage","@id":"https:\/\/staging.rainforestfoundationuk.org\/what-you-can-do\/support-us\/one-off-donation\/","url":"https:\/\/staging.rainforestfoundationuk.org\/what-you-can-do\/support-us\/one-off-donation\/","name":"One-off Donation - Staging Rainforest Foundation UK","isPartOf":{"@id":"https:\/\/staging.rainforestfoundationuk.org\/#website"},"primaryImageOfPage":{"@id":"https:\/\/staging.rainforestfoundationuk.org\/what-you-can-do\/support-us\/one-off-donation\/#primaryimage"},"image":{"@id":"https:\/\/staging.rainforestfoundationuk.org\/what-you-can-do\/support-us\/one-off-donation\/#primaryimage"},"thumbnailUrl":"https:\/\/staging.rainforestfoundationuk.org\/wp-content\/uploads\/2021\/11\/3b13836b-fc94-4cdb-9f6e-56f1517d8710.jpg","datePublished":"2021-09-13T09:39:40+00:00","dateModified":"2022-12-06T14:39:47+00:00","breadcrumb":{"@id":"https:\/\/staging.rainforestfoundationuk.org\/what-you-can-do\/support-us\/one-off-donation\/#breadcrumb"},"inLanguage":"fr-FR","potentialAction":[{"@type":"ReadAction","target":["https:\/\/staging.rainforestfoundationuk.org\/what-you-can-do\/support-us\/one-off-donation\/"]}]},{"@type":"ImageObject","inLanguage":"fr-FR","@id":"https:\/\/staging.rainforestfoundationuk.org\/what-you-can-do\/support-us\/one-off-donation\/#primaryimage","url":"https:\/\/staging.rainforestfoundationuk.org\/wp-content\/uploads\/2021\/11\/3b13836b-fc94-4cdb-9f6e-56f1517d8710.jpg","contentUrl":"https:\/\/staging.rainforestfoundationuk.org\/wp-content\/uploads\/2021\/11\/3b13836b-fc94-4cdb-9f6e-56f1517d8710.jpg","width":403,"height":310},{"@type":"BreadcrumbList","@id":"https:\/\/staging.rainforestfoundationuk.org\/what-you-can-do\/support-us\/one-off-donation\/#breadcrumb","itemListElement":[{"@type":"ListItem","position":1,"name":"Home","item":"https:\/\/staging.rainforestfoundationuk.org\/"},{"@type":"ListItem","position":2,"name":"What You Can Do","item":"https:\/\/staging.rainforestfoundationuk.org\/what-you-can-do\/"},{"@type":"ListItem","position":3,"name":"Support Us","item":"https:\/\/staging.rainforestfoundationuk.org\/what-you-can-do\/support-us\/"},{"@type":"ListItem","position":4,"name":"One-off Donation"}]},{"@type":"WebSite","@id":"https:\/\/staging.rainforestfoundationuk.org\/#website","url":"https:\/\/staging.rainforestfoundationuk.org\/","name":"Rainforest Foundation UK","description":"S\u00e9curiser les terres, pr\u00e9server les vies","publisher":{"@id":"https:\/\/staging.rainforestfoundationuk.org\/#organization"},"potentialAction":[{"@type":"SearchAction","target":{"@type":"EntryPoint","urlTemplate":"https:\/\/staging.rainforestfoundationuk.org\/?s={search_term_string}"},"query-input":{"@type":"PropertyValueSpecification","valueRequired":true,"valueName":"search_term_string"}}],"inLanguage":"fr-FR"},{"@type":"Organization","@id":"https:\/\/staging.rainforestfoundationuk.org\/#organization","name":"Rainforest Foundation UK","url":"https:\/\/staging.rainforestfoundationuk.org\/","logo":{"@type":"ImageObject","inLanguage":"fr-FR","@id":"https:\/\/staging.rainforestfoundationuk.org\/#\/schema\/logo\/image\/","url":"https:\/\/staging.rainforestfoundationuk.org\/wp-content\/uploads\/2023\/08\/RFUK-logo-black.svg","contentUrl":"https:\/\/staging.rainforestfoundationuk.org\/wp-content\/uploads\/2023\/08\/RFUK-logo-black.svg","width":1278,"height":332,"caption":"Rainforest Foundation UK"},"image":{"@id":"https:\/\/staging.rainforestfoundationuk.org\/#\/schema\/logo\/image\/"},"sameAs":["https:\/\/www.facebook.com\/rainforestfoundationuk","https:\/\/x.com\/RFUK","https:\/\/www.instagram.com\/rainforestfoundationuk\/","https:\/\/www.youtube.com\/user\/theRFUK"]}]}},"_links":{"self":[{"href":"https:\/\/staging.rainforestfoundationuk.org\/fr\/wp-json\/wp\/v2\/pages\/211","targetHints":{"allow":["GET"]}}],"collection":[{"href":"https:\/\/staging.rainforestfoundationuk.org\/fr\/wp-json\/wp\/v2\/pages"}],"about":[{"href":"https:\/\/staging.rainforestfoundationuk.org\/fr\/wp-json\/wp\/v2\/types\/page"}],"author":[{"embeddable":true,"href":"https:\/\/staging.rainforestfoundationuk.org\/fr\/wp-json\/wp\/v2\/users\/2"}],"replies":[{"embeddable":true,"href":"https:\/\/staging.rainforestfoundationuk.org\/fr\/wp-json\/wp\/v2\/comments?post=211"}],"version-history":[{"count":5,"href":"https:\/\/staging.rainforestfoundationuk.org\/fr\/wp-json\/wp\/v2\/pages\/211\/revisions"}],"predecessor-version":[{"id":5372,"href":"https:\/\/staging.rainforestfoundationuk.org\/fr\/wp-json\/wp\/v2\/pages\/211\/revisions\/5372"}],"up":[{"embeddable":true,"href":"https:\/\/staging.rainforestfoundationuk.org\/fr\/wp-json\/wp\/v2\/pages\/207"}],"wp:featuredmedia":[{"embeddable":true,"href":"https:\/\/staging.rainforestfoundationuk.org\/fr\/wp-json\/wp\/v2\/media\/1636"}],"wp:attachment":[{"href":"https:\/\/staging.rainforestfoundationuk.org\/fr\/wp-json\/wp\/v2\/media?parent=211"}],"curies":[{"name":"wp","href":"https:\/\/api.w.org\/{rel}","templated":true}]}}